{"id":9883,"date":"2023-05-24T11:58:15","date_gmt":"2023-05-24T09:58:15","guid":{"rendered":"https:\/\/rigazoo.lv\/?page_id=9883"},"modified":"2023-10-10T10:56:02","modified_gmt":"2023-10-10T08:56:02","slug":"various","status":"publish","type":"page","link":"https:\/\/rigazoo.lv\/en\/various\/","title":{"rendered":"Various"},"content":{"rendered":"\n<h2 class=\"wp-block-heading\">Documents<\/h2>\n\n\n\n<figure class=\"wp-block-table\"><table class=\"has-fixed-layout\"><tbody><tr><td><a href=\"https:\/\/rigazoo.lv\/wp-content\/uploads\/2023\/05\/RigaZOO_Statuti.pdf\" target=\"_blank\" rel=\"noreferrer noopener\">R\u012bgas Nacion\u0101l\u0101 zoolo\u0123isk\u0101 d\u0101rza stat\u016bti<\/a><\/td><\/tr><tr><td><a href=\"https:\/\/rigazoo.lv\/wp-content\/uploads\/2023\/05\/RigaZOO_etikas_kodekss.pdf\" target=\"_blank\" rel=\"noreferrer noopener\">R\u012bgas Nacion\u0101l\u0101 zoolo\u0123isk\u0101 d\u0101rza \u0113tikas kodekss<\/a><\/td><\/tr><tr><td><a href=\"https:\/\/rigazoo.lv\/wp-content\/uploads\/2023\/05\/RigaZOO_etikas_komisijas_nolikums.pdf\" target=\"_blank\" rel=\"noreferrer noopener\">R\u012bgas Nacion\u0101l\u0101 zoolo\u0123isk\u0101 d\u0101rza \u0113tikas komisijas nolikums<\/a><\/td><\/tr><tr><td><a href=\"https:\/\/rigazoo.lv\/wp-content\/uploads\/2023\/09\/RigaZOO_sazina.pdf\" target=\"_blank\" rel=\"noreferrer noopener\">R\u012bgas Nacion\u0101l\u0101 zoolo\u0123isk\u0101 d\u0101rza vad\u012bba<\/a><\/td><\/tr><tr><td><a href=\"https:\/\/rigazoo.lv\/wp-content\/uploads\/2023\/05\/RigaZOO_struktura-2.pdf\" target=\"_blank\" rel=\"noreferrer noopener\">R\u012bgas Nacion\u0101l\u0101 zoolo\u0123isk\u0101 d\u0101rza strukt\u016bra<\/a><\/td><\/tr><tr><td><a href=\"https:\/\/rigazoo.lv\/wp-content\/uploads\/2023\/05\/RigaZOO_valdes_reglaments.pdf\" target=\"_blank\" rel=\"noreferrer noopener\">R\u012bgas Nacion\u0101l\u0101 zoolo\u0123isk\u0101 d\u0101rza valdes reglaments<\/a><\/td><\/tr><tr><td><a href=\"https:\/\/rigazoo.lv\/wp-content\/uploads\/2023\/05\/RigaZOO_Risku_parvaldibas_ieksejas_kontroles_vides_un_atbilstibas_politika.pdf\" target=\"_blank\" rel=\"noreferrer noopener\">Risku p\u0101rvald\u012bbas, iek\u0161\u0113j\u0101s kontroles vides un atbilst\u012bbas politika<\/a><\/td><\/tr><tr><td><a href=\"https:\/\/rigazoo.lv\/wp-content\/uploads\/2023\/05\/RigaZOO_PersonalaPolitika.pdf\" target=\"_blank\" rel=\"noreferrer noopener\">R\u012bgas Nacion\u0101l\u0101 zoolo\u0123isk\u0101 d\u0101rza person\u0101la politika<\/a><\/td><\/tr><tr><td><a href=\"https:\/\/rigazoo.lv\/wp-content\/uploads\/2023\/05\/RigaZOO_Nekustama_ipasuma_iznomasanas_kartba.pdf\" target=\"_blank\" rel=\"noreferrer noopener\">R\u012bgas Nacion\u0101l\u0101 zoolo\u0123isk\u0101 d\u0101rza nekustam\u0101 \u012bpa\u0161uma iznom\u0101\u0161anas un nekustam\u0101 \u012bpa\u0161uma nom\u0101\u0161anas k\u0101rt\u012bba<\/a><\/td><\/tr><tr><td><a href=\"https:\/\/rigazoo.lv\/wp-content\/uploads\/2023\/05\/RigaZOO_kartiba_komercnoslepums.pdf\" target=\"_blank\" rel=\"noreferrer noopener\">R\u012bgas Nacion\u0101l\u0101 zoolo\u0123isk\u0101 d\u0101rza k\u0101rt\u012bba darbam ar komercnosl\u0113pumu<\/a><\/td><\/tr><tr><td><a href=\"https:\/\/rigazoo.lv\/wp-content\/uploads\/2023\/05\/RigaZOO_valsts_pasvaldibas_finansejums_2021-2022.pdf\" target=\"_blank\" rel=\"noreferrer noopener\">R\u012bgas Nacion\u0101l\u0101 zoolo\u0123isk\u0101 d\u0101rza veikt\u0101s iemaksas un sa\u0146emtais finans\u0113jumu no valsts \/ pa\u0161vald\u012bbas bud\u017eeta<\/a><\/td><\/tr><tr><td><a href=\"https:\/\/rigazoo.lv\/wp-content\/uploads\/2023\/05\/RigaZOO_strategija2019-2022.pdf\" target=\"_blank\" rel=\"noreferrer noopener\">R\u012bgas Nacion\u0101l\u0101 zoolo\u0123isk\u0101 d\u0101rza strat\u0113\u0123ija 2019-2022<\/a><\/td><\/tr><tr><td><a href=\"https:\/\/rigazoo.lv\/wp-content\/uploads\/2023\/05\/RNZD_Masterplans_2035-1.pdf\" target=\"_blank\" rel=\"noreferrer noopener\">R\u012bgas Nacion\u0101l\u0101 zoolo\u0123isk\u0101 d\u0101rza strat\u0113\u0123ija \u201cMasterplan 2035\u201d<\/a><\/td><\/tr><tr><td><a href=\"https:\/\/rigazoo.lv\/wp-content\/uploads\/2023\/05\/RigaZOO_piemaksas.pdf\" target=\"_blank\" rel=\"noreferrer noopener\">R\u012bgas Nacion\u0101lais zoolo\u0123iskais d\u0101rzs: Inform\u0101cijas par piemaks\u0101m, pr\u0113mij\u0101m, naudas balv\u0101m, soci\u0101laj\u0101m garantij\u0101m un to noteik\u0161anas krit\u0113rijiem instit\u016bcij\u0101<\/a><\/td><\/tr><tr><td><a href=\"https:\/\/rigazoo.lv\/wp-content\/uploads\/2023\/05\/RNZD_datu_aizsardzibas_politika.pdf\" target=\"_blank\" rel=\"noreferrer noopener\">R\u012bgas Nacion\u0101lais zoolo\u0123iskais d\u0101rzs:&nbsp;datu aizsardz\u012bbas&nbsp; politika<\/a><\/td><\/tr><tr><td><a href=\"https:\/\/rigazoo.lv\/wp-content\/uploads\/2023\/05\/RigaZOO_korporativas_parvaldibasstruktura.pdf\" target=\"_blank\" rel=\"noreferrer noopener\">R\u012bgas Nacion\u0101lais zoolo\u0123iskais d\u0101rzs: korporat\u012bv\u0101s p\u0101rvald\u012bbas strukt\u016bra<\/a><\/td><\/tr><tr><td><a href=\"https:\/\/rigazoo.lv\/wp-content\/uploads\/2023\/05\/Delegesanas_ligums_ZOO_Pasvaldiba_2021.pdf\" target=\"_blank\" rel=\"noreferrer noopener\">R\u012bgas Nacion\u0101lais zoolo\u0123iskais d\u0101rzs: p\u0101rvaldes uzdevumu dele\u0123\u0113\u0161anas l\u012bgums<\/a><\/td><\/tr><tr><td><a href=\"https:\/\/rigazoo.lv\/wp-content\/uploads\/2023\/05\/Parskata_zinojums_DL_izpilde_2021.pdf\" target=\"_blank\" rel=\"noreferrer noopener\">R\u012bgas Nacion\u0101lais zoolo\u0123iskais d\u0101rzs: p\u0101rskata zi\u0146ojums par&nbsp;dele\u0123\u0113\u0161anas l\u012bguma izpildi 2021. gad\u0101<\/a><\/td><\/tr><tr><td><a href=\"https:\/\/rigazoo.lv\/wp-content\/uploads\/2023\/05\/RigaZOO_DL_izpildes_parskats_2022.pdf\" target=\"_blank\" rel=\"noreferrer noopener\">R\u012bgas Nacion\u0101lais zoolo\u0123iskais d\u0101rzs: p\u0101rskata zi\u0146ojums par&nbsp;dele\u0123\u0113\u0161anas l\u012bguma izpildi 2022. gad\u0101<\/a><\/td><\/tr><tr><td><a href=\"https:\/\/rigazoo.lv\/wp-content\/uploads\/2023\/05\/Parskats-par-RigaZoo-vadoso-darbinieku-atlasi-2022_gada.pdf\" target=\"_blank\" rel=\"noreferrer noopener\">R\u012bgas Nacion\u0101lais zoolo\u0123iskais d\u0101rzs: p\u0101rskats par vado\u0161o darbinieku atlasi 2022. gad\u0101<\/a><\/td><\/tr><\/tbody><\/table><\/figure>\n\n\n\n<h2 class=\"wp-block-heading\"><strong>Members session\/emergency meeting<\/strong><\/h2>\n\n\n\n<figure class=\"wp-block-table\"><table><tbody><tr><td><a href=\"https:\/\/rigazoo.lv\/wp-content\/uploads\/2023\/08\/2023_DS_lemumi_web_publicesanai.pdf\" target=\"_blank\" rel=\"noreferrer noopener\">Dal\u012bbnieka sapulces 2023. gad\u0101<\/a><\/td><\/tr><tr><td><a href=\"https:\/\/rigazoo.lv\/wp-content\/uploads\/2023\/05\/RigaZOO_dalibniekusap_2022.pdf\" target=\"_blank\" rel=\"noreferrer noopener\">Dal\u012bbnieka sapulces 2022. gad\u0101<\/a><\/td><\/tr><tr><td><a href=\"https:\/\/rigazoo.lv\/wp-content\/uploads\/2023\/05\/RigaZOO_dalibniekusap_2021.pdf\" target=\"_blank\" rel=\"noreferrer noopener\">Dal\u012bbnieka&nbsp;sapulces 2021. gad\u0101<\/a><\/td><\/tr><tr><td><a href=\"https:\/\/rigazoo.lv\/wp-content\/uploads\/2023\/05\/RigaZOO_dalibniekusap_2020.pdf\" target=\"_blank\" rel=\"noreferrer noopener\">Dal\u012bbnieka sapulces 2020. gad\u0101<\/a><\/td><\/tr><tr><td><a href=\"https:\/\/rigazoo.lv\/wp-content\/uploads\/2023\/05\/RigaZOO_dalibniekusap_2019.pdf\" target=\"_blank\" rel=\"noreferrer noopener\">Dal\u012bbnieka sapulces 2019. gad\u0101<\/a><\/td><\/tr><\/tbody><\/table><\/figure>\n\n\n\n<h2 class=\"wp-block-heading\"><strong>Anti-corruption measures<\/strong><\/h2>\n\n\n\n<figure class=\"wp-block-table\"><table><tbody><tr><td><a href=\"https:\/\/rigazoo.lv\/wp-content\/uploads\/2023\/05\/RigaZOO_Pretkorupcijas_plana_2022-2025_izpildes_parskats_2022.pdf\" target=\"_blank\" rel=\"noreferrer noopener\">R\u012bgas pils\u0113tas pa\u0161vald\u012bbas pretkorupcijas strat\u0113\u0123ijas 2022.-2025.gadam&nbsp;izpilde p\u0101rskats 2022<\/a><\/td><\/tr><tr><td><a href=\"https:\/\/rigazoo.lv\/wp-content\/uploads\/2023\/05\/RigaZOO_Pretkorupcijas_plana_2018-2021_izpildes_parskats.pdf\" target=\"_blank\" rel=\"noreferrer noopener\">R\u012bgas pils\u0113tas pa\u0161vald\u012bbas pretkorupcijas strat\u0113\u0123ijas 2018.-2021.gadam&nbsp;izpilde p\u0101rskats 2018 &#8211; 2021<\/a><\/td><\/tr><\/tbody><\/table><\/figure>\n\n\n\n<h2 class=\"wp-block-heading\"><strong>Whistleblowing<\/strong><\/h2>\n\n\n\n<figure class=\"wp-block-table\"><table><tbody><tr><td><a href=\"https:\/\/rigazoo.lv\/wp-content\/uploads\/2023\/05\/RigaZOO_IeksejaTrauksmesCelsanasSistema.pdf\" target=\"_blank\" rel=\"noreferrer noopener\">R\u012bgas Nacion\u0101l\u0101 zoolo\u0123isk\u0101 d\u0101rza iek\u0161\u0113j\u0101 trauksmes cel\u0161anas sist\u0113ma<\/a><\/td><\/tr><tr><td><a href=\"https:\/\/rigazoo.lv\/wp-content\/uploads\/2023\/05\/RigaZOO_Info_TrauksmesCelejiem.pdf\" target=\"_blank\" rel=\"noreferrer noopener\">Inform\u0101cija trauksmes c\u0113l\u0113jiem<\/a><\/td><\/tr><tr><td><a href=\"https:\/\/rigazoo.lv\/wp-content\/uploads\/2023\/05\/trauksmes_celeja_zinojuma_veidlapa.docx\" target=\"_blank\" rel=\"noreferrer noopener\">Trauksmes c\u0113l\u0113ja zi\u0146ojuma veidlapa<\/a><\/td><\/tr><\/tbody><\/table><\/figure>\n\n\n\n<h2 class=\"wp-block-heading\"><strong>Achieving the financial and non-financial goals set by the capital company&#8217;s medium-term operating strategy<\/strong><\/h2>\n\n\n\n<figure class=\"wp-block-table\"><table><tbody><tr><td><a href=\"https:\/\/rigazoo.lv\/wp-content\/uploads\/2023\/05\/RigaZOO_Nefinansu_merki_izpildes_parskats_2022.pdf\" target=\"_blank\" rel=\"noreferrer noopener\">2022<\/a><\/td><\/tr><tr><td><a href=\"https:\/\/rigazoo.lv\/wp-content\/uploads\/2023\/05\/RNZD_strategisko_nefinansu_merku_sasniegsanas_parskats_2021_12M.pdf\" target=\"_blank\" rel=\"noreferrer noopener\">2021<\/a><\/td><\/tr><tr><td><a href=\"https:\/\/rigazoo.lv\/wp-content\/uploads\/2023\/05\/RNZD_strategisko_nefinansu_merku_sasniegsanas_parskats_2020.pdf\" target=\"_blank\" rel=\"noreferrer noopener\">2020<\/a><\/td><\/tr><tr><td><a href=\"https:\/\/rigazoo.lv\/wp-content\/uploads\/2023\/05\/RigaZOO_nefinmerki19.pdf\">2019<\/a><\/td><\/tr><tr><td><a href=\"https:\/\/rigazoo.lv\/wp-content\/uploads\/2023\/05\/RigaZOO_nefinmerki18.pdf\" target=\"_blank\" rel=\"noreferrer noopener\">2018<\/a><\/td><\/tr><tr><td><a href=\"https:\/\/rigazoo.lv\/wp-content\/uploads\/2023\/05\/RigaZOO_nefinmerki17.pdf\" target=\"_blank\" rel=\"noreferrer noopener\">2017<\/a><\/td><\/tr><tr><td><a href=\"https:\/\/rigazoo.lv\/wp-content\/uploads\/2023\/05\/RigaZOO_nefinmerki16.pdf\" target=\"_blank\" rel=\"noreferrer noopener\">2016<\/a><\/td><\/tr><tr><td><a href=\"https:\/\/rigazoo.lv\/wp-content\/uploads\/2023\/05\/RigaZOO_nefinmerki15.pdf\" target=\"_blank\" rel=\"noreferrer noopener\">2015<\/a><\/td><\/tr><\/tbody><\/table><\/figure>\n","protected":false},"excerpt":{"rendered":"<p>Documents R\u012bgas Nacion\u0101l\u0101 zoolo\u0123isk\u0101 d\u0101rza stat\u016bti R\u012bgas Nacion\u0101l\u0101 zoolo\u0123isk\u0101 d\u0101rza \u0113tikas kodekss R\u012bgas Nacion\u0101l\u0101 zoolo\u0123isk\u0101 d\u0101rza \u0113tikas komisijas nolikums R\u012bgas Nacion\u0101l\u0101 zoolo\u0123isk\u0101 d\u0101rza vad\u012bba R\u012bgas Nacion\u0101l\u0101 zoolo\u0123isk\u0101 d\u0101rza strukt\u016bra R\u012bgas Nacion\u0101l\u0101 zoolo\u0123isk\u0101 d\u0101rza valdes reglaments Risku p\u0101rvald\u012bbas, iek\u0161\u0113j\u0101s kontroles vides un atbilst\u012bbas politika R\u012bgas Nacion\u0101l\u0101 zoolo\u0123isk\u0101 d\u0101rza person\u0101la politika R\u012bgas Nacion\u0101l\u0101 zoolo\u0123isk\u0101 d\u0101rza nekustam\u0101 \u012bpa\u0161uma [&hellip;]<\/p>\n","protected":false},"author":1,"featured_media":0,"parent":0,"menu_order":0,"comment_status":"closed","ping_status":"closed","template":"","meta":{"_acf_changed":false,"_editorskit_title_hidden":false,"_editorskit_reading_time":0,"_editorskit_is_block_options_detached":false,"_editorskit_block_options_position":"{}","inline_featured_image":false,"footnotes":""},"class_list":["post-9883","page","type-page","status-publish","hentry"],"acf":[],"yoast_head":"<!-- This site is optimized with the Yoast SEO plugin v27.4 - https:\/\/yoast.com\/product\/yoast-seo-wordpress\/ -->\n<title>Various - Zoo<\/title>\n<meta name=\"robots\" content=\"index, follow, max-snippet:-1, max-image-preview:large, max-video-preview:-1\" \/>\n<link rel=\"canonical\" href=\"https:\/\/rigazoo.lv\/en\/various\/\" \/>\n<meta property=\"og:locale\" content=\"en_US\" \/>\n<meta property=\"og:type\" content=\"article\" \/>\n<meta property=\"og:title\" content=\"Various - Zoo\" \/>\n<meta property=\"og:description\" content=\"Documents R\u012bgas Nacion\u0101l\u0101 zoolo\u0123isk\u0101 d\u0101rza stat\u016bti R\u012bgas Nacion\u0101l\u0101 zoolo\u0123isk\u0101 d\u0101rza \u0113tikas kodekss R\u012bgas Nacion\u0101l\u0101 zoolo\u0123isk\u0101 d\u0101rza \u0113tikas komisijas nolikums R\u012bgas Nacion\u0101l\u0101 zoolo\u0123isk\u0101 d\u0101rza vad\u012bba R\u012bgas Nacion\u0101l\u0101 zoolo\u0123isk\u0101 d\u0101rza strukt\u016bra R\u012bgas Nacion\u0101l\u0101 zoolo\u0123isk\u0101 d\u0101rza valdes reglaments Risku p\u0101rvald\u012bbas, iek\u0161\u0113j\u0101s kontroles vides un atbilst\u012bbas politika R\u012bgas Nacion\u0101l\u0101 zoolo\u0123isk\u0101 d\u0101rza person\u0101la politika R\u012bgas Nacion\u0101l\u0101 zoolo\u0123isk\u0101 d\u0101rza nekustam\u0101 \u012bpa\u0161uma [&hellip;]\" \/>\n<meta property=\"og:url\" content=\"https:\/\/rigazoo.lv\/en\/various\/\" \/>\n<meta property=\"og:site_name\" content=\"Zoo\" \/>\n<meta property=\"article:modified_time\" content=\"2023-10-10T08:56:02+00:00\" \/>\n<meta name=\"twitter:card\" content=\"summary_large_image\" \/>\n<meta name=\"twitter:label1\" content=\"Est. reading time\" \/>\n\t<meta name=\"twitter:data1\" content=\"2 minutes\" \/>\n<script type=\"application\/ld+json\" class=\"yoast-schema-graph\">{\"@context\":\"https:\\\/\\\/schema.org\",\"@graph\":[{\"@type\":\"WebPage\",\"@id\":\"https:\\\/\\\/rigazoo.lv\\\/en\\\/various\\\/\",\"url\":\"https:\\\/\\\/rigazoo.lv\\\/en\\\/various\\\/\",\"name\":\"Various - Zoo\",\"isPartOf\":{\"@id\":\"https:\\\/\\\/rigazoo.lv\\\/en\\\/#website\"},\"datePublished\":\"2023-05-24T09:58:15+00:00\",\"dateModified\":\"2023-10-10T08:56:02+00:00\",\"breadcrumb\":{\"@id\":\"https:\\\/\\\/rigazoo.lv\\\/en\\\/various\\\/#breadcrumb\"},\"inLanguage\":\"en-US\",\"potentialAction\":[{\"@type\":\"ReadAction\",\"target\":[\"https:\\\/\\\/rigazoo.lv\\\/en\\\/various\\\/\"]}]},{\"@type\":\"BreadcrumbList\",\"@id\":\"https:\\\/\\\/rigazoo.lv\\\/en\\\/various\\\/#breadcrumb\",\"itemListElement\":[{\"@type\":\"ListItem\",\"position\":1,\"name\":\"S\u0101kums\",\"item\":\"https:\\\/\\\/rigazoo.lv\\\/en\\\/\"},{\"@type\":\"ListItem\",\"position\":2,\"name\":\"Various\"}]},{\"@type\":\"WebSite\",\"@id\":\"https:\\\/\\\/rigazoo.lv\\\/en\\\/#website\",\"url\":\"https:\\\/\\\/rigazoo.lv\\\/en\\\/\",\"name\":\"Zoo\",\"description\":\"\",\"potentialAction\":[{\"@type\":\"SearchAction\",\"target\":{\"@type\":\"EntryPoint\",\"urlTemplate\":\"https:\\\/\\\/rigazoo.lv\\\/en\\\/?s={search_term_string}\"},\"query-input\":{\"@type\":\"PropertyValueSpecification\",\"valueRequired\":true,\"valueName\":\"search_term_string\"}}],\"inLanguage\":\"en-US\"}]}<\/script>\n<!-- \/ Yoast SEO plugin. -->","yoast_head_json":{"title":"Various - Zoo","robots":{"index":"index","follow":"follow","max-snippet":"max-snippet:-1","max-image-preview":"max-image-preview:large","max-video-preview":"max-video-preview:-1"},"canonical":"https:\/\/rigazoo.lv\/en\/various\/","og_locale":"en_US","og_type":"article","og_title":"Various - Zoo","og_description":"Documents R\u012bgas Nacion\u0101l\u0101 zoolo\u0123isk\u0101 d\u0101rza stat\u016bti R\u012bgas Nacion\u0101l\u0101 zoolo\u0123isk\u0101 d\u0101rza \u0113tikas kodekss R\u012bgas Nacion\u0101l\u0101 zoolo\u0123isk\u0101 d\u0101rza \u0113tikas komisijas nolikums R\u012bgas Nacion\u0101l\u0101 zoolo\u0123isk\u0101 d\u0101rza vad\u012bba R\u012bgas Nacion\u0101l\u0101 zoolo\u0123isk\u0101 d\u0101rza strukt\u016bra R\u012bgas Nacion\u0101l\u0101 zoolo\u0123isk\u0101 d\u0101rza valdes reglaments Risku p\u0101rvald\u012bbas, iek\u0161\u0113j\u0101s kontroles vides un atbilst\u012bbas politika R\u012bgas Nacion\u0101l\u0101 zoolo\u0123isk\u0101 d\u0101rza person\u0101la politika R\u012bgas Nacion\u0101l\u0101 zoolo\u0123isk\u0101 d\u0101rza nekustam\u0101 \u012bpa\u0161uma [&hellip;]","og_url":"https:\/\/rigazoo.lv\/en\/various\/","og_site_name":"Zoo","article_modified_time":"2023-10-10T08:56:02+00:00","twitter_card":"summary_large_image","twitter_misc":{"Est. reading time":"2 minutes"},"schema":{"@context":"https:\/\/schema.org","@graph":[{"@type":"WebPage","@id":"https:\/\/rigazoo.lv\/en\/various\/","url":"https:\/\/rigazoo.lv\/en\/various\/","name":"Various - Zoo","isPartOf":{"@id":"https:\/\/rigazoo.lv\/en\/#website"},"datePublished":"2023-05-24T09:58:15+00:00","dateModified":"2023-10-10T08:56:02+00:00","breadcrumb":{"@id":"https:\/\/rigazoo.lv\/en\/various\/#breadcrumb"},"inLanguage":"en-US","potentialAction":[{"@type":"ReadAction","target":["https:\/\/rigazoo.lv\/en\/various\/"]}]},{"@type":"BreadcrumbList","@id":"https:\/\/rigazoo.lv\/en\/various\/#breadcrumb","itemListElement":[{"@type":"ListItem","position":1,"name":"S\u0101kums","item":"https:\/\/rigazoo.lv\/en\/"},{"@type":"ListItem","position":2,"name":"Various"}]},{"@type":"WebSite","@id":"https:\/\/rigazoo.lv\/en\/#website","url":"https:\/\/rigazoo.lv\/en\/","name":"Zoo","description":"","potentialAction":[{"@type":"SearchAction","target":{"@type":"EntryPoint","urlTemplate":"https:\/\/rigazoo.lv\/en\/?s={search_term_string}"},"query-input":{"@type":"PropertyValueSpecification","valueRequired":true,"valueName":"search_term_string"}}],"inLanguage":"en-US"}]}},"jetpack_sharing_enabled":true,"_links":{"self":[{"href":"https:\/\/rigazoo.lv\/en\/wp-json\/wp\/v2\/pages\/9883","targetHints":{"allow":["GET"]}}],"collection":[{"href":"https:\/\/rigazoo.lv\/en\/wp-json\/wp\/v2\/pages"}],"about":[{"href":"https:\/\/rigazoo.lv\/en\/wp-json\/wp\/v2\/types\/page"}],"author":[{"embeddable":true,"href":"https:\/\/rigazoo.lv\/en\/wp-json\/wp\/v2\/users\/1"}],"replies":[{"embeddable":true,"href":"https:\/\/rigazoo.lv\/en\/wp-json\/wp\/v2\/comments?post=9883"}],"version-history":[{"count":0,"href":"https:\/\/rigazoo.lv\/en\/wp-json\/wp\/v2\/pages\/9883\/revisions"}],"wp:attachment":[{"href":"https:\/\/rigazoo.lv\/en\/wp-json\/wp\/v2\/media?parent=9883"}],"curies":[{"name":"wp","href":"https:\/\/api.w.org\/{rel}","templated":true}]}}