{"id":7813,"date":"2023-07-05T16:25:51","date_gmt":"2023-07-05T14:25:51","guid":{"rendered":"https:\/\/rigazoo.lv\/?page_id=7813"},"modified":"2023-12-13T15:50:58","modified_gmt":"2023-12-13T13:50:58","slug":"student-theses-in-riga-zoo","status":"publish","type":"page","link":"https:\/\/rigazoo.lv\/en\/student-theses-in-riga-zoo\/","title":{"rendered":"Student theses in R\u012bga ZOO"},"content":{"rendered":"\n<h2 class=\"wp-block-heading\"><strong>Diploma theses<\/strong><\/h2>\n\n\n\n<p class=\"has-text-align-justify\">Sta\u0161uls M. 1995. Eiropas kokvardes (<em>Hyla arborea<\/em>) reintrodukcija Latvij\u0101. Diplomdarbs. R\u012bga: Latvijas Universit\u0101te.<\/p>\n\n\n\n<p class=\"has-text-align-justify\">Helmanis D. 1990. Sarkanv\u0113dera ugunskrupja (<em>Bombina bombina<\/em>) vairo\u0161ana, audz\u0113\u0161ana laboratorij\u0101 un reintrodukcija dab\u0101. Diplomdarbs. R\u012bga: Latvijas Universit\u0101te.<\/p>\n\n\n\n<p>Dz\u0113rve A. 1952. R\u012bgas zoolo\u0123iskais d\u0101rzs. Diplomdarbs. R\u012bga: Latvijas Universit\u0101te.<\/p>\n\n\n\n<h2 class=\"wp-block-heading\"><strong>Master theses<\/strong><\/h2>\n\n\n\n<p class=\"has-text-align-justify\">Pole E. A. 2023. Takina <em>Budorcas taxicolor<\/em> soci\u0101l\u0101 uzved\u012bba Eiropas zoolo\u0123iskajos d\u0101rzos. Ma\u0123istra darbs. R\u012bga: Latvijas Universit\u0101te.<\/p>\n\n\n\n<p class=\"has-text-align-justify\">Birbele E. 2022. Reintroduc\u0113t\u0101s <em>Hyla<\/em> (Laurenti, 1768) \u0123ints kokvardes \u0123en\u0113tisk\u0101 daudzveid\u012bba Latvij\u0101. Ma\u0123istra darbs. R\u012bga: Latvijas Universit\u0101te.<\/p>\n\n\n\n<p class=\"has-text-align-justify\">Galindez Centeno I. 2021. Plomo, cromo y ars\u00e9nico en tejidos internos y pelo de foca gris (<em>Halichoerus grypus<\/em>) del Golfo de Riga, Mar B\u00e1ltico. (Lead, chromium and arsenic in internal tissues and fur of grey seal (<em>Halichoerus grypus<\/em>) from the Gulf of Riga, Baltic Sea.) Trabajo de Fin de M\u00e1ster. Universidad de Murcia.<\/p>\n\n\n\n<p class=\"has-text-align-justify\">Puchades Guitart L. 2021. Mercurio y selenio en foca gris del Mar B\u00e1ltico (<em>Halichoerus grypus<\/em>) y su relaci\u00f3n con par\u00e1metros sangu\u00edneos. (Mercury and selenium in grey seal from the Baltic Sea (<em>Halichoerus grypus<\/em>) and their relationship with blood parameters.) Trabajo de Fin de M\u00e1ster. Universidad de Murcia.<\/p>\n\n\n\n<p class=\"has-text-align-justify\">D\u00edaz Hurtado A. 2020. Mercurio y Selenio en foca gris (<em>Halichoerus grypus<\/em>) del golfo de Riga, Mar B\u00e1ltico. Trabajo de Fin de M\u00e1ster. Universidad de Murcia.<\/p>\n\n\n\n<p class=\"has-text-align-justify\">Nikolajeva L. 2015. Gluden\u0101s \u010d\u016bskas&nbsp;<em>Coronella austriaca<\/em>&nbsp;popul\u0101cijas lielums un strukt\u016bra \u0136emeru nacion\u0101l\u0101 parka Slokas un Vecaj\u0101 purvos. Ma\u0123istra darbs. R\u012bga: Latvijas universit\u0101te.<\/p>\n\n\n\n<p class=\"has-text-align-justify\">Andrejauska I. 2014. R\u012bgas zoolo\u0123isk\u0101 d\u0101rza darb\u012bbas atspogu\u013cojums t\u0101 darbinieku s\u0113\u017eu protokolos (1944.-1979.). Ma\u0123istra darbs. R\u012bga: Latvijas Universit\u0101te.<\/p>\n\n\n\n<p class=\"has-text-align-justify\">Lange I. 2006. Ziemas ekskrementu metodes izmanto\u0161anas iesp\u0113jas brie\u017eu dzimtas dz\u012bvnieku popul\u0101ciju p\u0113t\u012bjumos. Ma\u0123istra darbs. R\u012bga: Latvijas Universit\u0101te.<\/p>\n\n\n\n<p class=\"has-text-align-justify\">Dei\u010dmane M. 2002. Kokvardes&nbsp;<em>Hyla arborea<\/em>&nbsp;monitorings Latvij\u0101. Ma\u0123istra darbs. R\u012bga: Latvijas Universit\u0101te.<\/p>\n\n\n\n<p class=\"has-text-align-justify\">Dreijers E. 2002. Parka v\u012bnglieme\u017ea&nbsp;<em>Helix pomatia<\/em>&nbsp;L. popul\u0101cijas strukt\u016bras un dinamikas izp\u0113te. Ma\u0123istra darbs. R\u012bga: Latvijas Universit\u0101te.<\/p>\n\n\n\n<p class=\"has-text-align-justify\">Dunce I. 2002.&nbsp;<em>Dendrobates<\/em>&nbsp;\u0123ints var\u017eu ekolo\u0123ija nebr\u012bv\u0113. Ma\u0123istra darbs. R\u012bga: Latvijas Universit\u0101te.<\/p>\n\n\n\n<p class=\"has-text-align-justify\">Feimane I. 2002. Starpindiv\u012bdu un vecuma estr\u0101lo ciklu un vairo\u0161an\u0101s main\u012bba tr\u012bs sugu strupastu m\u0101t\u012bt\u0113m. Ma\u0123istra darbs. R\u012bga: Latvijas Universit\u0101te.<\/p>\n\n\n\n<p class=\"has-text-align-justify\">\u010ceir\u0101ns A. 1997. Gluden\u0101s \u010d\u016bskas dz\u012bvesvietas Latvij\u0101 un piez\u012bmes par sugas morfolo\u0123iju, izplat\u012bbu un biolo\u0123iju. Ma\u0123istra darbs. R\u012bga: Latvijas Universit\u0101te.<\/p>\n\n\n\n<h2 class=\"wp-block-heading\"><strong>Bachelor theses<\/strong><\/h2>\n\n\n\n<p class=\"has-text-align-justify\">Volkova A. 2022. Olfaktoro stimulu ietekme uz Zieme\u013cu l\u016b\u0161u <em>Lynx lynx lynx <\/em>uzved\u012bbu R\u012bgas Nacion\u0101laj\u0101 Zoolo\u0123iskaj\u0101 d\u0101rz\u0101. Bakalaura darbs. R\u012bga: Latvijas Universit\u0101te.<\/p>\n\n\n\n<p class=\"has-text-align-justify\">Pole E. A. 2021. Mi\u0161mi takina&nbsp;<em>Budorcas taxicolor<\/em> <em>taxicolor<\/em>&nbsp;rakstur\u012bg\u0101 uzved\u012bba Eiropas zoolo\u0123iskajos d\u0101rzos. Bakalaura darbs. R\u012bga: Latvijas Universit\u0101te, Biolo\u0123ijas fakult\u0101te, Zoolo\u0123ijas un dz\u012bvnieku ekolo\u0123ijas katedra.<\/p>\n\n\n\n<p class=\"has-text-align-justify\">V\u012bra S. R. 2021. Dz\u012bvsudraba pies\u0101r\u0146ojums pel\u0113k\u0101 ro\u0146a&nbsp;<em>Halichoerus grypus<\/em>&nbsp;audos R\u012bgas j\u016bras l\u012bc\u012b. Bakalaura darbs. R\u012bga: Latvijas Universit\u0101te, Biolo\u0123ijas fakult\u0101te, Zoolo\u0123ijas un dz\u012bvnieku ekolo\u0123ijas katedra.<\/p>\n\n\n\n<p class=\"has-text-align-justify\">Kolangs J. 2017. S\u016bnu k\u0101rpvardes <em>Theloderma corticale<\/em> mazu\u013cu dzimuma attiec\u012bbu at\u0161\u0137ir\u012bbas. Bakalaura darbs. R\u012bga: Latvijas universit\u0101te.<\/p>\n\n\n\n<p class=\"has-text-align-justify\">Makss M. 2017. R\u012bgas Nacion\u0101l\u0101 zoolo\u0123isk\u0101 d\u0101rza sabiedrisko attiec\u012bbu prakses anal\u012bze. Bakalaura darbs. R\u012bga: Latvijas Universit\u0101te.<\/p>\n\n\n\n<p class=\"has-text-align-justify\">Nikolajeva L. 2013. Gluden\u0101s \u010d\u016bskas&nbsp;<em>Coronella austriaca<\/em>&nbsp;un citu r\u0101pu\u013cu izplat\u012bba un apdz\u012bvotie biotopi \u0136emeru nacion\u0101l\u0101 parka Slokas un Vecaj\u0101 purvos. Bakalaura darbs. R\u012bga: Latvijas universit\u0101te.<\/p>\n\n\n\n<p class=\"has-text-align-justify\">\u0160ternberga E. 2003. Dabisk\u0101s uzved\u012bbas pilnveido\u0161ana nebr\u012bv\u0113 tur\u0113tiem dz\u012bvniekiem R\u012bgas Zoolo\u0123iskaj\u0101 d\u0101rz\u0101. Bakalaura darbs. R\u012bga: Latvijas Universit\u0101te.<\/p>\n\n\n\n<p class=\"has-text-align-justify\">\u0100ri\u0146a D. 2000. Eiropas kokvardes (<em>Hyla arborea<\/em>) reintrodukcija un izplat\u012bba Latvij\u0101. Bakalaura darbs. R\u012bga: Latvijas Universit\u0101te.<\/p>\n\n\n\n<p class=\"has-text-align-justify\">Dei\u010dmane M. 2000. Eiropas kokvardes <em>Hyla arborea<\/em> mazu\u013cu izm\u0113ru anal\u012bze. Bakalaura darbs. R\u012bga: Latvijas Universit\u0101te.<\/p>\n\n\n\n<p class=\"has-text-align-justify\">Ukina A. 1997. R\u012bgas zoolo\u0123iskaj\u0101 d\u0101rz\u0101 atnestie dz\u012bvnieki un to izdz\u012bvo\u0161ana. Bakalaura darbs. R\u012bga: Latvijas Universit\u0101te.<\/p>\n\n\n\n<h2 class=\"wp-block-heading\"><strong>Course theses<\/strong><\/h2>\n\n\n\n<p class=\"has-text-align-justify\">Pole E.A. 2020. Mi\u0161mi takina&nbsp;<em>Budorcas taxicolor taxicolor<\/em>&nbsp;uzved\u012bbas p\u0113t\u012bjumu meto\u017eu sal\u012bdzin\u0101jums R\u012bgas Nacion\u0101laj\u0101 zoolo\u0123iskaj\u0101 d\u0101rz\u0101. Kursa darbs. R\u012bga: Latvijas Universit\u0101te.<\/p>\n\n\n\n<p class=\"has-text-align-justify\">V\u012bra S.R. 2020. Dz\u012bvsudraba pies\u0101r\u0146ojums pel\u0113k\u0101 ro\u0146a&nbsp;<em>Halichoerus grypus<\/em>&nbsp;audos. Kursa darbs. R\u012bga: Latvijas Universit\u0101te.<\/p>\n\n\n\n<h2 class=\"wp-block-heading\"><strong>Scientific research works (highschool)<\/strong><\/h2>\n\n\n\n<p class=\"has-text-align-justify\">Bri\u0146\u0137e M. 2020. Zebru uzved\u012bba s\u0101kotn\u0113j\u0101 m\u012btn\u0113 un jaunaj\u0101 ekspoz\u012bcij\u0101 &#8220;\u0100frikas savanna&#8221;. Zin\u0101tnisk\u0101s p\u0113tniec\u012bbas darbs veterin\u0101r\u0101s zin\u0101tnes sekcij\u0101. R\u012bga: R\u012bgas Valsts v\u0101cu \u0123imn\u0101zija.<\/p>\n\n\n\n<p class=\"has-text-align-justify\">Kuz\u0146ecova K. 2018. Baltpurna brie\u017ea (<em>Cervus albirostris<\/em>) nov\u0113ro\u0161ana R\u012bgas Nacion\u0101laj\u0101 zoolo\u0123iskaj\u0101 d\u0101rz\u0101. Zin\u0101tnisk\u0101s p\u0113tniec\u012bbas darbs. R\u012bga: Zieme\u013cvalstu \u0123imn\u0101zija.<\/p>\n","protected":false},"excerpt":{"rendered":"<p>Diploma theses Sta\u0161uls M. 1995. Eiropas kokvardes (Hyla arborea) reintrodukcija Latvij\u0101. Diplomdarbs. R\u012bga: Latvijas Universit\u0101te. Helmanis D. 1990. Sarkanv\u0113dera ugunskrupja (Bombina bombina) vairo\u0161ana, audz\u0113\u0161ana laboratorij\u0101 un reintrodukcija dab\u0101. Diplomdarbs. R\u012bga: Latvijas Universit\u0101te. Dz\u0113rve A. 1952. R\u012bgas zoolo\u0123iskais d\u0101rzs. Diplomdarbs. R\u012bga: Latvijas Universit\u0101te. Master theses Pole E. A. 2023. Takina Budorcas taxicolor soci\u0101l\u0101 uzved\u012bba Eiropas zoolo\u0123iskajos [&hellip;]<\/p>\n","protected":false},"author":1,"featured_media":0,"parent":0,"menu_order":0,"comment_status":"closed","ping_status":"closed","template":"","meta":{"_acf_changed":false,"_editorskit_title_hidden":false,"_editorskit_reading_time":0,"_editorskit_is_block_options_detached":false,"_editorskit_block_options_position":"{}","inline_featured_image":false,"footnotes":""},"class_list":["post-7813","page","type-page","status-publish","hentry"],"acf":[],"yoast_head":"<!-- This site is optimized with the Yoast SEO plugin v27.4 - https:\/\/yoast.com\/product\/yoast-seo-wordpress\/ -->\n<title>Student theses in R\u012bga ZOO - Zoo<\/title>\n<meta name=\"robots\" content=\"index, follow, max-snippet:-1, max-image-preview:large, max-video-preview:-1\" \/>\n<link rel=\"canonical\" href=\"https:\/\/rigazoo.lv\/en\/student-theses-in-riga-zoo\/\" \/>\n<meta property=\"og:locale\" content=\"en_US\" \/>\n<meta property=\"og:type\" content=\"article\" \/>\n<meta property=\"og:title\" content=\"Student theses in R\u012bga ZOO - Zoo\" \/>\n<meta property=\"og:description\" content=\"Diploma theses Sta\u0161uls M. 1995. Eiropas kokvardes (Hyla arborea) reintrodukcija Latvij\u0101. Diplomdarbs. R\u012bga: Latvijas Universit\u0101te. Helmanis D. 1990. Sarkanv\u0113dera ugunskrupja (Bombina bombina) vairo\u0161ana, audz\u0113\u0161ana laboratorij\u0101 un reintrodukcija dab\u0101. Diplomdarbs. R\u012bga: Latvijas Universit\u0101te. Dz\u0113rve A. 1952. R\u012bgas zoolo\u0123iskais d\u0101rzs. Diplomdarbs. R\u012bga: Latvijas Universit\u0101te. Master theses Pole E. A. 2023. Takina Budorcas taxicolor soci\u0101l\u0101 uzved\u012bba Eiropas zoolo\u0123iskajos [&hellip;]\" \/>\n<meta property=\"og:url\" content=\"https:\/\/rigazoo.lv\/en\/student-theses-in-riga-zoo\/\" \/>\n<meta property=\"og:site_name\" content=\"Zoo\" \/>\n<meta property=\"article:modified_time\" content=\"2023-12-13T13:50:58+00:00\" \/>\n<meta name=\"twitter:card\" content=\"summary_large_image\" \/>\n<meta name=\"twitter:label1\" content=\"Est. reading time\" \/>\n\t<meta name=\"twitter:data1\" content=\"3 minutes\" \/>\n<script type=\"application\/ld+json\" class=\"yoast-schema-graph\">{\"@context\":\"https:\\\/\\\/schema.org\",\"@graph\":[{\"@type\":\"WebPage\",\"@id\":\"https:\\\/\\\/rigazoo.lv\\\/en\\\/student-theses-in-riga-zoo\\\/\",\"url\":\"https:\\\/\\\/rigazoo.lv\\\/en\\\/student-theses-in-riga-zoo\\\/\",\"name\":\"Student theses in R\u012bga ZOO - Zoo\",\"isPartOf\":{\"@id\":\"https:\\\/\\\/rigazoo.lv\\\/en\\\/#website\"},\"datePublished\":\"2023-07-05T14:25:51+00:00\",\"dateModified\":\"2023-12-13T13:50:58+00:00\",\"breadcrumb\":{\"@id\":\"https:\\\/\\\/rigazoo.lv\\\/en\\\/student-theses-in-riga-zoo\\\/#breadcrumb\"},\"inLanguage\":\"en-US\",\"potentialAction\":[{\"@type\":\"ReadAction\",\"target\":[\"https:\\\/\\\/rigazoo.lv\\\/en\\\/student-theses-in-riga-zoo\\\/\"]}]},{\"@type\":\"BreadcrumbList\",\"@id\":\"https:\\\/\\\/rigazoo.lv\\\/en\\\/student-theses-in-riga-zoo\\\/#breadcrumb\",\"itemListElement\":[{\"@type\":\"ListItem\",\"position\":1,\"name\":\"S\u0101kums\",\"item\":\"https:\\\/\\\/rigazoo.lv\\\/en\\\/\"},{\"@type\":\"ListItem\",\"position\":2,\"name\":\"Student theses in R\u012bga ZOO\"}]},{\"@type\":\"WebSite\",\"@id\":\"https:\\\/\\\/rigazoo.lv\\\/en\\\/#website\",\"url\":\"https:\\\/\\\/rigazoo.lv\\\/en\\\/\",\"name\":\"Zoo\",\"description\":\"\",\"potentialAction\":[{\"@type\":\"SearchAction\",\"target\":{\"@type\":\"EntryPoint\",\"urlTemplate\":\"https:\\\/\\\/rigazoo.lv\\\/en\\\/?s={search_term_string}\"},\"query-input\":{\"@type\":\"PropertyValueSpecification\",\"valueRequired\":true,\"valueName\":\"search_term_string\"}}],\"inLanguage\":\"en-US\"}]}<\/script>\n<!-- \/ Yoast SEO plugin. -->","yoast_head_json":{"title":"Student theses in R\u012bga ZOO - Zoo","robots":{"index":"index","follow":"follow","max-snippet":"max-snippet:-1","max-image-preview":"max-image-preview:large","max-video-preview":"max-video-preview:-1"},"canonical":"https:\/\/rigazoo.lv\/en\/student-theses-in-riga-zoo\/","og_locale":"en_US","og_type":"article","og_title":"Student theses in R\u012bga ZOO - Zoo","og_description":"Diploma theses Sta\u0161uls M. 1995. Eiropas kokvardes (Hyla arborea) reintrodukcija Latvij\u0101. Diplomdarbs. R\u012bga: Latvijas Universit\u0101te. Helmanis D. 1990. Sarkanv\u0113dera ugunskrupja (Bombina bombina) vairo\u0161ana, audz\u0113\u0161ana laboratorij\u0101 un reintrodukcija dab\u0101. Diplomdarbs. R\u012bga: Latvijas Universit\u0101te. Dz\u0113rve A. 1952. R\u012bgas zoolo\u0123iskais d\u0101rzs. Diplomdarbs. R\u012bga: Latvijas Universit\u0101te. Master theses Pole E. A. 2023. Takina Budorcas taxicolor soci\u0101l\u0101 uzved\u012bba Eiropas zoolo\u0123iskajos [&hellip;]","og_url":"https:\/\/rigazoo.lv\/en\/student-theses-in-riga-zoo\/","og_site_name":"Zoo","article_modified_time":"2023-12-13T13:50:58+00:00","twitter_card":"summary_large_image","twitter_misc":{"Est. reading time":"3 minutes"},"schema":{"@context":"https:\/\/schema.org","@graph":[{"@type":"WebPage","@id":"https:\/\/rigazoo.lv\/en\/student-theses-in-riga-zoo\/","url":"https:\/\/rigazoo.lv\/en\/student-theses-in-riga-zoo\/","name":"Student theses in R\u012bga ZOO - Zoo","isPartOf":{"@id":"https:\/\/rigazoo.lv\/en\/#website"},"datePublished":"2023-07-05T14:25:51+00:00","dateModified":"2023-12-13T13:50:58+00:00","breadcrumb":{"@id":"https:\/\/rigazoo.lv\/en\/student-theses-in-riga-zoo\/#breadcrumb"},"inLanguage":"en-US","potentialAction":[{"@type":"ReadAction","target":["https:\/\/rigazoo.lv\/en\/student-theses-in-riga-zoo\/"]}]},{"@type":"BreadcrumbList","@id":"https:\/\/rigazoo.lv\/en\/student-theses-in-riga-zoo\/#breadcrumb","itemListElement":[{"@type":"ListItem","position":1,"name":"S\u0101kums","item":"https:\/\/rigazoo.lv\/en\/"},{"@type":"ListItem","position":2,"name":"Student theses in R\u012bga ZOO"}]},{"@type":"WebSite","@id":"https:\/\/rigazoo.lv\/en\/#website","url":"https:\/\/rigazoo.lv\/en\/","name":"Zoo","description":"","potentialAction":[{"@type":"SearchAction","target":{"@type":"EntryPoint","urlTemplate":"https:\/\/rigazoo.lv\/en\/?s={search_term_string}"},"query-input":{"@type":"PropertyValueSpecification","valueRequired":true,"valueName":"search_term_string"}}],"inLanguage":"en-US"}]}},"jetpack_sharing_enabled":true,"_links":{"self":[{"href":"https:\/\/rigazoo.lv\/en\/wp-json\/wp\/v2\/pages\/7813","targetHints":{"allow":["GET"]}}],"collection":[{"href":"https:\/\/rigazoo.lv\/en\/wp-json\/wp\/v2\/pages"}],"about":[{"href":"https:\/\/rigazoo.lv\/en\/wp-json\/wp\/v2\/types\/page"}],"author":[{"embeddable":true,"href":"https:\/\/rigazoo.lv\/en\/wp-json\/wp\/v2\/users\/1"}],"replies":[{"embeddable":true,"href":"https:\/\/rigazoo.lv\/en\/wp-json\/wp\/v2\/comments?post=7813"}],"version-history":[{"count":1,"href":"https:\/\/rigazoo.lv\/en\/wp-json\/wp\/v2\/pages\/7813\/revisions"}],"predecessor-version":[{"id":12430,"href":"https:\/\/rigazoo.lv\/en\/wp-json\/wp\/v2\/pages\/7813\/revisions\/12430"}],"wp:attachment":[{"href":"https:\/\/rigazoo.lv\/en\/wp-json\/wp\/v2\/media?parent=7813"}],"curies":[{"name":"wp","href":"https:\/\/api.w.org\/{rel}","templated":true}]}}