{"id":7718,"date":"2023-06-27T10:20:33","date_gmt":"2023-06-27T08:20:33","guid":{"rendered":"https:\/\/rigazoo.lv\/?page_id=7718"},"modified":"2025-12-02T15:02:40","modified_gmt":"2025-12-02T13:02:40","slug":"mishmi-takin-budorcas-taxicolor-taxicolor","status":"publish","type":"page","link":"https:\/\/rigazoo.lv\/en\/mishmi-takin-budorcas-taxicolor-taxicolor\/","title":{"rendered":"Mishmi Takin\u00a0(Budorcas taxicolor taxicolor)"},"content":{"rendered":"\n<p>Takin (<em>Budorca taxicolor<\/em>) are medium-sized ungulates that live in the Himalayas. Studying them in the wild is difficult. For this reason, ethological studies in captivity can help improve our knowledge of this species. In addition, studies related to takin behavior and their use of their enclosures can help create guidelines for improving their facilities and their welfare.<\/p>\n\n\n\n<p>Posters<\/p>\n\n\n\n<p>\u0100bolti\u0146a, E., Birbele, E., Di Marzio, A. (2024) \u201cSpatial use analysis of Mishmi takin <em>Budorcas taxicolor taxicolor<\/em> in the Riga National Zoological Garden: preliminary results\u201d, 82st scientific conference of University of Latvia Biology section, Zoology and Animal Ecology sub-section, 31th of January, 2024&nbsp;<\/p>\n\n\n\n<p>Pole, E.,Di Marzio, A., Rozenfelde, R., \u0160\u0137\u0113rsti\u0146a, R.(2022) \u201cBehaviour of the Mishmi takin (Budorcas taxicolor taxicolor) in EAZA Zoos\u201d, in EAZA Annual Conference (Algarve, Portugal, 27\/09\/2022-01\/10\/2022)<\/p>\n\n\n\n<p>Presentations<\/p>\n\n\n\n<p>Di Marzio, A. (2025) \u201cMishmi takin spatial usage in EAZA zoos\u201d, in EAZA Annual Conference (Lodz, Poland, 09-13\/09\/2023)<\/p>\n\n\n\n<p>Di Marzio, A. (2023). <em>Social behavior of the Takin Budorca taxicolor in European zoos<\/em>. Presented at the conference &#8220;Animal biodiversity at risk of extinction: a bridge between in-situ and ex-situ conservation,&#8221; Department of Biosciences and Agri-Food and Environmental Technologies, University of Teramo (Italy) (21\/11\/2023)<\/p>\n\n\n\n<p>Di Marzio, A., Pole, E., Starka, R., \u0160\u0137\u0113rsti\u0146a, R. (2023) \u201cTakin Budorca sp. social behaviour in European zoos\u201d, in EAZA Annual Conference (Helsinki, Finland, 12-16\/09\/2023)<\/p>\n\n\n\n<p>Thesis<\/p>\n\n\n\n<p>Pole E. (2023) Takina <em>Budorcas taxicolor <\/em>soci\u0101l\u0101 uzved\u012bba Eiropas zoolo\u0123iskajos d\u0101rzos (Takin <em>Budorcas taxicolor <\/em>social behaviour in European zoos) Ma\u0123istra darbs. Latvijas Universit\u0101te Biolo\u0123ijas fakult\u0101te Zoolo\u0123ijas un Dz\u012bvnieku Ekolo\u0123ijas katedra (MSc Thesis, in Latvian.)Publications<\/p>\n\n\n\n<p>Pole E. (2021) Mi\u0161mi takina\u00a0<em>Budorcas taxicolor taxicolor\u00a0<\/em>rakstur\u012bg\u0101 uzved\u012bba Eiropas zoolo\u0123iskajos d\u0101rzos. Bakalaura darbs. R\u012bga: Latvijas Universit\u0101te, Biolo\u0123ijas fakult\u0101te, Zoolo\u0123ijas un dz\u012bvnieku ekolo\u0123ijas katedra. (BSc Thesis, in Latvian.)<\/p>\n\n\n\n<p>Pole E. (2020) Mi\u0161mi takina\u00a0<em>Budorcas taxicolor taxicolor<\/em>\u00a0uzved\u012bbas p\u0113t\u012bjumu meto\u017eu sal\u012bdzin\u0101jums R\u012bgas Nacion\u0101laj\u0101 zoolo\u0123iskaj\u0101 d\u0101rz\u0101. Kursa darbs. R\u012bga: Latvijas Universit\u0101te. (Term Paper. In Latvian.)<\/p>\n\n\n\n<p><\/p>\n","protected":false},"excerpt":{"rendered":"<p>Takin (Budorca taxicolor) are medium-sized ungulates that live in the Himalayas. Studying them in the wild is difficult. For this reason, ethological studies in captivity can help improve our knowledge of this species. In addition, studies related to takin behavior and their use of their enclosures can help create guidelines for improving their facilities and [&hellip;]<\/p>\n","protected":false},"author":1,"featured_media":0,"parent":0,"menu_order":0,"comment_status":"closed","ping_status":"closed","template":"","meta":{"_acf_changed":false,"_editorskit_title_hidden":false,"_editorskit_reading_time":0,"_editorskit_is_block_options_detached":false,"_editorskit_block_options_position":"{}","inline_featured_image":false,"footnotes":""},"class_list":["post-7718","page","type-page","status-publish","hentry"],"acf":[],"yoast_head":"<!-- This site is optimized with the Yoast SEO plugin v27.4 - https:\/\/yoast.com\/product\/yoast-seo-wordpress\/ -->\n<title>Mishmi Takin\u00a0(Budorcas taxicolor taxicolor) - Zoo<\/title>\n<meta name=\"robots\" content=\"index, follow, max-snippet:-1, max-image-preview:large, max-video-preview:-1\" \/>\n<link rel=\"canonical\" href=\"https:\/\/rigazoo.lv\/en\/mishmi-takin-budorcas-taxicolor-taxicolor\/\" \/>\n<meta property=\"og:locale\" content=\"en_US\" \/>\n<meta property=\"og:type\" content=\"article\" \/>\n<meta property=\"og:title\" content=\"Mishmi Takin\u00a0(Budorcas taxicolor taxicolor) - Zoo\" \/>\n<meta property=\"og:description\" content=\"Takin (Budorca taxicolor) are medium-sized ungulates that live in the Himalayas. Studying them in the wild is difficult. For this reason, ethological studies in captivity can help improve our knowledge of this species. In addition, studies related to takin behavior and their use of their enclosures can help create guidelines for improving their facilities and [&hellip;]\" \/>\n<meta property=\"og:url\" content=\"https:\/\/rigazoo.lv\/en\/mishmi-takin-budorcas-taxicolor-taxicolor\/\" \/>\n<meta property=\"og:site_name\" content=\"Zoo\" \/>\n<meta property=\"article:modified_time\" content=\"2025-12-02T13:02:40+00:00\" \/>\n<meta name=\"twitter:card\" content=\"summary_large_image\" \/>\n<meta name=\"twitter:label1\" content=\"Est. reading time\" \/>\n\t<meta name=\"twitter:data1\" content=\"2 minutes\" \/>\n<script type=\"application\/ld+json\" class=\"yoast-schema-graph\">{\"@context\":\"https:\\\/\\\/schema.org\",\"@graph\":[{\"@type\":\"WebPage\",\"@id\":\"https:\\\/\\\/rigazoo.lv\\\/en\\\/mishmi-takin-budorcas-taxicolor-taxicolor\\\/\",\"url\":\"https:\\\/\\\/rigazoo.lv\\\/en\\\/mishmi-takin-budorcas-taxicolor-taxicolor\\\/\",\"name\":\"Mishmi Takin\u00a0(Budorcas taxicolor taxicolor) - Zoo\",\"isPartOf\":{\"@id\":\"https:\\\/\\\/rigazoo.lv\\\/en\\\/#website\"},\"datePublished\":\"2023-06-27T08:20:33+00:00\",\"dateModified\":\"2025-12-02T13:02:40+00:00\",\"breadcrumb\":{\"@id\":\"https:\\\/\\\/rigazoo.lv\\\/en\\\/mishmi-takin-budorcas-taxicolor-taxicolor\\\/#breadcrumb\"},\"inLanguage\":\"en-US\",\"potentialAction\":[{\"@type\":\"ReadAction\",\"target\":[\"https:\\\/\\\/rigazoo.lv\\\/en\\\/mishmi-takin-budorcas-taxicolor-taxicolor\\\/\"]}]},{\"@type\":\"BreadcrumbList\",\"@id\":\"https:\\\/\\\/rigazoo.lv\\\/en\\\/mishmi-takin-budorcas-taxicolor-taxicolor\\\/#breadcrumb\",\"itemListElement\":[{\"@type\":\"ListItem\",\"position\":1,\"name\":\"S\u0101kums\",\"item\":\"https:\\\/\\\/rigazoo.lv\\\/en\\\/\"},{\"@type\":\"ListItem\",\"position\":2,\"name\":\"Mishmi Takin\u00a0(Budorcas taxicolor taxicolor)\"}]},{\"@type\":\"WebSite\",\"@id\":\"https:\\\/\\\/rigazoo.lv\\\/en\\\/#website\",\"url\":\"https:\\\/\\\/rigazoo.lv\\\/en\\\/\",\"name\":\"Zoo\",\"description\":\"\",\"potentialAction\":[{\"@type\":\"SearchAction\",\"target\":{\"@type\":\"EntryPoint\",\"urlTemplate\":\"https:\\\/\\\/rigazoo.lv\\\/en\\\/?s={search_term_string}\"},\"query-input\":{\"@type\":\"PropertyValueSpecification\",\"valueRequired\":true,\"valueName\":\"search_term_string\"}}],\"inLanguage\":\"en-US\"}]}<\/script>\n<!-- \/ Yoast SEO plugin. -->","yoast_head_json":{"title":"Mishmi Takin\u00a0(Budorcas taxicolor taxicolor) - Zoo","robots":{"index":"index","follow":"follow","max-snippet":"max-snippet:-1","max-image-preview":"max-image-preview:large","max-video-preview":"max-video-preview:-1"},"canonical":"https:\/\/rigazoo.lv\/en\/mishmi-takin-budorcas-taxicolor-taxicolor\/","og_locale":"en_US","og_type":"article","og_title":"Mishmi Takin\u00a0(Budorcas taxicolor taxicolor) - Zoo","og_description":"Takin (Budorca taxicolor) are medium-sized ungulates that live in the Himalayas. Studying them in the wild is difficult. For this reason, ethological studies in captivity can help improve our knowledge of this species. In addition, studies related to takin behavior and their use of their enclosures can help create guidelines for improving their facilities and [&hellip;]","og_url":"https:\/\/rigazoo.lv\/en\/mishmi-takin-budorcas-taxicolor-taxicolor\/","og_site_name":"Zoo","article_modified_time":"2025-12-02T13:02:40+00:00","twitter_card":"summary_large_image","twitter_misc":{"Est. reading time":"2 minutes"},"schema":{"@context":"https:\/\/schema.org","@graph":[{"@type":"WebPage","@id":"https:\/\/rigazoo.lv\/en\/mishmi-takin-budorcas-taxicolor-taxicolor\/","url":"https:\/\/rigazoo.lv\/en\/mishmi-takin-budorcas-taxicolor-taxicolor\/","name":"Mishmi Takin\u00a0(Budorcas taxicolor taxicolor) - Zoo","isPartOf":{"@id":"https:\/\/rigazoo.lv\/en\/#website"},"datePublished":"2023-06-27T08:20:33+00:00","dateModified":"2025-12-02T13:02:40+00:00","breadcrumb":{"@id":"https:\/\/rigazoo.lv\/en\/mishmi-takin-budorcas-taxicolor-taxicolor\/#breadcrumb"},"inLanguage":"en-US","potentialAction":[{"@type":"ReadAction","target":["https:\/\/rigazoo.lv\/en\/mishmi-takin-budorcas-taxicolor-taxicolor\/"]}]},{"@type":"BreadcrumbList","@id":"https:\/\/rigazoo.lv\/en\/mishmi-takin-budorcas-taxicolor-taxicolor\/#breadcrumb","itemListElement":[{"@type":"ListItem","position":1,"name":"S\u0101kums","item":"https:\/\/rigazoo.lv\/en\/"},{"@type":"ListItem","position":2,"name":"Mishmi Takin\u00a0(Budorcas taxicolor taxicolor)"}]},{"@type":"WebSite","@id":"https:\/\/rigazoo.lv\/en\/#website","url":"https:\/\/rigazoo.lv\/en\/","name":"Zoo","description":"","potentialAction":[{"@type":"SearchAction","target":{"@type":"EntryPoint","urlTemplate":"https:\/\/rigazoo.lv\/en\/?s={search_term_string}"},"query-input":{"@type":"PropertyValueSpecification","valueRequired":true,"valueName":"search_term_string"}}],"inLanguage":"en-US"}]}},"jetpack_sharing_enabled":true,"_links":{"self":[{"href":"https:\/\/rigazoo.lv\/en\/wp-json\/wp\/v2\/pages\/7718","targetHints":{"allow":["GET"]}}],"collection":[{"href":"https:\/\/rigazoo.lv\/en\/wp-json\/wp\/v2\/pages"}],"about":[{"href":"https:\/\/rigazoo.lv\/en\/wp-json\/wp\/v2\/types\/page"}],"author":[{"embeddable":true,"href":"https:\/\/rigazoo.lv\/en\/wp-json\/wp\/v2\/users\/1"}],"replies":[{"embeddable":true,"href":"https:\/\/rigazoo.lv\/en\/wp-json\/wp\/v2\/comments?post=7718"}],"version-history":[{"count":2,"href":"https:\/\/rigazoo.lv\/en\/wp-json\/wp\/v2\/pages\/7718\/revisions"}],"predecessor-version":[{"id":16304,"href":"https:\/\/rigazoo.lv\/en\/wp-json\/wp\/v2\/pages\/7718\/revisions\/16304"}],"wp:attachment":[{"href":"https:\/\/rigazoo.lv\/en\/wp-json\/wp\/v2\/media?parent=7718"}],"curies":[{"name":"wp","href":"https:\/\/api.w.org\/{rel}","templated":true}]}}