{"id":7706,"date":"2023-06-26T10:51:15","date_gmt":"2023-06-26T08:51:15","guid":{"rendered":"https:\/\/rigazoo.lv\/?page_id=7706"},"modified":"2023-07-05T13:07:53","modified_gmt":"2023-07-05T11:07:53","slug":"tonkin-bug-eyed-frog-theloderma-corticale","status":"publish","type":"page","link":"https:\/\/rigazoo.lv\/en\/tonkin-bug-eyed-frog-theloderma-corticale\/","title":{"rendered":"Tonkin Bug-eyed Frog (Theloderma corticale)"},"content":{"rendered":"\n<p>Publications<\/p>\n\n\n\n<p>Kolangs J. 2017. S\u016bnu k\u0101rpvardes&nbsp;<em>Theloderma corticale&nbsp;<\/em>mazu\u013cu dzimuma attiec\u012bbu at\u0161\u0137ir\u012bbas. Bakalaura darbs. LU Biolo\u0123ijas fakult\u0101te. (BSc thesis, in Latvian.)<\/p>\n","protected":false},"excerpt":{"rendered":"<p>Publications Kolangs J. 2017. S\u016bnu k\u0101rpvardes&nbsp;Theloderma corticale&nbsp;mazu\u013cu dzimuma attiec\u012bbu at\u0161\u0137ir\u012bbas. Bakalaura darbs. LU Biolo\u0123ijas fakult\u0101te. (BSc thesis, in Latvian.)<\/p>\n","protected":false},"author":1,"featured_media":0,"parent":0,"menu_order":0,"comment_status":"closed","ping_status":"closed","template":"","meta":{"_acf_changed":false,"_editorskit_title_hidden":false,"_editorskit_reading_time":0,"_editorskit_is_block_options_detached":false,"_editorskit_block_options_position":"{}","inline_featured_image":false,"footnotes":""},"class_list":["post-7706","page","type-page","status-publish","hentry"],"acf":[],"yoast_head":"<!-- This site is optimized with the Yoast SEO plugin v27.4 - https:\/\/yoast.com\/product\/yoast-seo-wordpress\/ -->\n<title>Tonkin Bug-eyed Frog (Theloderma corticale) - Zoo<\/title>\n<meta name=\"robots\" content=\"index, follow, max-snippet:-1, max-image-preview:large, max-video-preview:-1\" \/>\n<link rel=\"canonical\" href=\"https:\/\/rigazoo.lv\/en\/tonkin-bug-eyed-frog-theloderma-corticale\/\" \/>\n<meta property=\"og:locale\" content=\"en_US\" \/>\n<meta property=\"og:type\" content=\"article\" \/>\n<meta property=\"og:title\" content=\"Tonkin Bug-eyed Frog (Theloderma corticale) - Zoo\" \/>\n<meta property=\"og:description\" content=\"Publications Kolangs J. 2017. S\u016bnu k\u0101rpvardes&nbsp;Theloderma corticale&nbsp;mazu\u013cu dzimuma attiec\u012bbu at\u0161\u0137ir\u012bbas. Bakalaura darbs. LU Biolo\u0123ijas fakult\u0101te. (BSc thesis, in Latvian.)\" \/>\n<meta property=\"og:url\" content=\"https:\/\/rigazoo.lv\/en\/tonkin-bug-eyed-frog-theloderma-corticale\/\" \/>\n<meta property=\"og:site_name\" content=\"Zoo\" \/>\n<meta property=\"article:modified_time\" content=\"2023-07-05T11:07:53+00:00\" \/>\n<meta name=\"twitter:card\" content=\"summary_large_image\" \/>\n<meta name=\"twitter:label1\" content=\"Est. reading time\" \/>\n\t<meta name=\"twitter:data1\" content=\"1 minute\" \/>\n<script type=\"application\/ld+json\" class=\"yoast-schema-graph\">{\"@context\":\"https:\\\/\\\/schema.org\",\"@graph\":[{\"@type\":\"WebPage\",\"@id\":\"https:\\\/\\\/rigazoo.lv\\\/en\\\/tonkin-bug-eyed-frog-theloderma-corticale\\\/\",\"url\":\"https:\\\/\\\/rigazoo.lv\\\/en\\\/tonkin-bug-eyed-frog-theloderma-corticale\\\/\",\"name\":\"Tonkin Bug-eyed Frog (Theloderma corticale) - Zoo\",\"isPartOf\":{\"@id\":\"https:\\\/\\\/rigazoo.lv\\\/en\\\/#website\"},\"datePublished\":\"2023-06-26T08:51:15+00:00\",\"dateModified\":\"2023-07-05T11:07:53+00:00\",\"breadcrumb\":{\"@id\":\"https:\\\/\\\/rigazoo.lv\\\/en\\\/tonkin-bug-eyed-frog-theloderma-corticale\\\/#breadcrumb\"},\"inLanguage\":\"en-US\",\"potentialAction\":[{\"@type\":\"ReadAction\",\"target\":[\"https:\\\/\\\/rigazoo.lv\\\/en\\\/tonkin-bug-eyed-frog-theloderma-corticale\\\/\"]}]},{\"@type\":\"BreadcrumbList\",\"@id\":\"https:\\\/\\\/rigazoo.lv\\\/en\\\/tonkin-bug-eyed-frog-theloderma-corticale\\\/#breadcrumb\",\"itemListElement\":[{\"@type\":\"ListItem\",\"position\":1,\"name\":\"S\u0101kums\",\"item\":\"https:\\\/\\\/rigazoo.lv\\\/en\\\/\"},{\"@type\":\"ListItem\",\"position\":2,\"name\":\"Tonkin Bug-eyed Frog (Theloderma corticale)\"}]},{\"@type\":\"WebSite\",\"@id\":\"https:\\\/\\\/rigazoo.lv\\\/en\\\/#website\",\"url\":\"https:\\\/\\\/rigazoo.lv\\\/en\\\/\",\"name\":\"Zoo\",\"description\":\"\",\"potentialAction\":[{\"@type\":\"SearchAction\",\"target\":{\"@type\":\"EntryPoint\",\"urlTemplate\":\"https:\\\/\\\/rigazoo.lv\\\/en\\\/?s={search_term_string}\"},\"query-input\":{\"@type\":\"PropertyValueSpecification\",\"valueRequired\":true,\"valueName\":\"search_term_string\"}}],\"inLanguage\":\"en-US\"}]}<\/script>\n<!-- \/ Yoast SEO plugin. -->","yoast_head_json":{"title":"Tonkin Bug-eyed Frog (Theloderma corticale) - Zoo","robots":{"index":"index","follow":"follow","max-snippet":"max-snippet:-1","max-image-preview":"max-image-preview:large","max-video-preview":"max-video-preview:-1"},"canonical":"https:\/\/rigazoo.lv\/en\/tonkin-bug-eyed-frog-theloderma-corticale\/","og_locale":"en_US","og_type":"article","og_title":"Tonkin Bug-eyed Frog (Theloderma corticale) - Zoo","og_description":"Publications Kolangs J. 2017. S\u016bnu k\u0101rpvardes&nbsp;Theloderma corticale&nbsp;mazu\u013cu dzimuma attiec\u012bbu at\u0161\u0137ir\u012bbas. Bakalaura darbs. LU Biolo\u0123ijas fakult\u0101te. (BSc thesis, in Latvian.)","og_url":"https:\/\/rigazoo.lv\/en\/tonkin-bug-eyed-frog-theloderma-corticale\/","og_site_name":"Zoo","article_modified_time":"2023-07-05T11:07:53+00:00","twitter_card":"summary_large_image","twitter_misc":{"Est. reading time":"1 minute"},"schema":{"@context":"https:\/\/schema.org","@graph":[{"@type":"WebPage","@id":"https:\/\/rigazoo.lv\/en\/tonkin-bug-eyed-frog-theloderma-corticale\/","url":"https:\/\/rigazoo.lv\/en\/tonkin-bug-eyed-frog-theloderma-corticale\/","name":"Tonkin Bug-eyed Frog (Theloderma corticale) - Zoo","isPartOf":{"@id":"https:\/\/rigazoo.lv\/en\/#website"},"datePublished":"2023-06-26T08:51:15+00:00","dateModified":"2023-07-05T11:07:53+00:00","breadcrumb":{"@id":"https:\/\/rigazoo.lv\/en\/tonkin-bug-eyed-frog-theloderma-corticale\/#breadcrumb"},"inLanguage":"en-US","potentialAction":[{"@type":"ReadAction","target":["https:\/\/rigazoo.lv\/en\/tonkin-bug-eyed-frog-theloderma-corticale\/"]}]},{"@type":"BreadcrumbList","@id":"https:\/\/rigazoo.lv\/en\/tonkin-bug-eyed-frog-theloderma-corticale\/#breadcrumb","itemListElement":[{"@type":"ListItem","position":1,"name":"S\u0101kums","item":"https:\/\/rigazoo.lv\/en\/"},{"@type":"ListItem","position":2,"name":"Tonkin Bug-eyed Frog (Theloderma corticale)"}]},{"@type":"WebSite","@id":"https:\/\/rigazoo.lv\/en\/#website","url":"https:\/\/rigazoo.lv\/en\/","name":"Zoo","description":"","potentialAction":[{"@type":"SearchAction","target":{"@type":"EntryPoint","urlTemplate":"https:\/\/rigazoo.lv\/en\/?s={search_term_string}"},"query-input":{"@type":"PropertyValueSpecification","valueRequired":true,"valueName":"search_term_string"}}],"inLanguage":"en-US"}]}},"jetpack_sharing_enabled":true,"_links":{"self":[{"href":"https:\/\/rigazoo.lv\/en\/wp-json\/wp\/v2\/pages\/7706","targetHints":{"allow":["GET"]}}],"collection":[{"href":"https:\/\/rigazoo.lv\/en\/wp-json\/wp\/v2\/pages"}],"about":[{"href":"https:\/\/rigazoo.lv\/en\/wp-json\/wp\/v2\/types\/page"}],"author":[{"embeddable":true,"href":"https:\/\/rigazoo.lv\/en\/wp-json\/wp\/v2\/users\/1"}],"replies":[{"embeddable":true,"href":"https:\/\/rigazoo.lv\/en\/wp-json\/wp\/v2\/comments?post=7706"}],"version-history":[{"count":0,"href":"https:\/\/rigazoo.lv\/en\/wp-json\/wp\/v2\/pages\/7706\/revisions"}],"wp:attachment":[{"href":"https:\/\/rigazoo.lv\/en\/wp-json\/wp\/v2\/media?parent=7706"}],"curies":[{"name":"wp","href":"https:\/\/api.w.org\/{rel}","templated":true}]}}