{"id":7703,"date":"2023-06-26T10:42:41","date_gmt":"2023-06-26T08:42:41","guid":{"rendered":"https:\/\/rigazoo.lv\/?page_id=7703"},"modified":"2023-07-05T13:05:55","modified_gmt":"2023-07-05T11:05:55","slug":"poison-arrow-frogs-dendrobates","status":"publish","type":"page","link":"https:\/\/rigazoo.lv\/en\/poison-arrow-frogs-dendrobates\/","title":{"rendered":"<strong>Poison-arrow\u00a0Frogs<\/strong>\u00a0(<em>Dendrobates<\/em>)"},"content":{"rendered":"\n<p>Publications<\/p>\n\n\n\n<p><a href=\"https:\/\/www.amazon.co.uk\/Goldbaumsteiger-Dendrobates-Auratus-Ilze-Dunce\/dp\/3866591888\" target=\"_blank\" rel=\"noreferrer noopener nofollow\">Dunce I. 2012. Der Goldbaumsteiger\u00a0<em>Dendrobates auratus<\/em>. M\u00fcnster: Natur and Tier-Verlag GmbH. ISBN: 978-3-86659-199-2. 64 S. (In German.)<\/a><\/p>\n\n\n\n<p>Dunce I. 2002.&nbsp;<em>Dendrobates&nbsp;<\/em>\u0123ints var\u017eu ekolo\u0123ija nebr\u012bv\u0113. Ma\u0123istra darbs. R\u012bga: Latvijas Universit\u0101te. (MSc thesis, in Latvian.)<\/p>\n","protected":false},"excerpt":{"rendered":"<p>Publications Dunce I. 2012. Der Goldbaumsteiger\u00a0Dendrobates auratus. M\u00fcnster: Natur and Tier-Verlag GmbH. ISBN: 978-3-86659-199-2. 64 S. (In German.) Dunce I. 2002.&nbsp;Dendrobates&nbsp;\u0123ints var\u017eu ekolo\u0123ija nebr\u012bv\u0113. Ma\u0123istra darbs. R\u012bga: Latvijas Universit\u0101te. (MSc thesis, in Latvian.)<\/p>\n","protected":false},"author":1,"featured_media":0,"parent":0,"menu_order":0,"comment_status":"closed","ping_status":"closed","template":"","meta":{"_acf_changed":false,"_editorskit_title_hidden":false,"_editorskit_reading_time":0,"_editorskit_is_block_options_detached":false,"_editorskit_block_options_position":"{}","inline_featured_image":false,"footnotes":""},"class_list":["post-7703","page","type-page","status-publish","hentry"],"acf":[],"yoast_head":"<!-- This site is optimized with the Yoast SEO plugin v27.4 - https:\/\/yoast.com\/product\/yoast-seo-wordpress\/ -->\n<title>Poison-arrow\u00a0Frogs\u00a0(Dendrobates) - Zoo<\/title>\n<meta name=\"robots\" content=\"index, follow, max-snippet:-1, max-image-preview:large, max-video-preview:-1\" \/>\n<link rel=\"canonical\" href=\"https:\/\/rigazoo.lv\/en\/poison-arrow-frogs-dendrobates\/\" \/>\n<meta property=\"og:locale\" content=\"en_US\" \/>\n<meta property=\"og:type\" content=\"article\" \/>\n<meta property=\"og:title\" content=\"Poison-arrow\u00a0Frogs\u00a0(Dendrobates) - Zoo\" \/>\n<meta property=\"og:description\" content=\"Publications Dunce I. 2012. Der Goldbaumsteiger\u00a0Dendrobates auratus. M\u00fcnster: Natur and Tier-Verlag GmbH. ISBN: 978-3-86659-199-2. 64 S. (In German.) Dunce I. 2002.&nbsp;Dendrobates&nbsp;\u0123ints var\u017eu ekolo\u0123ija nebr\u012bv\u0113. Ma\u0123istra darbs. R\u012bga: Latvijas Universit\u0101te. (MSc thesis, in Latvian.)\" \/>\n<meta property=\"og:url\" content=\"https:\/\/rigazoo.lv\/en\/poison-arrow-frogs-dendrobates\/\" \/>\n<meta property=\"og:site_name\" content=\"Zoo\" \/>\n<meta property=\"article:modified_time\" content=\"2023-07-05T11:05:55+00:00\" \/>\n<meta name=\"twitter:card\" content=\"summary_large_image\" \/>\n<meta name=\"twitter:label1\" content=\"Est. reading time\" \/>\n\t<meta name=\"twitter:data1\" content=\"1 minute\" \/>\n<script type=\"application\/ld+json\" class=\"yoast-schema-graph\">{\"@context\":\"https:\\\/\\\/schema.org\",\"@graph\":[{\"@type\":\"WebPage\",\"@id\":\"https:\\\/\\\/rigazoo.lv\\\/en\\\/poison-arrow-frogs-dendrobates\\\/\",\"url\":\"https:\\\/\\\/rigazoo.lv\\\/en\\\/poison-arrow-frogs-dendrobates\\\/\",\"name\":\"Poison-arrow\u00a0Frogs\u00a0(Dendrobates) - Zoo\",\"isPartOf\":{\"@id\":\"https:\\\/\\\/rigazoo.lv\\\/en\\\/#website\"},\"datePublished\":\"2023-06-26T08:42:41+00:00\",\"dateModified\":\"2023-07-05T11:05:55+00:00\",\"breadcrumb\":{\"@id\":\"https:\\\/\\\/rigazoo.lv\\\/en\\\/poison-arrow-frogs-dendrobates\\\/#breadcrumb\"},\"inLanguage\":\"en-US\",\"potentialAction\":[{\"@type\":\"ReadAction\",\"target\":[\"https:\\\/\\\/rigazoo.lv\\\/en\\\/poison-arrow-frogs-dendrobates\\\/\"]}]},{\"@type\":\"BreadcrumbList\",\"@id\":\"https:\\\/\\\/rigazoo.lv\\\/en\\\/poison-arrow-frogs-dendrobates\\\/#breadcrumb\",\"itemListElement\":[{\"@type\":\"ListItem\",\"position\":1,\"name\":\"S\u0101kums\",\"item\":\"https:\\\/\\\/rigazoo.lv\\\/en\\\/\"},{\"@type\":\"ListItem\",\"position\":2,\"name\":\"Poison-arrow\u00a0Frogs\u00a0(Dendrobates)\"}]},{\"@type\":\"WebSite\",\"@id\":\"https:\\\/\\\/rigazoo.lv\\\/en\\\/#website\",\"url\":\"https:\\\/\\\/rigazoo.lv\\\/en\\\/\",\"name\":\"Zoo\",\"description\":\"\",\"potentialAction\":[{\"@type\":\"SearchAction\",\"target\":{\"@type\":\"EntryPoint\",\"urlTemplate\":\"https:\\\/\\\/rigazoo.lv\\\/en\\\/?s={search_term_string}\"},\"query-input\":{\"@type\":\"PropertyValueSpecification\",\"valueRequired\":true,\"valueName\":\"search_term_string\"}}],\"inLanguage\":\"en-US\"}]}<\/script>\n<!-- \/ Yoast SEO plugin. -->","yoast_head_json":{"title":"Poison-arrow\u00a0Frogs\u00a0(Dendrobates) - Zoo","robots":{"index":"index","follow":"follow","max-snippet":"max-snippet:-1","max-image-preview":"max-image-preview:large","max-video-preview":"max-video-preview:-1"},"canonical":"https:\/\/rigazoo.lv\/en\/poison-arrow-frogs-dendrobates\/","og_locale":"en_US","og_type":"article","og_title":"Poison-arrow\u00a0Frogs\u00a0(Dendrobates) - Zoo","og_description":"Publications Dunce I. 2012. Der Goldbaumsteiger\u00a0Dendrobates auratus. M\u00fcnster: Natur and Tier-Verlag GmbH. ISBN: 978-3-86659-199-2. 64 S. (In German.) Dunce I. 2002.&nbsp;Dendrobates&nbsp;\u0123ints var\u017eu ekolo\u0123ija nebr\u012bv\u0113. Ma\u0123istra darbs. R\u012bga: Latvijas Universit\u0101te. (MSc thesis, in Latvian.)","og_url":"https:\/\/rigazoo.lv\/en\/poison-arrow-frogs-dendrobates\/","og_site_name":"Zoo","article_modified_time":"2023-07-05T11:05:55+00:00","twitter_card":"summary_large_image","twitter_misc":{"Est. reading time":"1 minute"},"schema":{"@context":"https:\/\/schema.org","@graph":[{"@type":"WebPage","@id":"https:\/\/rigazoo.lv\/en\/poison-arrow-frogs-dendrobates\/","url":"https:\/\/rigazoo.lv\/en\/poison-arrow-frogs-dendrobates\/","name":"Poison-arrow\u00a0Frogs\u00a0(Dendrobates) - Zoo","isPartOf":{"@id":"https:\/\/rigazoo.lv\/en\/#website"},"datePublished":"2023-06-26T08:42:41+00:00","dateModified":"2023-07-05T11:05:55+00:00","breadcrumb":{"@id":"https:\/\/rigazoo.lv\/en\/poison-arrow-frogs-dendrobates\/#breadcrumb"},"inLanguage":"en-US","potentialAction":[{"@type":"ReadAction","target":["https:\/\/rigazoo.lv\/en\/poison-arrow-frogs-dendrobates\/"]}]},{"@type":"BreadcrumbList","@id":"https:\/\/rigazoo.lv\/en\/poison-arrow-frogs-dendrobates\/#breadcrumb","itemListElement":[{"@type":"ListItem","position":1,"name":"S\u0101kums","item":"https:\/\/rigazoo.lv\/en\/"},{"@type":"ListItem","position":2,"name":"Poison-arrow\u00a0Frogs\u00a0(Dendrobates)"}]},{"@type":"WebSite","@id":"https:\/\/rigazoo.lv\/en\/#website","url":"https:\/\/rigazoo.lv\/en\/","name":"Zoo","description":"","potentialAction":[{"@type":"SearchAction","target":{"@type":"EntryPoint","urlTemplate":"https:\/\/rigazoo.lv\/en\/?s={search_term_string}"},"query-input":{"@type":"PropertyValueSpecification","valueRequired":true,"valueName":"search_term_string"}}],"inLanguage":"en-US"}]}},"jetpack_sharing_enabled":true,"_links":{"self":[{"href":"https:\/\/rigazoo.lv\/en\/wp-json\/wp\/v2\/pages\/7703","targetHints":{"allow":["GET"]}}],"collection":[{"href":"https:\/\/rigazoo.lv\/en\/wp-json\/wp\/v2\/pages"}],"about":[{"href":"https:\/\/rigazoo.lv\/en\/wp-json\/wp\/v2\/types\/page"}],"author":[{"embeddable":true,"href":"https:\/\/rigazoo.lv\/en\/wp-json\/wp\/v2\/users\/1"}],"replies":[{"embeddable":true,"href":"https:\/\/rigazoo.lv\/en\/wp-json\/wp\/v2\/comments?post=7703"}],"version-history":[{"count":0,"href":"https:\/\/rigazoo.lv\/en\/wp-json\/wp\/v2\/pages\/7703\/revisions"}],"wp:attachment":[{"href":"https:\/\/rigazoo.lv\/en\/wp-json\/wp\/v2\/media?parent=7703"}],"curies":[{"name":"wp","href":"https:\/\/api.w.org\/{rel}","templated":true}]}}