{"id":7701,"date":"2023-06-26T10:20:42","date_gmt":"2023-06-26T08:20:42","guid":{"rendered":"https:\/\/rigazoo.lv\/?page_id=7701"},"modified":"2023-07-05T13:02:16","modified_gmt":"2023-07-05T11:02:16","slug":"research-of-wild-ungulates-in-latvia","status":"publish","type":"page","link":"https:\/\/rigazoo.lv\/en\/research-of-wild-ungulates-in-latvia\/","title":{"rendered":"Research of wild ungulates in Latvia"},"content":{"rendered":"\n<p>Publications<\/p>\n\n\n\n<p>Lange I. 2006. Ziemas ekskrementu metodes izmanto\u0161anas iesp\u0113jas brie\u017eu dzimtas dz\u012bvnieku popul\u0101ciju p\u0113t\u012bjumos. Ma\u0123istra darbs. R\u012bga: Latvijas Universit\u0101te. (MSc Thesis, in Latvian.)<\/p>\n","protected":false},"excerpt":{"rendered":"<p>Publications Lange I. 2006. Ziemas ekskrementu metodes izmanto\u0161anas iesp\u0113jas brie\u017eu dzimtas dz\u012bvnieku popul\u0101ciju p\u0113t\u012bjumos. Ma\u0123istra darbs. R\u012bga: Latvijas Universit\u0101te. (MSc Thesis, in Latvian.)<\/p>\n","protected":false},"author":1,"featured_media":0,"parent":0,"menu_order":0,"comment_status":"closed","ping_status":"closed","template":"","meta":{"_acf_changed":false,"_editorskit_title_hidden":false,"_editorskit_reading_time":0,"_editorskit_is_block_options_detached":false,"_editorskit_block_options_position":"{}","inline_featured_image":false,"footnotes":""},"class_list":["post-7701","page","type-page","status-publish","hentry"],"acf":[],"yoast_head":"<!-- This site is optimized with the Yoast SEO plugin v27.4 - https:\/\/yoast.com\/product\/yoast-seo-wordpress\/ -->\n<title>Research of wild ungulates in Latvia - Zoo<\/title>\n<meta name=\"robots\" content=\"index, follow, max-snippet:-1, max-image-preview:large, max-video-preview:-1\" \/>\n<link rel=\"canonical\" href=\"https:\/\/rigazoo.lv\/en\/research-of-wild-ungulates-in-latvia\/\" \/>\n<meta property=\"og:locale\" content=\"en_US\" \/>\n<meta property=\"og:type\" content=\"article\" \/>\n<meta property=\"og:title\" content=\"Research of wild ungulates in Latvia - Zoo\" \/>\n<meta property=\"og:description\" content=\"Publications Lange I. 2006. Ziemas ekskrementu metodes izmanto\u0161anas iesp\u0113jas brie\u017eu dzimtas dz\u012bvnieku popul\u0101ciju p\u0113t\u012bjumos. Ma\u0123istra darbs. R\u012bga: Latvijas Universit\u0101te. (MSc Thesis, in Latvian.)\" \/>\n<meta property=\"og:url\" content=\"https:\/\/rigazoo.lv\/en\/research-of-wild-ungulates-in-latvia\/\" \/>\n<meta property=\"og:site_name\" content=\"Zoo\" \/>\n<meta property=\"article:modified_time\" content=\"2023-07-05T11:02:16+00:00\" \/>\n<meta name=\"twitter:card\" content=\"summary_large_image\" \/>\n<meta name=\"twitter:label1\" content=\"Est. reading time\" \/>\n\t<meta name=\"twitter:data1\" content=\"1 minute\" \/>\n<script type=\"application\/ld+json\" class=\"yoast-schema-graph\">{\"@context\":\"https:\\\/\\\/schema.org\",\"@graph\":[{\"@type\":\"WebPage\",\"@id\":\"https:\\\/\\\/rigazoo.lv\\\/en\\\/research-of-wild-ungulates-in-latvia\\\/\",\"url\":\"https:\\\/\\\/rigazoo.lv\\\/en\\\/research-of-wild-ungulates-in-latvia\\\/\",\"name\":\"Research of wild ungulates in Latvia - Zoo\",\"isPartOf\":{\"@id\":\"https:\\\/\\\/rigazoo.lv\\\/en\\\/#website\"},\"datePublished\":\"2023-06-26T08:20:42+00:00\",\"dateModified\":\"2023-07-05T11:02:16+00:00\",\"breadcrumb\":{\"@id\":\"https:\\\/\\\/rigazoo.lv\\\/en\\\/research-of-wild-ungulates-in-latvia\\\/#breadcrumb\"},\"inLanguage\":\"en-US\",\"potentialAction\":[{\"@type\":\"ReadAction\",\"target\":[\"https:\\\/\\\/rigazoo.lv\\\/en\\\/research-of-wild-ungulates-in-latvia\\\/\"]}]},{\"@type\":\"BreadcrumbList\",\"@id\":\"https:\\\/\\\/rigazoo.lv\\\/en\\\/research-of-wild-ungulates-in-latvia\\\/#breadcrumb\",\"itemListElement\":[{\"@type\":\"ListItem\",\"position\":1,\"name\":\"S\u0101kums\",\"item\":\"https:\\\/\\\/rigazoo.lv\\\/en\\\/\"},{\"@type\":\"ListItem\",\"position\":2,\"name\":\"Research of wild ungulates in Latvia\"}]},{\"@type\":\"WebSite\",\"@id\":\"https:\\\/\\\/rigazoo.lv\\\/en\\\/#website\",\"url\":\"https:\\\/\\\/rigazoo.lv\\\/en\\\/\",\"name\":\"Zoo\",\"description\":\"\",\"potentialAction\":[{\"@type\":\"SearchAction\",\"target\":{\"@type\":\"EntryPoint\",\"urlTemplate\":\"https:\\\/\\\/rigazoo.lv\\\/en\\\/?s={search_term_string}\"},\"query-input\":{\"@type\":\"PropertyValueSpecification\",\"valueRequired\":true,\"valueName\":\"search_term_string\"}}],\"inLanguage\":\"en-US\"}]}<\/script>\n<!-- \/ Yoast SEO plugin. -->","yoast_head_json":{"title":"Research of wild ungulates in Latvia - Zoo","robots":{"index":"index","follow":"follow","max-snippet":"max-snippet:-1","max-image-preview":"max-image-preview:large","max-video-preview":"max-video-preview:-1"},"canonical":"https:\/\/rigazoo.lv\/en\/research-of-wild-ungulates-in-latvia\/","og_locale":"en_US","og_type":"article","og_title":"Research of wild ungulates in Latvia - Zoo","og_description":"Publications Lange I. 2006. Ziemas ekskrementu metodes izmanto\u0161anas iesp\u0113jas brie\u017eu dzimtas dz\u012bvnieku popul\u0101ciju p\u0113t\u012bjumos. Ma\u0123istra darbs. R\u012bga: Latvijas Universit\u0101te. (MSc Thesis, in Latvian.)","og_url":"https:\/\/rigazoo.lv\/en\/research-of-wild-ungulates-in-latvia\/","og_site_name":"Zoo","article_modified_time":"2023-07-05T11:02:16+00:00","twitter_card":"summary_large_image","twitter_misc":{"Est. reading time":"1 minute"},"schema":{"@context":"https:\/\/schema.org","@graph":[{"@type":"WebPage","@id":"https:\/\/rigazoo.lv\/en\/research-of-wild-ungulates-in-latvia\/","url":"https:\/\/rigazoo.lv\/en\/research-of-wild-ungulates-in-latvia\/","name":"Research of wild ungulates in Latvia - Zoo","isPartOf":{"@id":"https:\/\/rigazoo.lv\/en\/#website"},"datePublished":"2023-06-26T08:20:42+00:00","dateModified":"2023-07-05T11:02:16+00:00","breadcrumb":{"@id":"https:\/\/rigazoo.lv\/en\/research-of-wild-ungulates-in-latvia\/#breadcrumb"},"inLanguage":"en-US","potentialAction":[{"@type":"ReadAction","target":["https:\/\/rigazoo.lv\/en\/research-of-wild-ungulates-in-latvia\/"]}]},{"@type":"BreadcrumbList","@id":"https:\/\/rigazoo.lv\/en\/research-of-wild-ungulates-in-latvia\/#breadcrumb","itemListElement":[{"@type":"ListItem","position":1,"name":"S\u0101kums","item":"https:\/\/rigazoo.lv\/en\/"},{"@type":"ListItem","position":2,"name":"Research of wild ungulates in Latvia"}]},{"@type":"WebSite","@id":"https:\/\/rigazoo.lv\/en\/#website","url":"https:\/\/rigazoo.lv\/en\/","name":"Zoo","description":"","potentialAction":[{"@type":"SearchAction","target":{"@type":"EntryPoint","urlTemplate":"https:\/\/rigazoo.lv\/en\/?s={search_term_string}"},"query-input":{"@type":"PropertyValueSpecification","valueRequired":true,"valueName":"search_term_string"}}],"inLanguage":"en-US"}]}},"jetpack_sharing_enabled":true,"_links":{"self":[{"href":"https:\/\/rigazoo.lv\/en\/wp-json\/wp\/v2\/pages\/7701","targetHints":{"allow":["GET"]}}],"collection":[{"href":"https:\/\/rigazoo.lv\/en\/wp-json\/wp\/v2\/pages"}],"about":[{"href":"https:\/\/rigazoo.lv\/en\/wp-json\/wp\/v2\/types\/page"}],"author":[{"embeddable":true,"href":"https:\/\/rigazoo.lv\/en\/wp-json\/wp\/v2\/users\/1"}],"replies":[{"embeddable":true,"href":"https:\/\/rigazoo.lv\/en\/wp-json\/wp\/v2\/comments?post=7701"}],"version-history":[{"count":0,"href":"https:\/\/rigazoo.lv\/en\/wp-json\/wp\/v2\/pages\/7701\/revisions"}],"wp:attachment":[{"href":"https:\/\/rigazoo.lv\/en\/wp-json\/wp\/v2\/media?parent=7701"}],"curies":[{"name":"wp","href":"https:\/\/api.w.org\/{rel}","templated":true}]}}