{"id":7698,"date":"2023-06-26T10:18:25","date_gmt":"2023-06-26T08:18:25","guid":{"rendered":"https:\/\/rigazoo.lv\/?page_id=7698"},"modified":"2023-07-05T12:57:34","modified_gmt":"2023-07-05T10:57:34","slug":"research-of-reptiles-in-latvia-smooth-snake","status":"publish","type":"page","link":"https:\/\/rigazoo.lv\/en\/research-of-reptiles-in-latvia-smooth-snake\/","title":{"rendered":"Research of reptiles in Latvia\u00a0\u2013 Smooth Snake"},"content":{"rendered":"\n<p>In 2011\u20132016 Larisa Nikolajeva participated the&nbsp;Smooth Snake&nbsp;(<em>Coronella austriaca<\/em>) study in Kemeri National Park, and in 2016 in an amphibian and reptile monitoring at Natura 2000 sites in Latvia.<\/p>\n\n\n\n<p>Publications<\/p>\n\n\n\n<p><a href=\"https:\/\/rigazoo.lv\/wp-content\/uploads\/2023\/06\/RE_Coronella-austriaca_litt_2017_CeiransNikolajeva.pdf\" target=\"_blank\" rel=\"noreferrer noopener\">\u010ceir\u0101ns A., Nikolajeva L. 2017. Habitat ecology of the smooth snake\u00a0<em>Coronella austriaca<\/em>\u00a0and its reptilian prey in the degraded bog with implications for artificial refuge surveys. \u2013 Zoology and Ecology 27(1): 19-29.<\/a><\/p>\n\n\n\n<p>\u200bNikolajeva L. 2015. Gluden\u0101s \u010d\u016bskas Coronella austriaca popul\u0101cijas lielums un strukt\u016bra \u0136emeru nacion\u0101l\u0101 parka Slokas un Vecaj\u0101 purvos (The smooth snake&nbsp;<em>Coronella austriaca<\/em>&nbsp;population size and structure in \u0136emeri National Park Slokas and Vecais bogs). Ma\u0123istra darbs. R\u012bga: Latvijas universit\u0101te. (MSc thesis, in Latvian.)<\/p>\n\n\n\n<p>Nikolajeva L., \u010ceir\u0101ns A. 2014. The Smooth Snake&nbsp;<em>Coronella austriaca<\/em>&nbsp;population size and structure in Kemeri National Park Slokas and Vecais bogs. \u2013 Book of abstracts of the 2nd International workshop-conference: Research and conservation of European herpetofauna and its environment: Bombina bombina, Emys orbicularis, and Coronella austriaca. Project LIFE-HerpetoLatvia, 14.\u201315.08.2014. Daugavpils, Latvia. P. 42.<\/p>\n\n\n\n<p><a href=\"https:\/\/rigazoo.lv\/wp-content\/uploads\/2023\/06\/RE_Coronella-austriaca_litt_2014_CeiransNikolajeva.pdf\" target=\"_blank\" rel=\"noreferrer noopener\">\u010ceir\u0101ns A., Nikolajeva L. 2014. Study of smooth snake (<em>Coronella austriaca<\/em>) population in the Slokas Bog, Latvia. \u2013 Herpetological Facts Journal 2014 (1): 22-32.<\/a><\/p>\n\n\n\n<p>Nikolajeva L. 2013. Gluden\u0101s \u010d\u016bskas&nbsp;<em>Coronella austriaca<\/em>&nbsp;un citu r\u0101pu\u013cu izplat\u012bba un apdz\u012bvotie biotopi \u0136emeru nacion\u0101l\u0101 parka Slokas un Vecaj\u0101 purvos (Smooth snake\u2019s&nbsp;<em>Coronella austriaca<\/em>&nbsp;and other reptile\u2019s species distribution and habitats in Slokas and Vecais bogs, Kemeri National park, Latvia). Bakalaura darbs. R\u012bga: Latvijas universit\u0101te. (BSc thesis, in Latvian.)<\/p>\n\n\n\n<p>\u010ceir\u0101ns A. 1997. Gluden\u0101s \u010d\u016bskas dz\u012bvesvietas Latvij\u0101 un piez\u012bmes par sugas morfolo\u0123iju, izplat\u012bbu un biolo\u0123iju. Ma\u0123istra darbs. R\u012bga: Latvijas Universit\u0101te. (MSc Thesis, in Latvian.)<\/p>\n","protected":false},"excerpt":{"rendered":"<p>In 2011\u20132016 Larisa Nikolajeva participated the&nbsp;Smooth Snake&nbsp;(Coronella austriaca) study in Kemeri National Park, and in 2016 in an amphibian and reptile monitoring at Natura 2000 sites in Latvia. Publications \u010ceir\u0101ns A., Nikolajeva L. 2017. Habitat ecology of the smooth snake\u00a0Coronella austriaca\u00a0and its reptilian prey in the degraded bog with implications for artificial refuge surveys. \u2013 [&hellip;]<\/p>\n","protected":false},"author":1,"featured_media":0,"parent":0,"menu_order":0,"comment_status":"closed","ping_status":"closed","template":"","meta":{"_acf_changed":false,"_editorskit_title_hidden":false,"_editorskit_reading_time":0,"_editorskit_is_block_options_detached":false,"_editorskit_block_options_position":"{}","inline_featured_image":false,"footnotes":""},"class_list":["post-7698","page","type-page","status-publish","hentry"],"acf":[],"yoast_head":"<!-- This site is optimized with the Yoast SEO plugin v27.4 - https:\/\/yoast.com\/product\/yoast-seo-wordpress\/ -->\n<title>Research of reptiles in Latvia\u00a0\u2013 Smooth Snake - Zoo<\/title>\n<meta name=\"robots\" content=\"index, follow, max-snippet:-1, max-image-preview:large, max-video-preview:-1\" \/>\n<link rel=\"canonical\" href=\"https:\/\/rigazoo.lv\/en\/research-of-reptiles-in-latvia-smooth-snake\/\" \/>\n<meta property=\"og:locale\" content=\"en_US\" \/>\n<meta property=\"og:type\" content=\"article\" \/>\n<meta property=\"og:title\" content=\"Research of reptiles in Latvia\u00a0\u2013 Smooth Snake - Zoo\" \/>\n<meta property=\"og:description\" content=\"In 2011\u20132016 Larisa Nikolajeva participated the&nbsp;Smooth Snake&nbsp;(Coronella austriaca) study in Kemeri National Park, and in 2016 in an amphibian and reptile monitoring at Natura 2000 sites in Latvia. Publications \u010ceir\u0101ns A., Nikolajeva L. 2017. Habitat ecology of the smooth snake\u00a0Coronella austriaca\u00a0and its reptilian prey in the degraded bog with implications for artificial refuge surveys. \u2013 [&hellip;]\" \/>\n<meta property=\"og:url\" content=\"https:\/\/rigazoo.lv\/en\/research-of-reptiles-in-latvia-smooth-snake\/\" \/>\n<meta property=\"og:site_name\" content=\"Zoo\" \/>\n<meta property=\"article:modified_time\" content=\"2023-07-05T10:57:34+00:00\" \/>\n<meta name=\"twitter:card\" content=\"summary_large_image\" \/>\n<meta name=\"twitter:label1\" content=\"Est. reading time\" \/>\n\t<meta name=\"twitter:data1\" content=\"2 minutes\" \/>\n<script type=\"application\/ld+json\" class=\"yoast-schema-graph\">{\"@context\":\"https:\\\/\\\/schema.org\",\"@graph\":[{\"@type\":\"WebPage\",\"@id\":\"https:\\\/\\\/rigazoo.lv\\\/en\\\/research-of-reptiles-in-latvia-smooth-snake\\\/\",\"url\":\"https:\\\/\\\/rigazoo.lv\\\/en\\\/research-of-reptiles-in-latvia-smooth-snake\\\/\",\"name\":\"Research of reptiles in Latvia\u00a0\u2013 Smooth Snake - Zoo\",\"isPartOf\":{\"@id\":\"https:\\\/\\\/rigazoo.lv\\\/en\\\/#website\"},\"datePublished\":\"2023-06-26T08:18:25+00:00\",\"dateModified\":\"2023-07-05T10:57:34+00:00\",\"breadcrumb\":{\"@id\":\"https:\\\/\\\/rigazoo.lv\\\/en\\\/research-of-reptiles-in-latvia-smooth-snake\\\/#breadcrumb\"},\"inLanguage\":\"en-US\",\"potentialAction\":[{\"@type\":\"ReadAction\",\"target\":[\"https:\\\/\\\/rigazoo.lv\\\/en\\\/research-of-reptiles-in-latvia-smooth-snake\\\/\"]}]},{\"@type\":\"BreadcrumbList\",\"@id\":\"https:\\\/\\\/rigazoo.lv\\\/en\\\/research-of-reptiles-in-latvia-smooth-snake\\\/#breadcrumb\",\"itemListElement\":[{\"@type\":\"ListItem\",\"position\":1,\"name\":\"S\u0101kums\",\"item\":\"https:\\\/\\\/rigazoo.lv\\\/en\\\/\"},{\"@type\":\"ListItem\",\"position\":2,\"name\":\"Research of reptiles in Latvia\u00a0\u2013 Smooth Snake\"}]},{\"@type\":\"WebSite\",\"@id\":\"https:\\\/\\\/rigazoo.lv\\\/en\\\/#website\",\"url\":\"https:\\\/\\\/rigazoo.lv\\\/en\\\/\",\"name\":\"Zoo\",\"description\":\"\",\"potentialAction\":[{\"@type\":\"SearchAction\",\"target\":{\"@type\":\"EntryPoint\",\"urlTemplate\":\"https:\\\/\\\/rigazoo.lv\\\/en\\\/?s={search_term_string}\"},\"query-input\":{\"@type\":\"PropertyValueSpecification\",\"valueRequired\":true,\"valueName\":\"search_term_string\"}}],\"inLanguage\":\"en-US\"}]}<\/script>\n<!-- \/ Yoast SEO plugin. -->","yoast_head_json":{"title":"Research of reptiles in Latvia\u00a0\u2013 Smooth Snake - Zoo","robots":{"index":"index","follow":"follow","max-snippet":"max-snippet:-1","max-image-preview":"max-image-preview:large","max-video-preview":"max-video-preview:-1"},"canonical":"https:\/\/rigazoo.lv\/en\/research-of-reptiles-in-latvia-smooth-snake\/","og_locale":"en_US","og_type":"article","og_title":"Research of reptiles in Latvia\u00a0\u2013 Smooth Snake - Zoo","og_description":"In 2011\u20132016 Larisa Nikolajeva participated the&nbsp;Smooth Snake&nbsp;(Coronella austriaca) study in Kemeri National Park, and in 2016 in an amphibian and reptile monitoring at Natura 2000 sites in Latvia. Publications \u010ceir\u0101ns A., Nikolajeva L. 2017. Habitat ecology of the smooth snake\u00a0Coronella austriaca\u00a0and its reptilian prey in the degraded bog with implications for artificial refuge surveys. \u2013 [&hellip;]","og_url":"https:\/\/rigazoo.lv\/en\/research-of-reptiles-in-latvia-smooth-snake\/","og_site_name":"Zoo","article_modified_time":"2023-07-05T10:57:34+00:00","twitter_card":"summary_large_image","twitter_misc":{"Est. reading time":"2 minutes"},"schema":{"@context":"https:\/\/schema.org","@graph":[{"@type":"WebPage","@id":"https:\/\/rigazoo.lv\/en\/research-of-reptiles-in-latvia-smooth-snake\/","url":"https:\/\/rigazoo.lv\/en\/research-of-reptiles-in-latvia-smooth-snake\/","name":"Research of reptiles in Latvia\u00a0\u2013 Smooth Snake - Zoo","isPartOf":{"@id":"https:\/\/rigazoo.lv\/en\/#website"},"datePublished":"2023-06-26T08:18:25+00:00","dateModified":"2023-07-05T10:57:34+00:00","breadcrumb":{"@id":"https:\/\/rigazoo.lv\/en\/research-of-reptiles-in-latvia-smooth-snake\/#breadcrumb"},"inLanguage":"en-US","potentialAction":[{"@type":"ReadAction","target":["https:\/\/rigazoo.lv\/en\/research-of-reptiles-in-latvia-smooth-snake\/"]}]},{"@type":"BreadcrumbList","@id":"https:\/\/rigazoo.lv\/en\/research-of-reptiles-in-latvia-smooth-snake\/#breadcrumb","itemListElement":[{"@type":"ListItem","position":1,"name":"S\u0101kums","item":"https:\/\/rigazoo.lv\/en\/"},{"@type":"ListItem","position":2,"name":"Research of reptiles in Latvia\u00a0\u2013 Smooth Snake"}]},{"@type":"WebSite","@id":"https:\/\/rigazoo.lv\/en\/#website","url":"https:\/\/rigazoo.lv\/en\/","name":"Zoo","description":"","potentialAction":[{"@type":"SearchAction","target":{"@type":"EntryPoint","urlTemplate":"https:\/\/rigazoo.lv\/en\/?s={search_term_string}"},"query-input":{"@type":"PropertyValueSpecification","valueRequired":true,"valueName":"search_term_string"}}],"inLanguage":"en-US"}]}},"jetpack_sharing_enabled":true,"_links":{"self":[{"href":"https:\/\/rigazoo.lv\/en\/wp-json\/wp\/v2\/pages\/7698","targetHints":{"allow":["GET"]}}],"collection":[{"href":"https:\/\/rigazoo.lv\/en\/wp-json\/wp\/v2\/pages"}],"about":[{"href":"https:\/\/rigazoo.lv\/en\/wp-json\/wp\/v2\/types\/page"}],"author":[{"embeddable":true,"href":"https:\/\/rigazoo.lv\/en\/wp-json\/wp\/v2\/users\/1"}],"replies":[{"embeddable":true,"href":"https:\/\/rigazoo.lv\/en\/wp-json\/wp\/v2\/comments?post=7698"}],"version-history":[{"count":0,"href":"https:\/\/rigazoo.lv\/en\/wp-json\/wp\/v2\/pages\/7698\/revisions"}],"wp:attachment":[{"href":"https:\/\/rigazoo.lv\/en\/wp-json\/wp\/v2\/media?parent=7698"}],"curies":[{"name":"wp","href":"https:\/\/api.w.org\/{rel}","templated":true}]}}