{"id":7696,"date":"2023-06-26T10:02:35","date_gmt":"2023-06-26T08:02:35","guid":{"rendered":"https:\/\/rigazoo.lv\/?page_id=7696"},"modified":"2023-07-05T12:53:25","modified_gmt":"2023-07-05T10:53:25","slug":"research-on-amphibians-abroad","status":"publish","type":"page","link":"https:\/\/rigazoo.lv\/en\/research-on-amphibians-abroad\/","title":{"rendered":"<strong>Research on amphibians abroad<\/strong>"},"content":{"rendered":"\n<p>Publications<\/p>\n\n\n\n<p><a href=\"https:\/\/rigazoo.lv\/media\/sugu%20sadalai%20raksti\/AM_Rhinella-rubropunctata_Alessandro-2019.pdf\">Di Marzio A., Carri\u00f3n N.L. 2019. Primer registro de&nbsp;<em>Rhinella rubropunctata<\/em>&nbsp;(Guichenot, 1848) en la Estepa Patag\u00f3nica, Provincia de R\u00edo Negro, Argentina (Anura: Bufonidae). \u2013 Paraguay Biodiversidad 6(1): 1\u20136. Paraguay: Asunci\u00f3n. (In Spanish.)<\/a><\/p>\n","protected":false},"excerpt":{"rendered":"<p>Publications Di Marzio A., Carri\u00f3n N.L. 2019. Primer registro de&nbsp;Rhinella rubropunctata&nbsp;(Guichenot, 1848) en la Estepa Patag\u00f3nica, Provincia de R\u00edo Negro, Argentina (Anura: Bufonidae). \u2013 Paraguay Biodiversidad 6(1): 1\u20136. Paraguay: Asunci\u00f3n. (In Spanish.)<\/p>\n","protected":false},"author":1,"featured_media":0,"parent":0,"menu_order":0,"comment_status":"closed","ping_status":"closed","template":"","meta":{"_acf_changed":false,"_editorskit_title_hidden":false,"_editorskit_reading_time":0,"_editorskit_is_block_options_detached":false,"_editorskit_block_options_position":"{}","inline_featured_image":false,"footnotes":""},"class_list":["post-7696","page","type-page","status-publish","hentry"],"acf":[],"yoast_head":"<!-- This site is optimized with the Yoast SEO plugin v27.4 - https:\/\/yoast.com\/product\/yoast-seo-wordpress\/ -->\n<title>Research on amphibians abroad - Zoo<\/title>\n<meta name=\"robots\" content=\"index, follow, max-snippet:-1, max-image-preview:large, max-video-preview:-1\" \/>\n<link rel=\"canonical\" href=\"https:\/\/rigazoo.lv\/en\/research-on-amphibians-abroad\/\" \/>\n<meta property=\"og:locale\" content=\"en_US\" \/>\n<meta property=\"og:type\" content=\"article\" \/>\n<meta property=\"og:title\" content=\"Research on amphibians abroad - Zoo\" \/>\n<meta property=\"og:description\" content=\"Publications Di Marzio A., Carri\u00f3n N.L. 2019. Primer registro de&nbsp;Rhinella rubropunctata&nbsp;(Guichenot, 1848) en la Estepa Patag\u00f3nica, Provincia de R\u00edo Negro, Argentina (Anura: Bufonidae). \u2013 Paraguay Biodiversidad 6(1): 1\u20136. Paraguay: Asunci\u00f3n. (In Spanish.)\" \/>\n<meta property=\"og:url\" content=\"https:\/\/rigazoo.lv\/en\/research-on-amphibians-abroad\/\" \/>\n<meta property=\"og:site_name\" content=\"Zoo\" \/>\n<meta property=\"article:modified_time\" content=\"2023-07-05T10:53:25+00:00\" \/>\n<meta name=\"twitter:card\" content=\"summary_large_image\" \/>\n<meta name=\"twitter:label1\" content=\"Est. reading time\" \/>\n\t<meta name=\"twitter:data1\" content=\"1 minute\" \/>\n<script type=\"application\/ld+json\" class=\"yoast-schema-graph\">{\"@context\":\"https:\\\/\\\/schema.org\",\"@graph\":[{\"@type\":\"WebPage\",\"@id\":\"https:\\\/\\\/rigazoo.lv\\\/en\\\/research-on-amphibians-abroad\\\/\",\"url\":\"https:\\\/\\\/rigazoo.lv\\\/en\\\/research-on-amphibians-abroad\\\/\",\"name\":\"Research on amphibians abroad - Zoo\",\"isPartOf\":{\"@id\":\"https:\\\/\\\/rigazoo.lv\\\/en\\\/#website\"},\"datePublished\":\"2023-06-26T08:02:35+00:00\",\"dateModified\":\"2023-07-05T10:53:25+00:00\",\"breadcrumb\":{\"@id\":\"https:\\\/\\\/rigazoo.lv\\\/en\\\/research-on-amphibians-abroad\\\/#breadcrumb\"},\"inLanguage\":\"en-US\",\"potentialAction\":[{\"@type\":\"ReadAction\",\"target\":[\"https:\\\/\\\/rigazoo.lv\\\/en\\\/research-on-amphibians-abroad\\\/\"]}]},{\"@type\":\"BreadcrumbList\",\"@id\":\"https:\\\/\\\/rigazoo.lv\\\/en\\\/research-on-amphibians-abroad\\\/#breadcrumb\",\"itemListElement\":[{\"@type\":\"ListItem\",\"position\":1,\"name\":\"S\u0101kums\",\"item\":\"https:\\\/\\\/rigazoo.lv\\\/en\\\/\"},{\"@type\":\"ListItem\",\"position\":2,\"name\":\"Research on amphibians abroad\"}]},{\"@type\":\"WebSite\",\"@id\":\"https:\\\/\\\/rigazoo.lv\\\/en\\\/#website\",\"url\":\"https:\\\/\\\/rigazoo.lv\\\/en\\\/\",\"name\":\"Zoo\",\"description\":\"\",\"potentialAction\":[{\"@type\":\"SearchAction\",\"target\":{\"@type\":\"EntryPoint\",\"urlTemplate\":\"https:\\\/\\\/rigazoo.lv\\\/en\\\/?s={search_term_string}\"},\"query-input\":{\"@type\":\"PropertyValueSpecification\",\"valueRequired\":true,\"valueName\":\"search_term_string\"}}],\"inLanguage\":\"en-US\"}]}<\/script>\n<!-- \/ Yoast SEO plugin. -->","yoast_head_json":{"title":"Research on amphibians abroad - Zoo","robots":{"index":"index","follow":"follow","max-snippet":"max-snippet:-1","max-image-preview":"max-image-preview:large","max-video-preview":"max-video-preview:-1"},"canonical":"https:\/\/rigazoo.lv\/en\/research-on-amphibians-abroad\/","og_locale":"en_US","og_type":"article","og_title":"Research on amphibians abroad - Zoo","og_description":"Publications Di Marzio A., Carri\u00f3n N.L. 2019. Primer registro de&nbsp;Rhinella rubropunctata&nbsp;(Guichenot, 1848) en la Estepa Patag\u00f3nica, Provincia de R\u00edo Negro, Argentina (Anura: Bufonidae). \u2013 Paraguay Biodiversidad 6(1): 1\u20136. Paraguay: Asunci\u00f3n. (In Spanish.)","og_url":"https:\/\/rigazoo.lv\/en\/research-on-amphibians-abroad\/","og_site_name":"Zoo","article_modified_time":"2023-07-05T10:53:25+00:00","twitter_card":"summary_large_image","twitter_misc":{"Est. reading time":"1 minute"},"schema":{"@context":"https:\/\/schema.org","@graph":[{"@type":"WebPage","@id":"https:\/\/rigazoo.lv\/en\/research-on-amphibians-abroad\/","url":"https:\/\/rigazoo.lv\/en\/research-on-amphibians-abroad\/","name":"Research on amphibians abroad - Zoo","isPartOf":{"@id":"https:\/\/rigazoo.lv\/en\/#website"},"datePublished":"2023-06-26T08:02:35+00:00","dateModified":"2023-07-05T10:53:25+00:00","breadcrumb":{"@id":"https:\/\/rigazoo.lv\/en\/research-on-amphibians-abroad\/#breadcrumb"},"inLanguage":"en-US","potentialAction":[{"@type":"ReadAction","target":["https:\/\/rigazoo.lv\/en\/research-on-amphibians-abroad\/"]}]},{"@type":"BreadcrumbList","@id":"https:\/\/rigazoo.lv\/en\/research-on-amphibians-abroad\/#breadcrumb","itemListElement":[{"@type":"ListItem","position":1,"name":"S\u0101kums","item":"https:\/\/rigazoo.lv\/en\/"},{"@type":"ListItem","position":2,"name":"Research on amphibians abroad"}]},{"@type":"WebSite","@id":"https:\/\/rigazoo.lv\/en\/#website","url":"https:\/\/rigazoo.lv\/en\/","name":"Zoo","description":"","potentialAction":[{"@type":"SearchAction","target":{"@type":"EntryPoint","urlTemplate":"https:\/\/rigazoo.lv\/en\/?s={search_term_string}"},"query-input":{"@type":"PropertyValueSpecification","valueRequired":true,"valueName":"search_term_string"}}],"inLanguage":"en-US"}]}},"jetpack_sharing_enabled":true,"_links":{"self":[{"href":"https:\/\/rigazoo.lv\/en\/wp-json\/wp\/v2\/pages\/7696","targetHints":{"allow":["GET"]}}],"collection":[{"href":"https:\/\/rigazoo.lv\/en\/wp-json\/wp\/v2\/pages"}],"about":[{"href":"https:\/\/rigazoo.lv\/en\/wp-json\/wp\/v2\/types\/page"}],"author":[{"embeddable":true,"href":"https:\/\/rigazoo.lv\/en\/wp-json\/wp\/v2\/users\/1"}],"replies":[{"embeddable":true,"href":"https:\/\/rigazoo.lv\/en\/wp-json\/wp\/v2\/comments?post=7696"}],"version-history":[{"count":0,"href":"https:\/\/rigazoo.lv\/en\/wp-json\/wp\/v2\/pages\/7696\/revisions"}],"wp:attachment":[{"href":"https:\/\/rigazoo.lv\/en\/wp-json\/wp\/v2\/media?parent=7696"}],"curies":[{"name":"wp","href":"https:\/\/api.w.org\/{rel}","templated":true}]}}