{"id":7634,"date":"2023-05-19T12:23:27","date_gmt":"2023-05-19T10:23:27","guid":{"rendered":"https:\/\/rigazoo.lv\/?page_id=7634"},"modified":"2026-05-08T12:42:28","modified_gmt":"2026-05-08T10:42:28","slug":"contact-info","status":"publish","type":"page","link":"https:\/\/rigazoo.lv\/en\/contact-info\/","title":{"rendered":"Contact info"},"content":{"rendered":"\n<h2 class=\"wp-block-heading\"><strong>Company properties:<\/strong><\/h2>\n\n\n\n<p>SIA \u201cR\u012bgas Nacion\u0101lais zoolo\u0123iskais d\u0101rzs\u201d,&nbsp;<br>Me\u017ea prospekts 1, R\u012bga LV- 1014, Latvia<br>VAT Reg. Nr. LV40103032521<br>Account Nr.: LV68PARX0002243155003<br>Bank: AS CITADELE<\/p>\n\n\n\n\n<div class=\"zoo-accordion\">\n    <div class=\"born-container is-default\">\n        <div class=\"inner\">\n            <button class=\"collapsed\" type=\"button\" data-bs-toggle=\"collapse\" data-bs-target=\"#acc_8113290620538522\" aria-expanded=\"true\">\n                Customer service            <\/button>\n            <div class=\"content collapse\" id=\"acc_8113290620538522\">\n                <div>\n                    <p>+371 28001109<\/p>\n<p>info@rigazoo.lv<\/p>\n<p>(Monday to Friday from 10:00 to 18:00)<\/p>\n                <\/div>\n            <\/div>\n        <\/div>\n    <\/div>\n<\/div>\n\n\n\n\n<div class=\"zoo-accordion\">\n    <div class=\"born-container is-default\">\n        <div class=\"inner\">\n            <button class=\"collapsed\" type=\"button\" data-bs-toggle=\"collapse\" data-bs-target=\"#acc_9291804348550764\" aria-expanded=\"true\">\n                Guided tours            <\/button>\n            <div class=\"content collapse\" id=\"acc_9291804348550764\">\n                <div>\n                    <p>+371 22003212<\/p>\n<p>zooskola@rigazoo.lv<\/p>\n<p>(Monday to Friday from 10:00 to 16:00)<\/p>\n                <\/div>\n            <\/div>\n        <\/div>\n    <\/div>\n<\/div>\n\n\n\n\n<div class=\"zoo-accordion\">\n    <div class=\"born-container is-default\">\n        <div class=\"inner\">\n            <button class=\"collapsed\" type=\"button\" data-bs-toggle=\"collapse\" data-bs-target=\"#acc_4557169123698183\" aria-expanded=\"true\">\n                Corporate collaboration            <\/button>\n            <div class=\"content collapse\" id=\"acc_4557169123698183\">\n                <div>\n                    <p>Liene Nelse-\u0160kute<br \/>\n<a href=\"mailto:liene.nelse-skute@rigazoo.lv\">liene.nelse-skute@rigazoo.lv<\/a><\/p>\n                <\/div>\n            <\/div>\n        <\/div>\n    <\/div>\n<\/div>\n\n\n\n\n<div class=\"zoo-accordion\">\n    <div class=\"born-container is-default\">\n        <div class=\"inner\">\n            <button class=\"collapsed\" type=\"button\" data-bs-toggle=\"collapse\" data-bs-target=\"#acc_9623726887194303\" aria-expanded=\"true\">\n                Management of Riga ZOO            <\/button>\n            <div class=\"content collapse\" id=\"acc_9623726887194303\">\n                <div>\n                    <p>rigazoo@rigazoo.lv<\/p>\n                <\/div>\n            <\/div>\n        <\/div>\n    <\/div>\n<\/div>\n\n\n\n\n<div class=\"zoo-accordion\">\n    <div class=\"born-container is-default\">\n        <div class=\"inner\">\n            <button class=\"collapsed\" type=\"button\" data-bs-toggle=\"collapse\" data-bs-target=\"#acc_7125798922785941\" aria-expanded=\"true\">\n                Invoices            <\/button>\n            <div class=\"content collapse\" id=\"acc_7125798922785941\">\n                <div>\n                    <p>rekini@rigazoo.lv<\/p>\n                <\/div>\n            <\/div>\n        <\/div>\n    <\/div>\n<\/div>\n","protected":false},"excerpt":{"rendered":"<p>Company properties: SIA \u201cR\u012bgas Nacion\u0101lais zoolo\u0123iskais d\u0101rzs\u201d,&nbsp;Me\u017ea prospekts 1, R\u012bga LV- 1014, LatviaVAT Reg. Nr. LV40103032521Account Nr.: LV68PARX0002243155003Bank: AS CITADELE<\/p>\n","protected":false},"author":1,"featured_media":0,"parent":0,"menu_order":0,"comment_status":"closed","ping_status":"closed","template":"","meta":{"_acf_changed":false,"_editorskit_title_hidden":false,"_editorskit_reading_time":0,"_editorskit_is_block_options_detached":false,"_editorskit_block_options_position":"{}","inline_featured_image":false,"footnotes":""},"class_list":["post-7634","page","type-page","status-publish","hentry"],"acf":[],"yoast_head":"<!-- This site is optimized with the Yoast SEO plugin v27.5 - https:\/\/yoast.com\/product\/yoast-seo-wordpress\/ -->\n<title>Contact info - Zoo<\/title>\n<meta name=\"robots\" content=\"index, follow, max-snippet:-1, max-image-preview:large, max-video-preview:-1\" \/>\n<link rel=\"canonical\" href=\"https:\/\/rigazoo.lv\/en\/contact-info\/\" \/>\n<meta property=\"og:locale\" content=\"en_US\" \/>\n<meta property=\"og:type\" content=\"article\" \/>\n<meta property=\"og:title\" content=\"Contact info - Zoo\" \/>\n<meta property=\"og:description\" content=\"Company properties: SIA \u201cR\u012bgas Nacion\u0101lais zoolo\u0123iskais d\u0101rzs\u201d,&nbsp;Me\u017ea prospekts 1, R\u012bga LV- 1014, LatviaVAT Reg. Nr. LV40103032521Account Nr.: LV68PARX0002243155003Bank: AS CITADELE\" \/>\n<meta property=\"og:url\" content=\"https:\/\/rigazoo.lv\/en\/contact-info\/\" \/>\n<meta property=\"og:site_name\" content=\"Zoo\" \/>\n<meta property=\"article:modified_time\" content=\"2026-05-08T10:42:28+00:00\" \/>\n<meta name=\"twitter:card\" content=\"summary_large_image\" \/>\n<meta name=\"twitter:label1\" content=\"Est. reading time\" \/>\n\t<meta name=\"twitter:data1\" content=\"1 minute\" \/>\n<script type=\"application\/ld+json\" class=\"yoast-schema-graph\">{\"@context\":\"https:\\\/\\\/schema.org\",\"@graph\":[{\"@type\":\"WebPage\",\"@id\":\"https:\\\/\\\/rigazoo.lv\\\/en\\\/contact-info\\\/\",\"url\":\"https:\\\/\\\/rigazoo.lv\\\/en\\\/contact-info\\\/\",\"name\":\"Contact info - Zoo\",\"isPartOf\":{\"@id\":\"https:\\\/\\\/rigazoo.lv\\\/en\\\/#website\"},\"datePublished\":\"2023-05-19T10:23:27+00:00\",\"dateModified\":\"2026-05-08T10:42:28+00:00\",\"breadcrumb\":{\"@id\":\"https:\\\/\\\/rigazoo.lv\\\/en\\\/contact-info\\\/#breadcrumb\"},\"inLanguage\":\"en-US\",\"potentialAction\":[{\"@type\":\"ReadAction\",\"target\":[\"https:\\\/\\\/rigazoo.lv\\\/en\\\/contact-info\\\/\"]}]},{\"@type\":\"BreadcrumbList\",\"@id\":\"https:\\\/\\\/rigazoo.lv\\\/en\\\/contact-info\\\/#breadcrumb\",\"itemListElement\":[{\"@type\":\"ListItem\",\"position\":1,\"name\":\"S\u0101kums\",\"item\":\"https:\\\/\\\/rigazoo.lv\\\/en\\\/\"},{\"@type\":\"ListItem\",\"position\":2,\"name\":\"Contact info\"}]},{\"@type\":\"WebSite\",\"@id\":\"https:\\\/\\\/rigazoo.lv\\\/en\\\/#website\",\"url\":\"https:\\\/\\\/rigazoo.lv\\\/en\\\/\",\"name\":\"Zoo\",\"description\":\"\",\"potentialAction\":[{\"@type\":\"SearchAction\",\"target\":{\"@type\":\"EntryPoint\",\"urlTemplate\":\"https:\\\/\\\/rigazoo.lv\\\/en\\\/?s={search_term_string}\"},\"query-input\":{\"@type\":\"PropertyValueSpecification\",\"valueRequired\":true,\"valueName\":\"search_term_string\"}}],\"inLanguage\":\"en-US\"}]}<\/script>\n<!-- \/ Yoast SEO plugin. -->","yoast_head_json":{"title":"Contact info - Zoo","robots":{"index":"index","follow":"follow","max-snippet":"max-snippet:-1","max-image-preview":"max-image-preview:large","max-video-preview":"max-video-preview:-1"},"canonical":"https:\/\/rigazoo.lv\/en\/contact-info\/","og_locale":"en_US","og_type":"article","og_title":"Contact info - Zoo","og_description":"Company properties: SIA \u201cR\u012bgas Nacion\u0101lais zoolo\u0123iskais d\u0101rzs\u201d,&nbsp;Me\u017ea prospekts 1, R\u012bga LV- 1014, LatviaVAT Reg. Nr. LV40103032521Account Nr.: LV68PARX0002243155003Bank: AS CITADELE","og_url":"https:\/\/rigazoo.lv\/en\/contact-info\/","og_site_name":"Zoo","article_modified_time":"2026-05-08T10:42:28+00:00","twitter_card":"summary_large_image","twitter_misc":{"Est. reading time":"1 minute"},"schema":{"@context":"https:\/\/schema.org","@graph":[{"@type":"WebPage","@id":"https:\/\/rigazoo.lv\/en\/contact-info\/","url":"https:\/\/rigazoo.lv\/en\/contact-info\/","name":"Contact info - Zoo","isPartOf":{"@id":"https:\/\/rigazoo.lv\/en\/#website"},"datePublished":"2023-05-19T10:23:27+00:00","dateModified":"2026-05-08T10:42:28+00:00","breadcrumb":{"@id":"https:\/\/rigazoo.lv\/en\/contact-info\/#breadcrumb"},"inLanguage":"en-US","potentialAction":[{"@type":"ReadAction","target":["https:\/\/rigazoo.lv\/en\/contact-info\/"]}]},{"@type":"BreadcrumbList","@id":"https:\/\/rigazoo.lv\/en\/contact-info\/#breadcrumb","itemListElement":[{"@type":"ListItem","position":1,"name":"S\u0101kums","item":"https:\/\/rigazoo.lv\/en\/"},{"@type":"ListItem","position":2,"name":"Contact info"}]},{"@type":"WebSite","@id":"https:\/\/rigazoo.lv\/en\/#website","url":"https:\/\/rigazoo.lv\/en\/","name":"Zoo","description":"","potentialAction":[{"@type":"SearchAction","target":{"@type":"EntryPoint","urlTemplate":"https:\/\/rigazoo.lv\/en\/?s={search_term_string}"},"query-input":{"@type":"PropertyValueSpecification","valueRequired":true,"valueName":"search_term_string"}}],"inLanguage":"en-US"}]}},"jetpack_sharing_enabled":true,"_links":{"self":[{"href":"https:\/\/rigazoo.lv\/en\/wp-json\/wp\/v2\/pages\/7634","targetHints":{"allow":["GET"]}}],"collection":[{"href":"https:\/\/rigazoo.lv\/en\/wp-json\/wp\/v2\/pages"}],"about":[{"href":"https:\/\/rigazoo.lv\/en\/wp-json\/wp\/v2\/types\/page"}],"author":[{"embeddable":true,"href":"https:\/\/rigazoo.lv\/en\/wp-json\/wp\/v2\/users\/1"}],"replies":[{"embeddable":true,"href":"https:\/\/rigazoo.lv\/en\/wp-json\/wp\/v2\/comments?post=7634"}],"version-history":[{"count":3,"href":"https:\/\/rigazoo.lv\/en\/wp-json\/wp\/v2\/pages\/7634\/revisions"}],"predecessor-version":[{"id":17536,"href":"https:\/\/rigazoo.lv\/en\/wp-json\/wp\/v2\/pages\/7634\/revisions\/17536"}],"wp:attachment":[{"href":"https:\/\/rigazoo.lv\/en\/wp-json\/wp\/v2\/media?parent=7634"}],"curies":[{"name":"wp","href":"https:\/\/api.w.org\/{rel}","templated":true}]}}