{"id":7612,"date":"2023-05-12T15:20:50","date_gmt":"2023-05-12T13:20:50","guid":{"rendered":"https:\/\/rigazoo.lv\/?page_id=7612"},"modified":"2023-07-04T12:59:21","modified_gmt":"2023-07-04T10:59:21","slug":"ciruli-getting-here","status":"publish","type":"page","link":"https:\/\/rigazoo.lv\/en\/ciruli-getting-here\/","title":{"rendered":"Getting here"},"content":{"rendered":"\n<p><strong>Affiliate&#8221;C\u012aRU\u013bI&#8221;&nbsp;<\/strong>(N 56\u00b0 34\u2019 270\u201d, E 21\u00b0 36\u2019 664\u201d)<\/p>\n\n\n\n<p><strong>Adress<\/strong>:&nbsp;<br>C\u012bru\u013ci, p\/n Ilm\u0101ja, Kalvene district, Liep\u0101jas rajons, LV-3442<\/p>\n\n\n\n<p><strong>How to get there?<\/strong><\/p>\n\n\n\n<p>Follow the A9 road (R\u012bga &#8211; Liep\u0101ja) until you reach the 154th kilometre post (N 56\u00b0 35\u2019&nbsp; 347\u201d, E 21\u00b0 39\u2019 867\u201d) and then follow the sign by the side of the road.<\/p>\n","protected":false},"excerpt":{"rendered":"<p>Affiliate&#8221;C\u012aRU\u013bI&#8221;&nbsp;(N 56\u00b0 34\u2019 270\u201d, E 21\u00b0 36\u2019 664\u201d) Adress:&nbsp;C\u012bru\u013ci, p\/n Ilm\u0101ja, Kalvene district, Liep\u0101jas rajons, LV-3442 How to get there? Follow the A9 road (R\u012bga &#8211; Liep\u0101ja) until you reach the 154th kilometre post (N 56\u00b0 35\u2019&nbsp; 347\u201d, E 21\u00b0 39\u2019 867\u201d) and then follow the sign by the side of the road.<\/p>\n","protected":false},"author":1,"featured_media":0,"parent":0,"menu_order":0,"comment_status":"closed","ping_status":"closed","template":"","meta":{"_acf_changed":false,"_editorskit_title_hidden":false,"_editorskit_reading_time":0,"_editorskit_is_block_options_detached":false,"_editorskit_block_options_position":"{}","inline_featured_image":false,"footnotes":""},"class_list":["post-7612","page","type-page","status-publish","hentry"],"acf":[],"yoast_head":"<!-- This site is optimized with the Yoast SEO plugin v27.5 - https:\/\/yoast.com\/product\/yoast-seo-wordpress\/ -->\n<title>Getting here - Zoo<\/title>\n<meta name=\"robots\" content=\"index, follow, max-snippet:-1, max-image-preview:large, max-video-preview:-1\" \/>\n<link rel=\"canonical\" href=\"https:\/\/rigazoo.lv\/en\/ciruli-getting-here\/\" \/>\n<meta property=\"og:locale\" content=\"en_US\" \/>\n<meta property=\"og:type\" content=\"article\" \/>\n<meta property=\"og:title\" content=\"Getting here - Zoo\" \/>\n<meta property=\"og:description\" content=\"Affiliate&#8221;C\u012aRU\u013bI&#8221;&nbsp;(N 56\u00b0 34\u2019 270\u201d, E 21\u00b0 36\u2019 664\u201d) Adress:&nbsp;C\u012bru\u013ci, p\/n Ilm\u0101ja, Kalvene district, Liep\u0101jas rajons, LV-3442 How to get there? Follow the A9 road (R\u012bga &#8211; Liep\u0101ja) until you reach the 154th kilometre post (N 56\u00b0 35\u2019&nbsp; 347\u201d, E 21\u00b0 39\u2019 867\u201d) and then follow the sign by the side of the road.\" \/>\n<meta property=\"og:url\" content=\"https:\/\/rigazoo.lv\/en\/ciruli-getting-here\/\" \/>\n<meta property=\"og:site_name\" content=\"Zoo\" \/>\n<meta property=\"article:modified_time\" content=\"2023-07-04T10:59:21+00:00\" \/>\n<meta name=\"twitter:card\" content=\"summary_large_image\" \/>\n<meta name=\"twitter:label1\" content=\"Est. reading time\" \/>\n\t<meta name=\"twitter:data1\" content=\"1 minute\" \/>\n<script type=\"application\/ld+json\" class=\"yoast-schema-graph\">{\"@context\":\"https:\\\/\\\/schema.org\",\"@graph\":[{\"@type\":\"WebPage\",\"@id\":\"https:\\\/\\\/rigazoo.lv\\\/en\\\/ciruli-getting-here\\\/\",\"url\":\"https:\\\/\\\/rigazoo.lv\\\/en\\\/ciruli-getting-here\\\/\",\"name\":\"Getting here - Zoo\",\"isPartOf\":{\"@id\":\"https:\\\/\\\/rigazoo.lv\\\/en\\\/#website\"},\"datePublished\":\"2023-05-12T13:20:50+00:00\",\"dateModified\":\"2023-07-04T10:59:21+00:00\",\"breadcrumb\":{\"@id\":\"https:\\\/\\\/rigazoo.lv\\\/en\\\/ciruli-getting-here\\\/#breadcrumb\"},\"inLanguage\":\"en-US\",\"potentialAction\":[{\"@type\":\"ReadAction\",\"target\":[\"https:\\\/\\\/rigazoo.lv\\\/en\\\/ciruli-getting-here\\\/\"]}]},{\"@type\":\"BreadcrumbList\",\"@id\":\"https:\\\/\\\/rigazoo.lv\\\/en\\\/ciruli-getting-here\\\/#breadcrumb\",\"itemListElement\":[{\"@type\":\"ListItem\",\"position\":1,\"name\":\"S\u0101kums\",\"item\":\"https:\\\/\\\/rigazoo.lv\\\/en\\\/\"},{\"@type\":\"ListItem\",\"position\":2,\"name\":\"Getting here\"}]},{\"@type\":\"WebSite\",\"@id\":\"https:\\\/\\\/rigazoo.lv\\\/en\\\/#website\",\"url\":\"https:\\\/\\\/rigazoo.lv\\\/en\\\/\",\"name\":\"Zoo\",\"description\":\"\",\"potentialAction\":[{\"@type\":\"SearchAction\",\"target\":{\"@type\":\"EntryPoint\",\"urlTemplate\":\"https:\\\/\\\/rigazoo.lv\\\/en\\\/?s={search_term_string}\"},\"query-input\":{\"@type\":\"PropertyValueSpecification\",\"valueRequired\":true,\"valueName\":\"search_term_string\"}}],\"inLanguage\":\"en-US\"}]}<\/script>\n<!-- \/ Yoast SEO plugin. -->","yoast_head_json":{"title":"Getting here - Zoo","robots":{"index":"index","follow":"follow","max-snippet":"max-snippet:-1","max-image-preview":"max-image-preview:large","max-video-preview":"max-video-preview:-1"},"canonical":"https:\/\/rigazoo.lv\/en\/ciruli-getting-here\/","og_locale":"en_US","og_type":"article","og_title":"Getting here - Zoo","og_description":"Affiliate&#8221;C\u012aRU\u013bI&#8221;&nbsp;(N 56\u00b0 34\u2019 270\u201d, E 21\u00b0 36\u2019 664\u201d) Adress:&nbsp;C\u012bru\u013ci, p\/n Ilm\u0101ja, Kalvene district, Liep\u0101jas rajons, LV-3442 How to get there? Follow the A9 road (R\u012bga &#8211; Liep\u0101ja) until you reach the 154th kilometre post (N 56\u00b0 35\u2019&nbsp; 347\u201d, E 21\u00b0 39\u2019 867\u201d) and then follow the sign by the side of the road.","og_url":"https:\/\/rigazoo.lv\/en\/ciruli-getting-here\/","og_site_name":"Zoo","article_modified_time":"2023-07-04T10:59:21+00:00","twitter_card":"summary_large_image","twitter_misc":{"Est. reading time":"1 minute"},"schema":{"@context":"https:\/\/schema.org","@graph":[{"@type":"WebPage","@id":"https:\/\/rigazoo.lv\/en\/ciruli-getting-here\/","url":"https:\/\/rigazoo.lv\/en\/ciruli-getting-here\/","name":"Getting here - Zoo","isPartOf":{"@id":"https:\/\/rigazoo.lv\/en\/#website"},"datePublished":"2023-05-12T13:20:50+00:00","dateModified":"2023-07-04T10:59:21+00:00","breadcrumb":{"@id":"https:\/\/rigazoo.lv\/en\/ciruli-getting-here\/#breadcrumb"},"inLanguage":"en-US","potentialAction":[{"@type":"ReadAction","target":["https:\/\/rigazoo.lv\/en\/ciruli-getting-here\/"]}]},{"@type":"BreadcrumbList","@id":"https:\/\/rigazoo.lv\/en\/ciruli-getting-here\/#breadcrumb","itemListElement":[{"@type":"ListItem","position":1,"name":"S\u0101kums","item":"https:\/\/rigazoo.lv\/en\/"},{"@type":"ListItem","position":2,"name":"Getting here"}]},{"@type":"WebSite","@id":"https:\/\/rigazoo.lv\/en\/#website","url":"https:\/\/rigazoo.lv\/en\/","name":"Zoo","description":"","potentialAction":[{"@type":"SearchAction","target":{"@type":"EntryPoint","urlTemplate":"https:\/\/rigazoo.lv\/en\/?s={search_term_string}"},"query-input":{"@type":"PropertyValueSpecification","valueRequired":true,"valueName":"search_term_string"}}],"inLanguage":"en-US"}]}},"jetpack_sharing_enabled":true,"_links":{"self":[{"href":"https:\/\/rigazoo.lv\/en\/wp-json\/wp\/v2\/pages\/7612","targetHints":{"allow":["GET"]}}],"collection":[{"href":"https:\/\/rigazoo.lv\/en\/wp-json\/wp\/v2\/pages"}],"about":[{"href":"https:\/\/rigazoo.lv\/en\/wp-json\/wp\/v2\/types\/page"}],"author":[{"embeddable":true,"href":"https:\/\/rigazoo.lv\/en\/wp-json\/wp\/v2\/users\/1"}],"replies":[{"embeddable":true,"href":"https:\/\/rigazoo.lv\/en\/wp-json\/wp\/v2\/comments?post=7612"}],"version-history":[{"count":0,"href":"https:\/\/rigazoo.lv\/en\/wp-json\/wp\/v2\/pages\/7612\/revisions"}],"wp:attachment":[{"href":"https:\/\/rigazoo.lv\/en\/wp-json\/wp\/v2\/media?parent=7612"}],"curies":[{"name":"wp","href":"https:\/\/api.w.org\/{rel}","templated":true}]}}