{"id":7574,"date":"2023-06-20T15:49:35","date_gmt":"2023-06-20T13:49:35","guid":{"rendered":"https:\/\/rigazoo.lv\/?page_id=7574"},"modified":"2024-02-27T15:33:46","modified_gmt":"2024-02-27T13:33:46","slug":"ecotoxicological-studies-in-latvia","status":"publish","type":"page","link":"https:\/\/rigazoo.lv\/en\/ecotoxicological-studies-in-latvia\/","title":{"rendered":"Ecotoxicological studies in Latvia"},"content":{"rendered":"\n<p>In 2019 we started with the collection of biological samples for ecotoxicological studies from orphaned seal pups brought to the Zoo for rehabilitation. The samples are analysed in collaboration with University of Murcia, Spain.<\/p>\n\n\n\n<p>Environmental pollutants represent a major threat to the ecosystems and the species that inhabit them. Environmental pollutants can be of natural or anthropic origin and their negative effects are more marked when they are present in closed ecosystems. The Baltic Sea, a sea with limited water exchange, is considered one of the most polluted seas in the world. Human activities near its shores contribute to pollution, as well as intense maritime activity. In addition, several rivers discharge their waters into the Baltic Sea, after having crossed vast agricultural areas. These waters are contaminated by chemical pollutants.<\/p>\n\n\n\n<p>The Gulf of Riga represents one of the least studied areas of the Baltic Sea from an ecotoxicological point of view. Ecotoxicological studies are indispensable to investigate the levels of environmental pollutants. The choice of the appropriate type of animal species\/sample type to be used depends primarily on the pollutant to be studied. If we use the &#8220;One Health&#8221; approach it will be necessary to study animal species whose contamination levels can be compared with those of the human species.<\/p>\n\n\n\n    <div class=\"zoo-animal-galleries-grid\">\n        <div class=\"born-container is-default\">\n            <div class=\"inner\">\n                <div class=\"zoo-galleries has-lightbox\">\n\n                    <div class=\"inner\">\n\n                        \n                            <div class=\"item-wrapper\">\n                                <div class=\"item\">\n                                    <a href=\"https:\/\/rigazoo.lv\/wp-content\/uploads\/2024\/02\/WhatsApp-Image-2024-02-14-at-14.11.05-1.jpeg\">\n                                        <span class=\"overlay\">View<\/span>\n                                        <img decoding=\"async\" src=\"https:\/\/rigazoo.lv\/wp-content\/uploads\/2024\/02\/WhatsApp-Image-2024-02-14-at-14.11.05-1-300x300.jpeg\" srcset=\"https:\/\/rigazoo.lv\/wp-content\/uploads\/2024\/02\/WhatsApp-Image-2024-02-14-at-14.11.05-1-300x300.jpeg 1x, https:\/\/rigazoo.lv\/wp-content\/uploads\/2024\/02\/WhatsApp-Image-2024-02-14-at-14.11.05-1-600x600.jpeg 2x\" alt=\"Ecotoxicological studies in Latvia\" title=\"\">\n                                    <\/a>\n                                <\/div>\n                            <\/div>\n\n                            \n                            <div class=\"item-wrapper\">\n                                <div class=\"item\">\n                                    <a href=\"https:\/\/rigazoo.lv\/wp-content\/uploads\/2024\/02\/WhatsApp-Image-2024-02-14-at-14.09.41.jpeg\">\n                                        <span class=\"overlay\">View<\/span>\n                                        <img decoding=\"async\" src=\"https:\/\/rigazoo.lv\/wp-content\/uploads\/2024\/02\/WhatsApp-Image-2024-02-14-at-14.09.41-300x300.jpeg\" srcset=\"https:\/\/rigazoo.lv\/wp-content\/uploads\/2024\/02\/WhatsApp-Image-2024-02-14-at-14.09.41-300x300.jpeg 1x, https:\/\/rigazoo.lv\/wp-content\/uploads\/2024\/02\/WhatsApp-Image-2024-02-14-at-14.09.41-600x600.jpeg 2x\" alt=\"Ecotoxicological studies in Latvia\" title=\"\">\n                                    <\/a>\n                                <\/div>\n                            <\/div>\n\n                            \n                            <div class=\"item-wrapper\">\n                                <div class=\"item\">\n                                    <a href=\"https:\/\/rigazoo.lv\/wp-content\/uploads\/2024\/02\/WhatsApp-Image-2024-02-14-at-14.12.05.jpeg\">\n                                        <span class=\"overlay\">View<\/span>\n                                        <img decoding=\"async\" src=\"https:\/\/rigazoo.lv\/wp-content\/uploads\/2024\/02\/WhatsApp-Image-2024-02-14-at-14.12.05-300x300.jpeg\" srcset=\"https:\/\/rigazoo.lv\/wp-content\/uploads\/2024\/02\/WhatsApp-Image-2024-02-14-at-14.12.05-300x300.jpeg 1x, https:\/\/rigazoo.lv\/wp-content\/uploads\/2024\/02\/WhatsApp-Image-2024-02-14-at-14.12.05-600x600.jpeg 2x\" alt=\"Ecotoxicological studies in Latvia\" title=\"\">\n                                    <\/a>\n                                <\/div>\n                            <\/div>\n\n                            \n                    <\/div>\n\n                <\/div>\n            <\/div>\n        <\/div>\n    <\/div>\n    \n\n\n<p>In photos: the samples are analysed in collaboration with University of Murcia.<\/p>\n\n\n\n<p>Marine mammals represent, from this point of view, an excellent choice. Four species of marine mammals live in the Baltic Sea, the harbor porpoise (<em>Phocoena phocoena<\/em>), the grey seal (<em>Halichoerus grypus<\/em>), the ringed seal (<em>Pusa hispida<\/em>), the harbor seal (<em>Phoca vitulina<\/em>). In the Gulf of Riga, the grey seal is the most common species. In 2019, the Riga ZOO research team started ecotoxicological monitoring of the Gulf of Riga, analyzing samples from grey seal pups stranded on the Latvian coast and brought to the zoo&#8217;s rehabilitation center by the staff of the Nature conservation Agency (Republic of Latvia). The results of the research, developed in collaboration with the Oceanosphera research group (University of Murcia, Spain) have been presented as university theses, scientific articles, posters and presentations.<\/p>\n\n\n\n<p>Publications<\/p>\n\n\n\n<p><a href=\"https:\/\/rigazoo.lv\/wp-content\/uploads\/2023\/06\/SCI_MarinePollutionBulletin-2022.pdf\" target=\"_blank\" rel=\"noreferrer noopener\">Puchades L., Gallego-Rios S.E., A. Marzio A., Mart\u00ednez-L\u00f3pez E. 2022. Trace elements in blood of Baltic gray seal pups (<em>Halichoerus grypus<\/em>) from the Gulf of Riga and their relationship with biochemical and clinical parameters. \u2013 Marine Pollution Bulletin 182: 113973. https:\/\/doi.org\/10.1016\/j.marpolbul.2022.113973.<\/a><\/p>\n\n\n\n<p>Galindez Centeno I. 2021. Plomo, cromo y ars\u00e9nico en tejidos internos y pelo de foca gris (<em>Halichoerus grypus<\/em>) del Golfo de Riga, Mar B\u00e1ltico. (Lead, chromium and arsenic in internal tissues and fur of grey seal (Halichoerus grypus) from the Gulf of Riga, Baltic Sea.) Trabajo de Fin de M\u00e1ster. Universidad de Murcia. (MSc Thesis, in Spanish.)<\/p>\n\n\n\n<p>Puchades Guitart L. 2021. Mercurio y selenio en foca gris del Mar B\u00e1ltico (<em>Halichoerus grypus<\/em>) y su relaci\u00f3n con par\u00e1metros sangu\u00edneos. (Mercury and selenium in grey seal from the Baltic Sea (Halichoerus grypus) and their relationship with blood parameters.) Trabajo de Fin de M\u00e1ster. Universidad de Murcia. (MSc Thesis, in Spanish.)<\/p>\n\n\n\n<p>V\u012bra S. R. 2021. Dz\u012bvsudraba pies\u0101r\u0146ojums pel\u0113k\u0101 ro\u0146a&nbsp;<em>Halichoerus grypus<\/em>&nbsp;audos R\u012bgas j\u016bras l\u012bc\u012b. Bakalaura darbs. R\u012bga: Latvijas Universit\u0101te, Biolo\u0123ijas fakult\u0101te, Zoolo\u0123ijas un dz\u012bvnieku ekolo\u0123ijas katedra. (BSc Thesis, in Latvian.)<\/p>\n\n\n\n<p>D\u00edaz Hurtado A. 2020. Mercurio y Selenio en foca gris (<em>Halichoerus grypus<\/em>) del golfo de Riga, Mar B\u00e1ltico. Trabajo de Fin de M\u00e1ster. Universidad de Murcia. (MSc Thesis, in Spanish.)<\/p>\n\n\n\n<p>V\u012bra S.R. 2020. Dz\u012bvsudraba pies\u0101r\u0146ojums pel\u0113k\u0101 ro\u0146a&nbsp;<em>Halichoerus grypus<\/em>&nbsp;audos. Kursa darbs. R\u012bga: Latvijas Universit\u0101te. (Term paper, in Latvian.)<\/p>\n","protected":false},"excerpt":{"rendered":"<p>In 2019 we started with the collection of biological samples for ecotoxicological studies from orphaned seal pups brought to the Zoo for rehabilitation. The samples are analysed in collaboration with University of Murcia, Spain. Environmental pollutants represent a major threat to the ecosystems and the species that inhabit them. Environmental pollutants can be of natural [&hellip;]<\/p>\n","protected":false},"author":1,"featured_media":0,"parent":0,"menu_order":0,"comment_status":"closed","ping_status":"closed","template":"","meta":{"_acf_changed":false,"_editorskit_title_hidden":false,"_editorskit_reading_time":0,"_editorskit_is_block_options_detached":false,"_editorskit_block_options_position":"{}","inline_featured_image":false,"footnotes":""},"class_list":["post-7574","page","type-page","status-publish","hentry"],"acf":[],"yoast_head":"<!-- This site is optimized with the Yoast SEO plugin v27.5 - https:\/\/yoast.com\/product\/yoast-seo-wordpress\/ -->\n<title>Ecotoxicological studies in Latvia - Zoo<\/title>\n<meta name=\"robots\" content=\"index, follow, max-snippet:-1, max-image-preview:large, max-video-preview:-1\" \/>\n<link rel=\"canonical\" href=\"https:\/\/rigazoo.lv\/en\/ecotoxicological-studies-in-latvia\/\" \/>\n<meta property=\"og:locale\" content=\"en_US\" \/>\n<meta property=\"og:type\" content=\"article\" \/>\n<meta property=\"og:title\" content=\"Ecotoxicological studies in Latvia - Zoo\" \/>\n<meta property=\"og:description\" content=\"In 2019 we started with the collection of biological samples for ecotoxicological studies from orphaned seal pups brought to the Zoo for rehabilitation. The samples are analysed in collaboration with University of Murcia, Spain. Environmental pollutants represent a major threat to the ecosystems and the species that inhabit them. Environmental pollutants can be of natural [&hellip;]\" \/>\n<meta property=\"og:url\" content=\"https:\/\/rigazoo.lv\/en\/ecotoxicological-studies-in-latvia\/\" \/>\n<meta property=\"og:site_name\" content=\"Zoo\" \/>\n<meta property=\"article:modified_time\" content=\"2024-02-27T13:33:46+00:00\" \/>\n<meta name=\"twitter:card\" content=\"summary_large_image\" \/>\n<meta name=\"twitter:label1\" content=\"Est. reading time\" \/>\n\t<meta name=\"twitter:data1\" content=\"3 minutes\" \/>\n<script type=\"application\/ld+json\" class=\"yoast-schema-graph\">{\"@context\":\"https:\\\/\\\/schema.org\",\"@graph\":[{\"@type\":\"WebPage\",\"@id\":\"https:\\\/\\\/rigazoo.lv\\\/en\\\/ecotoxicological-studies-in-latvia\\\/\",\"url\":\"https:\\\/\\\/rigazoo.lv\\\/en\\\/ecotoxicological-studies-in-latvia\\\/\",\"name\":\"Ecotoxicological studies in Latvia - Zoo\",\"isPartOf\":{\"@id\":\"https:\\\/\\\/rigazoo.lv\\\/en\\\/#website\"},\"datePublished\":\"2023-06-20T13:49:35+00:00\",\"dateModified\":\"2024-02-27T13:33:46+00:00\",\"breadcrumb\":{\"@id\":\"https:\\\/\\\/rigazoo.lv\\\/en\\\/ecotoxicological-studies-in-latvia\\\/#breadcrumb\"},\"inLanguage\":\"en-US\",\"potentialAction\":[{\"@type\":\"ReadAction\",\"target\":[\"https:\\\/\\\/rigazoo.lv\\\/en\\\/ecotoxicological-studies-in-latvia\\\/\"]}]},{\"@type\":\"BreadcrumbList\",\"@id\":\"https:\\\/\\\/rigazoo.lv\\\/en\\\/ecotoxicological-studies-in-latvia\\\/#breadcrumb\",\"itemListElement\":[{\"@type\":\"ListItem\",\"position\":1,\"name\":\"S\u0101kums\",\"item\":\"https:\\\/\\\/rigazoo.lv\\\/en\\\/\"},{\"@type\":\"ListItem\",\"position\":2,\"name\":\"Ecotoxicological studies in Latvia\"}]},{\"@type\":\"WebSite\",\"@id\":\"https:\\\/\\\/rigazoo.lv\\\/en\\\/#website\",\"url\":\"https:\\\/\\\/rigazoo.lv\\\/en\\\/\",\"name\":\"Zoo\",\"description\":\"\",\"potentialAction\":[{\"@type\":\"SearchAction\",\"target\":{\"@type\":\"EntryPoint\",\"urlTemplate\":\"https:\\\/\\\/rigazoo.lv\\\/en\\\/?s={search_term_string}\"},\"query-input\":{\"@type\":\"PropertyValueSpecification\",\"valueRequired\":true,\"valueName\":\"search_term_string\"}}],\"inLanguage\":\"en-US\"}]}<\/script>\n<!-- \/ Yoast SEO plugin. -->","yoast_head_json":{"title":"Ecotoxicological studies in Latvia - Zoo","robots":{"index":"index","follow":"follow","max-snippet":"max-snippet:-1","max-image-preview":"max-image-preview:large","max-video-preview":"max-video-preview:-1"},"canonical":"https:\/\/rigazoo.lv\/en\/ecotoxicological-studies-in-latvia\/","og_locale":"en_US","og_type":"article","og_title":"Ecotoxicological studies in Latvia - Zoo","og_description":"In 2019 we started with the collection of biological samples for ecotoxicological studies from orphaned seal pups brought to the Zoo for rehabilitation. The samples are analysed in collaboration with University of Murcia, Spain. Environmental pollutants represent a major threat to the ecosystems and the species that inhabit them. Environmental pollutants can be of natural [&hellip;]","og_url":"https:\/\/rigazoo.lv\/en\/ecotoxicological-studies-in-latvia\/","og_site_name":"Zoo","article_modified_time":"2024-02-27T13:33:46+00:00","twitter_card":"summary_large_image","twitter_misc":{"Est. reading time":"3 minutes"},"schema":{"@context":"https:\/\/schema.org","@graph":[{"@type":"WebPage","@id":"https:\/\/rigazoo.lv\/en\/ecotoxicological-studies-in-latvia\/","url":"https:\/\/rigazoo.lv\/en\/ecotoxicological-studies-in-latvia\/","name":"Ecotoxicological studies in Latvia - Zoo","isPartOf":{"@id":"https:\/\/rigazoo.lv\/en\/#website"},"datePublished":"2023-06-20T13:49:35+00:00","dateModified":"2024-02-27T13:33:46+00:00","breadcrumb":{"@id":"https:\/\/rigazoo.lv\/en\/ecotoxicological-studies-in-latvia\/#breadcrumb"},"inLanguage":"en-US","potentialAction":[{"@type":"ReadAction","target":["https:\/\/rigazoo.lv\/en\/ecotoxicological-studies-in-latvia\/"]}]},{"@type":"BreadcrumbList","@id":"https:\/\/rigazoo.lv\/en\/ecotoxicological-studies-in-latvia\/#breadcrumb","itemListElement":[{"@type":"ListItem","position":1,"name":"S\u0101kums","item":"https:\/\/rigazoo.lv\/en\/"},{"@type":"ListItem","position":2,"name":"Ecotoxicological studies in Latvia"}]},{"@type":"WebSite","@id":"https:\/\/rigazoo.lv\/en\/#website","url":"https:\/\/rigazoo.lv\/en\/","name":"Zoo","description":"","potentialAction":[{"@type":"SearchAction","target":{"@type":"EntryPoint","urlTemplate":"https:\/\/rigazoo.lv\/en\/?s={search_term_string}"},"query-input":{"@type":"PropertyValueSpecification","valueRequired":true,"valueName":"search_term_string"}}],"inLanguage":"en-US"}]}},"jetpack_sharing_enabled":true,"_links":{"self":[{"href":"https:\/\/rigazoo.lv\/en\/wp-json\/wp\/v2\/pages\/7574","targetHints":{"allow":["GET"]}}],"collection":[{"href":"https:\/\/rigazoo.lv\/en\/wp-json\/wp\/v2\/pages"}],"about":[{"href":"https:\/\/rigazoo.lv\/en\/wp-json\/wp\/v2\/types\/page"}],"author":[{"embeddable":true,"href":"https:\/\/rigazoo.lv\/en\/wp-json\/wp\/v2\/users\/1"}],"replies":[{"embeddable":true,"href":"https:\/\/rigazoo.lv\/en\/wp-json\/wp\/v2\/comments?post=7574"}],"version-history":[{"count":4,"href":"https:\/\/rigazoo.lv\/en\/wp-json\/wp\/v2\/pages\/7574\/revisions"}],"predecessor-version":[{"id":16301,"href":"https:\/\/rigazoo.lv\/en\/wp-json\/wp\/v2\/pages\/7574\/revisions\/16301"}],"wp:attachment":[{"href":"https:\/\/rigazoo.lv\/en\/wp-json\/wp\/v2\/media?parent=7574"}],"curies":[{"name":"wp","href":"https:\/\/api.w.org\/{rel}","templated":true}]}}