{"id":7571,"date":"2023-06-20T13:51:41","date_gmt":"2023-06-20T11:51:41","guid":{"rendered":"https:\/\/rigazoo.lv\/?page_id=7571"},"modified":"2023-07-03T13:40:02","modified_gmt":"2023-07-03T11:40:02","slug":"rehabilitation-of-orphaned-seal-pups","status":"publish","type":"page","link":"https:\/\/rigazoo.lv\/en\/rehabilitation-of-orphaned-seal-pups\/","title":{"rendered":"Rehabilitation of orphaned seal pups"},"content":{"rendered":"\n<p>Riga Zoo undertakes the rehabilitation of stranded seal pups found on shores of the Baltic Sea and the Gulf of Riga. In 1983\u20132017, 138 seal pups were brought to the Zoo. 66 of them were rehabilitated successfully. The rehabilitated seals were included in the Zoo&#8217;s animal collection, sent to other zoos or released back to the sea.&nbsp;In 2002\u20132017 a total of sixteen rehabilitated young seals were released back to the Gulf of Riga. All individuals were equipped with flipper tags. There have been no reports that any of the tagged specimens has been found.<\/p>\n\n\n\n<p>Publications<\/p>\n\n\n\n<p>Di Marzio A. 2022. Results of GPS monitoring of grey seals rescued by Riga Zoo. Abstract. \u2013 In: Deksne G. (ed.). University of Latvia: 80th Scientific conference, Zoology and Animal Ecology. Abstract Book. 31 January 2022. Nature House, University of Latvia, Riga, Latvia. P. 23.<\/p>\n\n\n\n<p>Di Marzio A., \u0160\u0137\u0113rsti\u0146a R., Kalni\u0146a M. 2021. Grey Seals at Riga Zoo: Conservation and education. Poster report. EAZA Online Annual Conference, 21.09.2021.<\/p>\n","protected":false},"excerpt":{"rendered":"<p>Riga Zoo undertakes the rehabilitation of stranded seal pups found on shores of the Baltic Sea and the Gulf of Riga. In 1983\u20132017, 138 seal pups were brought to the Zoo. 66 of them were rehabilitated successfully. The rehabilitated seals were included in the Zoo&#8217;s animal collection, sent to other zoos or released back to [&hellip;]<\/p>\n","protected":false},"author":1,"featured_media":0,"parent":0,"menu_order":0,"comment_status":"closed","ping_status":"closed","template":"","meta":{"_acf_changed":false,"_editorskit_title_hidden":false,"_editorskit_reading_time":0,"_editorskit_is_block_options_detached":false,"_editorskit_block_options_position":"{}","inline_featured_image":false,"footnotes":""},"class_list":["post-7571","page","type-page","status-publish","hentry"],"acf":[],"yoast_head":"<!-- This site is optimized with the Yoast SEO plugin v27.5 - https:\/\/yoast.com\/product\/yoast-seo-wordpress\/ -->\n<title>Rehabilitation of orphaned seal pups - Zoo<\/title>\n<meta name=\"robots\" content=\"index, follow, max-snippet:-1, max-image-preview:large, max-video-preview:-1\" \/>\n<link rel=\"canonical\" href=\"https:\/\/rigazoo.lv\/en\/rehabilitation-of-orphaned-seal-pups\/\" \/>\n<meta property=\"og:locale\" content=\"en_US\" \/>\n<meta property=\"og:type\" content=\"article\" \/>\n<meta property=\"og:title\" content=\"Rehabilitation of orphaned seal pups - Zoo\" \/>\n<meta property=\"og:description\" content=\"Riga Zoo undertakes the rehabilitation of stranded seal pups found on shores of the Baltic Sea and the Gulf of Riga. In 1983\u20132017, 138 seal pups were brought to the Zoo. 66 of them were rehabilitated successfully. The rehabilitated seals were included in the Zoo&#8217;s animal collection, sent to other zoos or released back to [&hellip;]\" \/>\n<meta property=\"og:url\" content=\"https:\/\/rigazoo.lv\/en\/rehabilitation-of-orphaned-seal-pups\/\" \/>\n<meta property=\"og:site_name\" content=\"Zoo\" \/>\n<meta property=\"article:modified_time\" content=\"2023-07-03T11:40:02+00:00\" \/>\n<meta name=\"twitter:card\" content=\"summary_large_image\" \/>\n<meta name=\"twitter:label1\" content=\"Est. reading time\" \/>\n\t<meta name=\"twitter:data1\" content=\"1 minute\" \/>\n<script type=\"application\/ld+json\" class=\"yoast-schema-graph\">{\"@context\":\"https:\\\/\\\/schema.org\",\"@graph\":[{\"@type\":\"WebPage\",\"@id\":\"https:\\\/\\\/rigazoo.lv\\\/en\\\/rehabilitation-of-orphaned-seal-pups\\\/\",\"url\":\"https:\\\/\\\/rigazoo.lv\\\/en\\\/rehabilitation-of-orphaned-seal-pups\\\/\",\"name\":\"Rehabilitation of orphaned seal pups - Zoo\",\"isPartOf\":{\"@id\":\"https:\\\/\\\/rigazoo.lv\\\/en\\\/#website\"},\"datePublished\":\"2023-06-20T11:51:41+00:00\",\"dateModified\":\"2023-07-03T11:40:02+00:00\",\"breadcrumb\":{\"@id\":\"https:\\\/\\\/rigazoo.lv\\\/en\\\/rehabilitation-of-orphaned-seal-pups\\\/#breadcrumb\"},\"inLanguage\":\"en-US\",\"potentialAction\":[{\"@type\":\"ReadAction\",\"target\":[\"https:\\\/\\\/rigazoo.lv\\\/en\\\/rehabilitation-of-orphaned-seal-pups\\\/\"]}]},{\"@type\":\"BreadcrumbList\",\"@id\":\"https:\\\/\\\/rigazoo.lv\\\/en\\\/rehabilitation-of-orphaned-seal-pups\\\/#breadcrumb\",\"itemListElement\":[{\"@type\":\"ListItem\",\"position\":1,\"name\":\"S\u0101kums\",\"item\":\"https:\\\/\\\/rigazoo.lv\\\/en\\\/\"},{\"@type\":\"ListItem\",\"position\":2,\"name\":\"Rehabilitation of orphaned seal pups\"}]},{\"@type\":\"WebSite\",\"@id\":\"https:\\\/\\\/rigazoo.lv\\\/en\\\/#website\",\"url\":\"https:\\\/\\\/rigazoo.lv\\\/en\\\/\",\"name\":\"Zoo\",\"description\":\"\",\"potentialAction\":[{\"@type\":\"SearchAction\",\"target\":{\"@type\":\"EntryPoint\",\"urlTemplate\":\"https:\\\/\\\/rigazoo.lv\\\/en\\\/?s={search_term_string}\"},\"query-input\":{\"@type\":\"PropertyValueSpecification\",\"valueRequired\":true,\"valueName\":\"search_term_string\"}}],\"inLanguage\":\"en-US\"}]}<\/script>\n<!-- \/ Yoast SEO plugin. -->","yoast_head_json":{"title":"Rehabilitation of orphaned seal pups - Zoo","robots":{"index":"index","follow":"follow","max-snippet":"max-snippet:-1","max-image-preview":"max-image-preview:large","max-video-preview":"max-video-preview:-1"},"canonical":"https:\/\/rigazoo.lv\/en\/rehabilitation-of-orphaned-seal-pups\/","og_locale":"en_US","og_type":"article","og_title":"Rehabilitation of orphaned seal pups - Zoo","og_description":"Riga Zoo undertakes the rehabilitation of stranded seal pups found on shores of the Baltic Sea and the Gulf of Riga. In 1983\u20132017, 138 seal pups were brought to the Zoo. 66 of them were rehabilitated successfully. The rehabilitated seals were included in the Zoo&#8217;s animal collection, sent to other zoos or released back to [&hellip;]","og_url":"https:\/\/rigazoo.lv\/en\/rehabilitation-of-orphaned-seal-pups\/","og_site_name":"Zoo","article_modified_time":"2023-07-03T11:40:02+00:00","twitter_card":"summary_large_image","twitter_misc":{"Est. reading time":"1 minute"},"schema":{"@context":"https:\/\/schema.org","@graph":[{"@type":"WebPage","@id":"https:\/\/rigazoo.lv\/en\/rehabilitation-of-orphaned-seal-pups\/","url":"https:\/\/rigazoo.lv\/en\/rehabilitation-of-orphaned-seal-pups\/","name":"Rehabilitation of orphaned seal pups - Zoo","isPartOf":{"@id":"https:\/\/rigazoo.lv\/en\/#website"},"datePublished":"2023-06-20T11:51:41+00:00","dateModified":"2023-07-03T11:40:02+00:00","breadcrumb":{"@id":"https:\/\/rigazoo.lv\/en\/rehabilitation-of-orphaned-seal-pups\/#breadcrumb"},"inLanguage":"en-US","potentialAction":[{"@type":"ReadAction","target":["https:\/\/rigazoo.lv\/en\/rehabilitation-of-orphaned-seal-pups\/"]}]},{"@type":"BreadcrumbList","@id":"https:\/\/rigazoo.lv\/en\/rehabilitation-of-orphaned-seal-pups\/#breadcrumb","itemListElement":[{"@type":"ListItem","position":1,"name":"S\u0101kums","item":"https:\/\/rigazoo.lv\/en\/"},{"@type":"ListItem","position":2,"name":"Rehabilitation of orphaned seal pups"}]},{"@type":"WebSite","@id":"https:\/\/rigazoo.lv\/en\/#website","url":"https:\/\/rigazoo.lv\/en\/","name":"Zoo","description":"","potentialAction":[{"@type":"SearchAction","target":{"@type":"EntryPoint","urlTemplate":"https:\/\/rigazoo.lv\/en\/?s={search_term_string}"},"query-input":{"@type":"PropertyValueSpecification","valueRequired":true,"valueName":"search_term_string"}}],"inLanguage":"en-US"}]}},"jetpack_sharing_enabled":true,"_links":{"self":[{"href":"https:\/\/rigazoo.lv\/en\/wp-json\/wp\/v2\/pages\/7571","targetHints":{"allow":["GET"]}}],"collection":[{"href":"https:\/\/rigazoo.lv\/en\/wp-json\/wp\/v2\/pages"}],"about":[{"href":"https:\/\/rigazoo.lv\/en\/wp-json\/wp\/v2\/types\/page"}],"author":[{"embeddable":true,"href":"https:\/\/rigazoo.lv\/en\/wp-json\/wp\/v2\/users\/1"}],"replies":[{"embeddable":true,"href":"https:\/\/rigazoo.lv\/en\/wp-json\/wp\/v2\/comments?post=7571"}],"version-history":[{"count":0,"href":"https:\/\/rigazoo.lv\/en\/wp-json\/wp\/v2\/pages\/7571\/revisions"}],"wp:attachment":[{"href":"https:\/\/rigazoo.lv\/en\/wp-json\/wp\/v2\/media?parent=7571"}],"curies":[{"name":"wp","href":"https:\/\/api.w.org\/{rel}","templated":true}]}}