{"id":7569,"date":"2023-06-20T13:49:30","date_gmt":"2023-06-20T11:49:30","guid":{"rendered":"https:\/\/rigazoo.lv\/?page_id=7569"},"modified":"2024-02-27T14:57:51","modified_gmt":"2024-02-27T12:57:51","slug":"rehabilitation-of-orphaned-or-injured-wildlife","status":"publish","type":"page","link":"https:\/\/rigazoo.lv\/en\/rehabilitation-of-orphaned-or-injured-wildlife\/","title":{"rendered":"Rehabilitation of orphaned or injured wildlife"},"content":{"rendered":"\n<p class=\"has-text-align-justify\">Riga Zoo takes care of wildlife casualties, rehabilitating them and, where possible, releasing them back into the wild. In 2008\u20132017, 377 wild animals where admitted to the Zoo&#8217;s Quarantine station. 228 of them were rehabilitated successfully and 77 were released back into the wild.<\/p>\n\n\n\n<p class=\"has-text-align-justify\">Rehabilitation work is conducted both by the Zoo in Riga and Affiliate C\u012bru\u013ci. For example, in 2002, when a severe storm in Southern Latvia destroyed many White Stork (Ciconia ciconia) nests and in addition to this a drought in July\u2013August made stork&#8217;s food source scarce, 21 White Storks were admitted to Zoo&#8217;s Affiliate C\u012bru\u013ci. 11 young were rehabilitated successfully, and nine of them were able to join the wild stork autumn migration to Africa.&nbsp;<\/p>\n\n\n\n<p class=\"has-text-align-justify\">Since the space and resources of the Zoo are limited it is not able to provide help in all cases. A number of wildlife rehabilitation centers that have been created in Latvia in recent years are also prepared to help wild animals in trouble. The Zoo conducts education campaigns to raise public awareness and prevent wild animals from ending up in unnecessary captivity.<\/p>\n\n\n\n<p>Publications<\/p>\n\n\n\n<p class=\"has-text-align-justify\">Birne I. 2017. Savva\u013cas dz\u012bvniekam nepiecie\u0161ama pal\u012bdz\u012bba? Ko dar\u012bt?&nbsp;\u2013 Latvijas Veterin\u0101r\u0101rstu biedr\u012bbas ikgad\u0113j\u0101 konference 3.03.2017., R\u012bga. (In Latvian.)<\/p>\n\n\n\n<h2 class=\"wp-block-heading\"><strong>Rehabilitation of orphaned seal pups<\/strong><\/h2>\n\n\n\n<p class=\"has-text-align-justify\">Riga Zoo undertakes the rehabilitation of stranded seal pups found on shores of the Baltic Sea and the Gulf of Riga. In 1983\u20132017, 138 seal pups were brought to the Zoo. 66 of them were rehabilitated successfully. The rehabilitated seals were included in the Zoo&#8217;s animal collection, sent to other zoos or released back to the sea.&nbsp;In 2002\u20132017 a total of sixteen rehabilitated young seals were released back to the Gulf of Riga. All individuals were equipped with flipper tags. <\/p>\n\n\n\n<p>As part of the mission to conserve biodiversity, Riga ZOO in cooperation with Nature Conservation Agency of Latvia works as a center for the rehabilitation of stranded grey seal pups (<em>Halichoerus grypus<\/em>) on the coasts of the Baltic Sea and the Gulf of Riga. Between 1983 and 2017, 138 seal pups were brought to the zoo. 66 of them were successfully rehabilitated. The rehabilitated seals were included in the zoo&#8217;s animal collection, sent to other zoos or returned to the sea. During 2002-2023, a total of 26 rehabilitated seals were returned to the Gulf of Riga. All individuals were equipped with flipper tags. There have been no reports that any of the tagged specimens have been found.<\/p>\n\n\n\n<p>Since 2019, Riga ZOO has started a GPS tracking program aimed at studying the behavior of the released seals and their survivability. The results show released animals follow the main migratory routes of the species within the Baltic Sea, visiting the main colonies and feeding areas from Denmark to Finland.<\/p>\n\n\n\n    <div class=\"zoo-animal-galleries-grid\">\n        <div class=\"born-container is-default\">\n            <div class=\"inner\">\n                <div class=\"zoo-galleries has-lightbox\">\n\n                    <div class=\"inner\">\n\n                        \n                            <div class=\"item-wrapper\">\n                                <div class=\"item\">\n                                    <a href=\"https:\/\/rigazoo.lv\/wp-content\/uploads\/2024\/02\/ronens-gps.jpg\">\n                                        <span class=\"overlay\">View<\/span>\n                                        <img decoding=\"async\" src=\"https:\/\/rigazoo.lv\/wp-content\/uploads\/2024\/02\/ronens-gps-300x300.jpg\" srcset=\"https:\/\/rigazoo.lv\/wp-content\/uploads\/2024\/02\/ronens-gps-300x300.jpg 1x, https:\/\/rigazoo.lv\/wp-content\/uploads\/2024\/02\/ronens-gps-600x600.jpg 2x\" alt=\"Rehabilitation of orphaned or injured wildlife\" title=\"Seal pup with GPS tracker\">\n                                    <\/a>\n                                <\/div>\n                            <\/div>\n\n                            \n                            <div class=\"item-wrapper\">\n                                <div class=\"item\">\n                                    <a href=\"https:\/\/rigazoo.lv\/wp-content\/uploads\/2024\/02\/ronis-gps-limesana.jpg\">\n                                        <span class=\"overlay\">View<\/span>\n                                        <img decoding=\"async\" src=\"https:\/\/rigazoo.lv\/wp-content\/uploads\/2024\/02\/ronis-gps-limesana-300x300.jpg\" srcset=\"https:\/\/rigazoo.lv\/wp-content\/uploads\/2024\/02\/ronis-gps-limesana-300x300.jpg 1x, https:\/\/rigazoo.lv\/wp-content\/uploads\/2024\/02\/ronis-gps-limesana-600x600.jpg 2x\" alt=\"Rehabilitation of orphaned or injured wildlife\" title=\"GPS tracker being glued to back of the pup\">\n                                    <\/a>\n                                <\/div>\n                            <\/div>\n\n                            \n                            <div class=\"item-wrapper\">\n                                <div class=\"item\">\n                                    <a href=\"https:\/\/rigazoo.lv\/wp-content\/uploads\/2024\/02\/346667703_289158046781788_3589032095943985244_n.jpg\">\n                                        <span class=\"overlay\">View<\/span>\n                                        <img decoding=\"async\" src=\"https:\/\/rigazoo.lv\/wp-content\/uploads\/2024\/02\/346667703_289158046781788_3589032095943985244_n-300x300.jpg\" srcset=\"https:\/\/rigazoo.lv\/wp-content\/uploads\/2024\/02\/346667703_289158046781788_3589032095943985244_n-300x300.jpg 1x, https:\/\/rigazoo.lv\/wp-content\/uploads\/2024\/02\/346667703_289158046781788_3589032095943985244_n-600x600.jpg 2x\" alt=\"Rehabilitation of orphaned or injured wildlife\" title=\"Moments before seal pup is released in Baltic sea\">\n                                    <\/a>\n                                <\/div>\n                            <\/div>\n\n                            \n                            <div class=\"item-wrapper\">\n                                <div class=\"item\">\n                                    <a href=\"https:\/\/rigazoo.lv\/wp-content\/uploads\/2024\/02\/ronens-uz-juru.jpg\">\n                                        <span class=\"overlay\">View<\/span>\n                                        <img decoding=\"async\" src=\"https:\/\/rigazoo.lv\/wp-content\/uploads\/2024\/02\/ronens-uz-juru-300x300.jpg\" srcset=\"https:\/\/rigazoo.lv\/wp-content\/uploads\/2024\/02\/ronens-uz-juru-300x300.jpg 1x, https:\/\/rigazoo.lv\/wp-content\/uploads\/2024\/02\/ronens-uz-juru-600x600.jpg 2x\" alt=\"Rehabilitation of orphaned or injured wildlife\" title=\"Moments before seal pup is released (Photo: E. Gulbe)\">\n                                    <\/a>\n                                <\/div>\n                            <\/div>\n\n                            \n                    <\/div>\n\n                <\/div>\n            <\/div>\n        <\/div>\n    <\/div>\n    \n\n\n<p>Publications<\/p>\n\n\n\n<p class=\"has-text-align-justify\">Di Marzio A. 2022. Results of GPS monitoring of grey seals rescued by Riga Zoo. Abstract. \u2013 In: Deksne G. (ed.). University of Latvia: 80th Scientific conference, Zoology and Animal Ecology. Abstract Book. 31 January 2022. Nature House, University of Latvia, Riga, Latvia. P. 23.<\/p>\n\n\n\n<p class=\"has-text-align-justify\">Di Marzio A., \u0160\u0137\u0113rsti\u0146a R., Kalni\u0146a M. 2021. Grey Seals at Riga Zoo: Conservation and education. Poster report. EAZA Online Annual Conference, 21.09.2021.<\/p>\n\n\n\n<h2 class=\"wp-block-heading\"><strong>Rehabilitation of bats<\/strong><\/h2>\n\n\n\n<p class=\"has-text-align-justify\">Since 2021 R\u012bga ZOO works as a rehabilitation center for wild bats in collaboration with Bat Research Society of Latvia (<a href=\"http:\/\/latvijassiksparni.org\/\" target=\"_blank\" aria-label=\" (opens in a new tab)\" rel=\"noreferrer noopener nofollow\" class=\"ek-link\">latvijassiksparni.org<\/a>).<\/p>\n\n\n\n<h2 class=\"wp-block-heading\"><strong>The Turtle Sanctuary<\/strong><\/h2>\n\n\n\n<p class=\"has-text-align-justify\">In 2010, a Turtle Sanctuary was opened in Riga Zoo&#8217;s Quarantine station, inviting people to take their unwanted pet turtles to the sanctuary rather than release them into the wild. In 2003\u20132020, a total of 513 turtles of various exotic species were admitted to the Zoo. Most of them were Red-eared Sliders of various subspecies. The Turtle Sanctuary has helped educate people, as well as find new homes to the turtles arriving at the Zoo.<\/p>\n","protected":false},"excerpt":{"rendered":"<p>Riga Zoo takes care of wildlife casualties, rehabilitating them and, where possible, releasing them back into the wild. In 2008\u20132017, 377 wild animals where admitted to the Zoo&#8217;s Quarantine station. 228 of them were rehabilitated successfully and 77 were released back into the wild. Rehabilitation work is conducted both by the Zoo in Riga and [&hellip;]<\/p>\n","protected":false},"author":1,"featured_media":0,"parent":0,"menu_order":0,"comment_status":"closed","ping_status":"closed","template":"","meta":{"_acf_changed":false,"_editorskit_title_hidden":false,"_editorskit_reading_time":0,"_editorskit_is_block_options_detached":false,"_editorskit_block_options_position":"{}","inline_featured_image":false,"footnotes":""},"class_list":["post-7569","page","type-page","status-publish","hentry"],"acf":[],"yoast_head":"<!-- This site is optimized with the Yoast SEO plugin v27.5 - https:\/\/yoast.com\/product\/yoast-seo-wordpress\/ -->\n<title>Rehabilitation of orphaned or injured wildlife - Zoo<\/title>\n<meta name=\"robots\" content=\"index, follow, max-snippet:-1, max-image-preview:large, max-video-preview:-1\" \/>\n<link rel=\"canonical\" href=\"https:\/\/rigazoo.lv\/en\/rehabilitation-of-orphaned-or-injured-wildlife\/\" \/>\n<meta property=\"og:locale\" content=\"en_US\" \/>\n<meta property=\"og:type\" content=\"article\" \/>\n<meta property=\"og:title\" content=\"Rehabilitation of orphaned or injured wildlife - Zoo\" \/>\n<meta property=\"og:description\" content=\"Riga Zoo takes care of wildlife casualties, rehabilitating them and, where possible, releasing them back into the wild. In 2008\u20132017, 377 wild animals where admitted to the Zoo&#8217;s Quarantine station. 228 of them were rehabilitated successfully and 77 were released back into the wild. Rehabilitation work is conducted both by the Zoo in Riga and [&hellip;]\" \/>\n<meta property=\"og:url\" content=\"https:\/\/rigazoo.lv\/en\/rehabilitation-of-orphaned-or-injured-wildlife\/\" \/>\n<meta property=\"og:site_name\" content=\"Zoo\" \/>\n<meta property=\"article:modified_time\" content=\"2024-02-27T12:57:51+00:00\" \/>\n<meta name=\"twitter:card\" content=\"summary_large_image\" \/>\n<meta name=\"twitter:label1\" content=\"Est. reading time\" \/>\n\t<meta name=\"twitter:data1\" content=\"3 minutes\" \/>\n<script type=\"application\/ld+json\" class=\"yoast-schema-graph\">{\"@context\":\"https:\\\/\\\/schema.org\",\"@graph\":[{\"@type\":\"WebPage\",\"@id\":\"https:\\\/\\\/rigazoo.lv\\\/en\\\/rehabilitation-of-orphaned-or-injured-wildlife\\\/\",\"url\":\"https:\\\/\\\/rigazoo.lv\\\/en\\\/rehabilitation-of-orphaned-or-injured-wildlife\\\/\",\"name\":\"Rehabilitation of orphaned or injured wildlife - Zoo\",\"isPartOf\":{\"@id\":\"https:\\\/\\\/rigazoo.lv\\\/en\\\/#website\"},\"datePublished\":\"2023-06-20T11:49:30+00:00\",\"dateModified\":\"2024-02-27T12:57:51+00:00\",\"breadcrumb\":{\"@id\":\"https:\\\/\\\/rigazoo.lv\\\/en\\\/rehabilitation-of-orphaned-or-injured-wildlife\\\/#breadcrumb\"},\"inLanguage\":\"en-US\",\"potentialAction\":[{\"@type\":\"ReadAction\",\"target\":[\"https:\\\/\\\/rigazoo.lv\\\/en\\\/rehabilitation-of-orphaned-or-injured-wildlife\\\/\"]}]},{\"@type\":\"BreadcrumbList\",\"@id\":\"https:\\\/\\\/rigazoo.lv\\\/en\\\/rehabilitation-of-orphaned-or-injured-wildlife\\\/#breadcrumb\",\"itemListElement\":[{\"@type\":\"ListItem\",\"position\":1,\"name\":\"S\u0101kums\",\"item\":\"https:\\\/\\\/rigazoo.lv\\\/en\\\/\"},{\"@type\":\"ListItem\",\"position\":2,\"name\":\"Rehabilitation of orphaned or injured wildlife\"}]},{\"@type\":\"WebSite\",\"@id\":\"https:\\\/\\\/rigazoo.lv\\\/en\\\/#website\",\"url\":\"https:\\\/\\\/rigazoo.lv\\\/en\\\/\",\"name\":\"Zoo\",\"description\":\"\",\"potentialAction\":[{\"@type\":\"SearchAction\",\"target\":{\"@type\":\"EntryPoint\",\"urlTemplate\":\"https:\\\/\\\/rigazoo.lv\\\/en\\\/?s={search_term_string}\"},\"query-input\":{\"@type\":\"PropertyValueSpecification\",\"valueRequired\":true,\"valueName\":\"search_term_string\"}}],\"inLanguage\":\"en-US\"}]}<\/script>\n<!-- \/ Yoast SEO plugin. -->","yoast_head_json":{"title":"Rehabilitation of orphaned or injured wildlife - Zoo","robots":{"index":"index","follow":"follow","max-snippet":"max-snippet:-1","max-image-preview":"max-image-preview:large","max-video-preview":"max-video-preview:-1"},"canonical":"https:\/\/rigazoo.lv\/en\/rehabilitation-of-orphaned-or-injured-wildlife\/","og_locale":"en_US","og_type":"article","og_title":"Rehabilitation of orphaned or injured wildlife - Zoo","og_description":"Riga Zoo takes care of wildlife casualties, rehabilitating them and, where possible, releasing them back into the wild. In 2008\u20132017, 377 wild animals where admitted to the Zoo&#8217;s Quarantine station. 228 of them were rehabilitated successfully and 77 were released back into the wild. Rehabilitation work is conducted both by the Zoo in Riga and [&hellip;]","og_url":"https:\/\/rigazoo.lv\/en\/rehabilitation-of-orphaned-or-injured-wildlife\/","og_site_name":"Zoo","article_modified_time":"2024-02-27T12:57:51+00:00","twitter_card":"summary_large_image","twitter_misc":{"Est. reading time":"3 minutes"},"schema":{"@context":"https:\/\/schema.org","@graph":[{"@type":"WebPage","@id":"https:\/\/rigazoo.lv\/en\/rehabilitation-of-orphaned-or-injured-wildlife\/","url":"https:\/\/rigazoo.lv\/en\/rehabilitation-of-orphaned-or-injured-wildlife\/","name":"Rehabilitation of orphaned or injured wildlife - Zoo","isPartOf":{"@id":"https:\/\/rigazoo.lv\/en\/#website"},"datePublished":"2023-06-20T11:49:30+00:00","dateModified":"2024-02-27T12:57:51+00:00","breadcrumb":{"@id":"https:\/\/rigazoo.lv\/en\/rehabilitation-of-orphaned-or-injured-wildlife\/#breadcrumb"},"inLanguage":"en-US","potentialAction":[{"@type":"ReadAction","target":["https:\/\/rigazoo.lv\/en\/rehabilitation-of-orphaned-or-injured-wildlife\/"]}]},{"@type":"BreadcrumbList","@id":"https:\/\/rigazoo.lv\/en\/rehabilitation-of-orphaned-or-injured-wildlife\/#breadcrumb","itemListElement":[{"@type":"ListItem","position":1,"name":"S\u0101kums","item":"https:\/\/rigazoo.lv\/en\/"},{"@type":"ListItem","position":2,"name":"Rehabilitation of orphaned or injured wildlife"}]},{"@type":"WebSite","@id":"https:\/\/rigazoo.lv\/en\/#website","url":"https:\/\/rigazoo.lv\/en\/","name":"Zoo","description":"","potentialAction":[{"@type":"SearchAction","target":{"@type":"EntryPoint","urlTemplate":"https:\/\/rigazoo.lv\/en\/?s={search_term_string}"},"query-input":{"@type":"PropertyValueSpecification","valueRequired":true,"valueName":"search_term_string"}}],"inLanguage":"en-US"}]}},"jetpack_sharing_enabled":true,"_links":{"self":[{"href":"https:\/\/rigazoo.lv\/en\/wp-json\/wp\/v2\/pages\/7569","targetHints":{"allow":["GET"]}}],"collection":[{"href":"https:\/\/rigazoo.lv\/en\/wp-json\/wp\/v2\/pages"}],"about":[{"href":"https:\/\/rigazoo.lv\/en\/wp-json\/wp\/v2\/types\/page"}],"author":[{"embeddable":true,"href":"https:\/\/rigazoo.lv\/en\/wp-json\/wp\/v2\/users\/1"}],"replies":[{"embeddable":true,"href":"https:\/\/rigazoo.lv\/en\/wp-json\/wp\/v2\/comments?post=7569"}],"version-history":[{"count":3,"href":"https:\/\/rigazoo.lv\/en\/wp-json\/wp\/v2\/pages\/7569\/revisions"}],"predecessor-version":[{"id":13016,"href":"https:\/\/rigazoo.lv\/en\/wp-json\/wp\/v2\/pages\/7569\/revisions\/13016"}],"wp:attachment":[{"href":"https:\/\/rigazoo.lv\/en\/wp-json\/wp\/v2\/media?parent=7569"}],"curies":[{"name":"wp","href":"https:\/\/api.w.org\/{rel}","templated":true}]}}