{"id":7564,"date":"2023-05-19T12:25:08","date_gmt":"2023-05-19T10:25:08","guid":{"rendered":"https:\/\/rigazoo.lv\/?page_id=7564"},"modified":"2023-07-03T13:16:23","modified_gmt":"2023-07-03T11:16:23","slug":"reintroduction-of-eastern-tree-frog-in-latvia","status":"publish","type":"page","link":"https:\/\/rigazoo.lv\/en\/reintroduction-of-eastern-tree-frog-in-latvia\/","title":{"rendered":"Reintroduction of Eastern Tree Frog in Latvia"},"content":{"rendered":"\n<p>Riga Zoo&#8217;s most significant contribution to biodiversity conservation in Latvia is the successful reintroduction of the Eastern Tree Frog (<em>Hyla orientalis<\/em>). In 1988\u20131992, a total of 4110 Tree Frog young, bred in the Zoo&#8217;s Laboratory of Ecology, were released into the wild in Bla\u017e\u0123a Ezers protected nature area. As a result, a healthy wild Eastern Tree Frog population was established in Southwestern Latvia. The reintroduction project was initiated and led by Juris Zvirgzds, Head of the Zoo&#8217;s Laboratory of Ecology. In 1997, Juris Zvirgzds received the award of the Cabinet of Ministers of the Republic of Latvia for his contribution to nature protection and conservation of biodiversity.<\/p>\n\n\n\n<p>Publications<\/p>\n\n\n\n<p><a href=\"https:\/\/rigazoo.lv\/wp-content\/uploads\/2023\/06\/AM_Hyla-arborea_2022-abstract.pdf\" target=\"_blank\" rel=\"noreferrer noopener\">Birbele E., Di Marzio A., Deksne G. 2022.\u00a0Species identification of the reintroduced\u00a0<em>Hyla\u00a0<\/em>Treefrog: preliminary results. Abstract. \u2013 University of Latvia: 80th Scientific conference, Zoology and Animal Ecology sub-section. Abstract Book. 3 February 2022, Nature House, University of Latvia, Riga, Latvia. P. 16.<\/a><\/p>\n\n\n\n<p>Dei\u010dmane M. 2002. Kokvardes&nbsp;<em>Hyla arborea<\/em>&nbsp;monitorings Latvij\u0101. Ma\u0123istra darbs. R\u012bga: Latvijas Universit\u0101te. (MSc Thesis, in Latvian.)<\/p>\n\n\n\n<p>Sta\u0161uls M. 1995. Eiropas kokvardes (<em>Hyla arborea<\/em>) reintrodukcija Latvij\u0101. Diplomdarbs. R\u012bga: Latvijas Universit\u0101te. (Diploma Thesis, in Latvian.)<\/p>\n\n\n\n<p><a href=\"https:\/\/rigazoo.lv\/wp-content\/uploads\/2023\/06\/AM_Hyla-arborea_litt_1995.pdf\" target=\"_blank\" rel=\"noreferrer noopener\">Zvirgzds J., Sta\u0161uls M., Viln\u012btis V. 1995. Reintroduction of the European Tree Frog (<em>Hyla arborea<\/em>) in Latvia.\u00a0\u2013\u00a0Memoranda Soc. Fauna Flora Fennica 71: 139\u2013142.<\/a><\/p>\n","protected":false},"excerpt":{"rendered":"<p>Riga Zoo&#8217;s most significant contribution to biodiversity conservation in Latvia is the successful reintroduction of the Eastern Tree Frog (Hyla orientalis). In 1988\u20131992, a total of 4110 Tree Frog young, bred in the Zoo&#8217;s Laboratory of Ecology, were released into the wild in Bla\u017e\u0123a Ezers protected nature area. As a result, a healthy wild Eastern [&hellip;]<\/p>\n","protected":false},"author":1,"featured_media":0,"parent":0,"menu_order":0,"comment_status":"closed","ping_status":"closed","template":"","meta":{"_acf_changed":false,"_editorskit_title_hidden":false,"_editorskit_reading_time":0,"_editorskit_is_block_options_detached":false,"_editorskit_block_options_position":"{}","inline_featured_image":false,"footnotes":""},"class_list":["post-7564","page","type-page","status-publish","hentry"],"acf":[],"yoast_head":"<!-- This site is optimized with the Yoast SEO plugin v27.4 - https:\/\/yoast.com\/product\/yoast-seo-wordpress\/ -->\n<title>Reintroduction of Eastern Tree Frog in Latvia - Zoo<\/title>\n<meta name=\"robots\" content=\"index, follow, max-snippet:-1, max-image-preview:large, max-video-preview:-1\" \/>\n<link rel=\"canonical\" href=\"https:\/\/rigazoo.lv\/en\/reintroduction-of-eastern-tree-frog-in-latvia\/\" \/>\n<meta property=\"og:locale\" content=\"en_US\" \/>\n<meta property=\"og:type\" content=\"article\" \/>\n<meta property=\"og:title\" content=\"Reintroduction of Eastern Tree Frog in Latvia - Zoo\" \/>\n<meta property=\"og:description\" content=\"Riga Zoo&#8217;s most significant contribution to biodiversity conservation in Latvia is the successful reintroduction of the Eastern Tree Frog (Hyla orientalis). In 1988\u20131992, a total of 4110 Tree Frog young, bred in the Zoo&#8217;s Laboratory of Ecology, were released into the wild in Bla\u017e\u0123a Ezers protected nature area. As a result, a healthy wild Eastern [&hellip;]\" \/>\n<meta property=\"og:url\" content=\"https:\/\/rigazoo.lv\/en\/reintroduction-of-eastern-tree-frog-in-latvia\/\" \/>\n<meta property=\"og:site_name\" content=\"Zoo\" \/>\n<meta property=\"article:modified_time\" content=\"2023-07-03T11:16:23+00:00\" \/>\n<meta name=\"twitter:card\" content=\"summary_large_image\" \/>\n<meta name=\"twitter:label1\" content=\"Est. reading time\" \/>\n\t<meta name=\"twitter:data1\" content=\"2 minutes\" \/>\n<script type=\"application\/ld+json\" class=\"yoast-schema-graph\">{\"@context\":\"https:\\\/\\\/schema.org\",\"@graph\":[{\"@type\":\"WebPage\",\"@id\":\"https:\\\/\\\/rigazoo.lv\\\/en\\\/reintroduction-of-eastern-tree-frog-in-latvia\\\/\",\"url\":\"https:\\\/\\\/rigazoo.lv\\\/en\\\/reintroduction-of-eastern-tree-frog-in-latvia\\\/\",\"name\":\"Reintroduction of Eastern Tree Frog in Latvia - Zoo\",\"isPartOf\":{\"@id\":\"https:\\\/\\\/rigazoo.lv\\\/en\\\/#website\"},\"datePublished\":\"2023-05-19T10:25:08+00:00\",\"dateModified\":\"2023-07-03T11:16:23+00:00\",\"breadcrumb\":{\"@id\":\"https:\\\/\\\/rigazoo.lv\\\/en\\\/reintroduction-of-eastern-tree-frog-in-latvia\\\/#breadcrumb\"},\"inLanguage\":\"en-US\",\"potentialAction\":[{\"@type\":\"ReadAction\",\"target\":[\"https:\\\/\\\/rigazoo.lv\\\/en\\\/reintroduction-of-eastern-tree-frog-in-latvia\\\/\"]}]},{\"@type\":\"BreadcrumbList\",\"@id\":\"https:\\\/\\\/rigazoo.lv\\\/en\\\/reintroduction-of-eastern-tree-frog-in-latvia\\\/#breadcrumb\",\"itemListElement\":[{\"@type\":\"ListItem\",\"position\":1,\"name\":\"S\u0101kums\",\"item\":\"https:\\\/\\\/rigazoo.lv\\\/en\\\/\"},{\"@type\":\"ListItem\",\"position\":2,\"name\":\"Reintroduction of Eastern Tree Frog in Latvia\"}]},{\"@type\":\"WebSite\",\"@id\":\"https:\\\/\\\/rigazoo.lv\\\/en\\\/#website\",\"url\":\"https:\\\/\\\/rigazoo.lv\\\/en\\\/\",\"name\":\"Zoo\",\"description\":\"\",\"potentialAction\":[{\"@type\":\"SearchAction\",\"target\":{\"@type\":\"EntryPoint\",\"urlTemplate\":\"https:\\\/\\\/rigazoo.lv\\\/en\\\/?s={search_term_string}\"},\"query-input\":{\"@type\":\"PropertyValueSpecification\",\"valueRequired\":true,\"valueName\":\"search_term_string\"}}],\"inLanguage\":\"en-US\"}]}<\/script>\n<!-- \/ Yoast SEO plugin. -->","yoast_head_json":{"title":"Reintroduction of Eastern Tree Frog in Latvia - Zoo","robots":{"index":"index","follow":"follow","max-snippet":"max-snippet:-1","max-image-preview":"max-image-preview:large","max-video-preview":"max-video-preview:-1"},"canonical":"https:\/\/rigazoo.lv\/en\/reintroduction-of-eastern-tree-frog-in-latvia\/","og_locale":"en_US","og_type":"article","og_title":"Reintroduction of Eastern Tree Frog in Latvia - Zoo","og_description":"Riga Zoo&#8217;s most significant contribution to biodiversity conservation in Latvia is the successful reintroduction of the Eastern Tree Frog (Hyla orientalis). In 1988\u20131992, a total of 4110 Tree Frog young, bred in the Zoo&#8217;s Laboratory of Ecology, were released into the wild in Bla\u017e\u0123a Ezers protected nature area. As a result, a healthy wild Eastern [&hellip;]","og_url":"https:\/\/rigazoo.lv\/en\/reintroduction-of-eastern-tree-frog-in-latvia\/","og_site_name":"Zoo","article_modified_time":"2023-07-03T11:16:23+00:00","twitter_card":"summary_large_image","twitter_misc":{"Est. reading time":"2 minutes"},"schema":{"@context":"https:\/\/schema.org","@graph":[{"@type":"WebPage","@id":"https:\/\/rigazoo.lv\/en\/reintroduction-of-eastern-tree-frog-in-latvia\/","url":"https:\/\/rigazoo.lv\/en\/reintroduction-of-eastern-tree-frog-in-latvia\/","name":"Reintroduction of Eastern Tree Frog in Latvia - Zoo","isPartOf":{"@id":"https:\/\/rigazoo.lv\/en\/#website"},"datePublished":"2023-05-19T10:25:08+00:00","dateModified":"2023-07-03T11:16:23+00:00","breadcrumb":{"@id":"https:\/\/rigazoo.lv\/en\/reintroduction-of-eastern-tree-frog-in-latvia\/#breadcrumb"},"inLanguage":"en-US","potentialAction":[{"@type":"ReadAction","target":["https:\/\/rigazoo.lv\/en\/reintroduction-of-eastern-tree-frog-in-latvia\/"]}]},{"@type":"BreadcrumbList","@id":"https:\/\/rigazoo.lv\/en\/reintroduction-of-eastern-tree-frog-in-latvia\/#breadcrumb","itemListElement":[{"@type":"ListItem","position":1,"name":"S\u0101kums","item":"https:\/\/rigazoo.lv\/en\/"},{"@type":"ListItem","position":2,"name":"Reintroduction of Eastern Tree Frog in Latvia"}]},{"@type":"WebSite","@id":"https:\/\/rigazoo.lv\/en\/#website","url":"https:\/\/rigazoo.lv\/en\/","name":"Zoo","description":"","potentialAction":[{"@type":"SearchAction","target":{"@type":"EntryPoint","urlTemplate":"https:\/\/rigazoo.lv\/en\/?s={search_term_string}"},"query-input":{"@type":"PropertyValueSpecification","valueRequired":true,"valueName":"search_term_string"}}],"inLanguage":"en-US"}]}},"jetpack_sharing_enabled":true,"_links":{"self":[{"href":"https:\/\/rigazoo.lv\/en\/wp-json\/wp\/v2\/pages\/7564","targetHints":{"allow":["GET"]}}],"collection":[{"href":"https:\/\/rigazoo.lv\/en\/wp-json\/wp\/v2\/pages"}],"about":[{"href":"https:\/\/rigazoo.lv\/en\/wp-json\/wp\/v2\/types\/page"}],"author":[{"embeddable":true,"href":"https:\/\/rigazoo.lv\/en\/wp-json\/wp\/v2\/users\/1"}],"replies":[{"embeddable":true,"href":"https:\/\/rigazoo.lv\/en\/wp-json\/wp\/v2\/comments?post=7564"}],"version-history":[{"count":0,"href":"https:\/\/rigazoo.lv\/en\/wp-json\/wp\/v2\/pages\/7564\/revisions"}],"wp:attachment":[{"href":"https:\/\/rigazoo.lv\/en\/wp-json\/wp\/v2\/media?parent=7564"}],"curies":[{"name":"wp","href":"https:\/\/api.w.org\/{rel}","templated":true}]}}