{"id":7537,"date":"2023-05-19T12:22:44","date_gmt":"2023-05-19T10:22:44","guid":{"rendered":"https:\/\/rigazoo.lv\/vesture\/"},"modified":"2023-12-08T17:01:19","modified_gmt":"2023-12-08T15:01:19","slug":"history","status":"publish","type":"page","link":"https:\/\/rigazoo.lv\/en\/history\/","title":{"rendered":"History"},"content":{"rendered":"\n<p><strong>14&nbsp;October 1912 is considered the date of the official opening of Riga Zoological Garden, since on that day the certificate of its acceptance was signed in working atmosphere. The Society \u201cZoolo\u0123iskais d\u0101rzs R\u012bg\u0101\u201d (<em>Zoological Garden in Riga<\/em>) established a very modern zoological garden on donations.&nbsp;<\/strong><\/p>\n\n\n\n<ul class=\"wp-block-list\">\n<li>The rapid development of the zoological garden was interrupted by World War&nbsp;I, at the end of 1917 the institution was actually closed. Some animals were transported to Germany, the rest had to be disposed of.<\/li>\n\n\n\n<li>Since 1921 the territory of Riga Zoological Garden was transferred to the Department of Social Support that organised camps for children there.&nbsp;&nbsp;<\/li>\n\n\n\n<li>A zoological garden resumed work in a small part of the former territory on 24&nbsp;September 1933. Previous expositions were restored and new ones created by society \u201cLatvijas zoolo\u0123iskais d\u0101rzs\u201d (<em>Zoological Garden of Latvia<\/em>), the zoo flourished once again and by 1940 occupied all of its former territory.<\/li>\n\n\n\n<li>Riga Zoological Garden continued its operation during World War&nbsp;II, and at the end of the war employees were able to prevent transportation of its collection to Germany.<\/li>\n\n\n\n<li>During the Soviet time despite limited circumstances the collection of animals was diverse, and the zoo was one of the best in the Soviet Union.<\/li>\n\n\n\n<li>At the time Latvia regained independence, buildings and communications of Riga Zoological Garden were in a state of considerable neglect. Due to state support, support from the city and sponsors, creative employees with numerous ideas it was possible to implement changes at the zoo and improve it.&nbsp;&nbsp;<\/li>\n<\/ul>\n\n\n\n<p><strong>In November 1992 Riga Zoological Garden joined the European Association of Zoos and Aquaria (EAZA). In December 1992 the Supreme Council of the Republic of Latvia took a decision to rename the zoo Riga National Zoological Garden.<\/strong><\/p>\n\n\n\n\n<div class=\"zoo-accordion\">\n    <div class=\"born-container is-default\">\n        <div class=\"inner\">\n            <button class=\"collapsed\" type=\"button\" data-bs-toggle=\"collapse\" data-bs-target=\"#acc_2768573210560769\" aria-expanded=\"true\">\n                R\u012bga ZOO in different times            <\/button>\n            <div class=\"content collapse\" id=\"acc_2768573210560769\">\n                <div>\n                    <p>1908-1912<\/p>\n<p><a href=\"https:\/\/rigazoo.lv\/wp-content\/uploads\/2023\/10\/1_1.pdf\" target=\"_blank\" rel=\"noopener\"><img loading=\"lazy\" decoding=\"async\" class=\"wp-image-10974 aligncenter\" src=\"https:\/\/rigazoo.lv\/wp-content\/uploads\/2023\/10\/1_1-300x161.png\" alt=\"\" width=\"775\" height=\"416\" srcset=\"https:\/\/rigazoo.lv\/wp-content\/uploads\/2023\/10\/1_1-300x161.png 300w, https:\/\/rigazoo.lv\/wp-content\/uploads\/2023\/10\/1_1-1024x551.png 1024w, https:\/\/rigazoo.lv\/wp-content\/uploads\/2023\/10\/1_1-768x413.png 768w, https:\/\/rigazoo.lv\/wp-content\/uploads\/2023\/10\/1_1-1536x827.png 1536w, https:\/\/rigazoo.lv\/wp-content\/uploads\/2023\/10\/1_1-325x175.png 325w, https:\/\/rigazoo.lv\/wp-content\/uploads\/2023\/10\/1_1.png 1700w\" sizes=\"auto, (max-width: 775px) 100vw, 775px\" \/><\/a><\/p>\n<p>1913-1918<\/p>\n<p><a href=\"https:\/\/rigazoo.lv\/wp-content\/uploads\/2023\/10\/1_2-1.pdf\" target=\"_blank\" rel=\"noopener\"><img loading=\"lazy\" decoding=\"async\" class=\"wp-image-11007 aligncenter\" src=\"https:\/\/rigazoo.lv\/wp-content\/uploads\/2023\/10\/1_2-300x161.png\" alt=\"\" width=\"773\" height=\"415\" srcset=\"https:\/\/rigazoo.lv\/wp-content\/uploads\/2023\/10\/1_2-300x161.png 300w, https:\/\/rigazoo.lv\/wp-content\/uploads\/2023\/10\/1_2-1024x550.png 1024w, https:\/\/rigazoo.lv\/wp-content\/uploads\/2023\/10\/1_2-768x413.png 768w, https:\/\/rigazoo.lv\/wp-content\/uploads\/2023\/10\/1_2-1536x825.png 1536w, https:\/\/rigazoo.lv\/wp-content\/uploads\/2023\/10\/1_2-326x175.png 326w, https:\/\/rigazoo.lv\/wp-content\/uploads\/2023\/10\/1_2.png 1550w\" sizes=\"auto, (max-width: 773px) 100vw, 773px\" \/><\/a><\/p>\n<p>1914<\/p>\n<p><a href=\"https:\/\/rigazoo.lv\/wp-content\/uploads\/2023\/10\/1_1914_File0224m-scaled.jpg\" target=\"_blank\" rel=\"noopener\"><img loading=\"lazy\" decoding=\"async\" class=\"wp-image-11012 aligncenter\" src=\"https:\/\/rigazoo.lv\/wp-content\/uploads\/2023\/10\/1_1914-300x209.png\" alt=\"\" width=\"772\" height=\"538\" srcset=\"https:\/\/rigazoo.lv\/wp-content\/uploads\/2023\/10\/1_1914-300x209.png 300w, https:\/\/rigazoo.lv\/wp-content\/uploads\/2023\/10\/1_1914-1024x714.png 1024w, https:\/\/rigazoo.lv\/wp-content\/uploads\/2023\/10\/1_1914-768x536.png 768w, https:\/\/rigazoo.lv\/wp-content\/uploads\/2023\/10\/1_1914-251x175.png 251w, https:\/\/rigazoo.lv\/wp-content\/uploads\/2023\/10\/1_1914.png 1150w\" sizes=\"auto, (max-width: 772px) 100vw, 772px\" \/><\/a><\/p>\n<p>1933-1936<\/p>\n<p><a href=\"https:\/\/rigazoo.lv\/wp-content\/uploads\/2023\/10\/2_1.pdf\" target=\"_blank\" rel=\"noopener\"><img loading=\"lazy\" decoding=\"async\" class=\"alignnone wp-image-11016\" src=\"https:\/\/rigazoo.lv\/wp-content\/uploads\/2023\/10\/2_1-300x190.png\" alt=\"\" width=\"769\" height=\"487\" srcset=\"https:\/\/rigazoo.lv\/wp-content\/uploads\/2023\/10\/2_1-300x190.png 300w, https:\/\/rigazoo.lv\/wp-content\/uploads\/2023\/10\/2_1-1024x650.png 1024w, https:\/\/rigazoo.lv\/wp-content\/uploads\/2023\/10\/2_1-768x487.png 768w, https:\/\/rigazoo.lv\/wp-content\/uploads\/2023\/10\/2_1-276x175.png 276w, https:\/\/rigazoo.lv\/wp-content\/uploads\/2023\/10\/2_1.png 1450w\" sizes=\"auto, (max-width: 769px) 100vw, 769px\" \/><\/a><\/p>\n<p>1937-1941<\/p>\n<p><a href=\"https:\/\/rigazoo.lv\/wp-content\/uploads\/2023\/10\/2_2.pdf\" target=\"_blank\" rel=\"noopener\"><img loading=\"lazy\" decoding=\"async\" class=\"alignnone wp-image-11019\" src=\"https:\/\/rigazoo.lv\/wp-content\/uploads\/2023\/10\/2_2-300x190.png\" alt=\"\" width=\"767\" height=\"486\" srcset=\"https:\/\/rigazoo.lv\/wp-content\/uploads\/2023\/10\/2_2-300x190.png 300w, https:\/\/rigazoo.lv\/wp-content\/uploads\/2023\/10\/2_2-1024x650.png 1024w, https:\/\/rigazoo.lv\/wp-content\/uploads\/2023\/10\/2_2-768x487.png 768w, https:\/\/rigazoo.lv\/wp-content\/uploads\/2023\/10\/2_2-276x175.png 276w, https:\/\/rigazoo.lv\/wp-content\/uploads\/2023\/10\/2_2.png 1500w\" sizes=\"auto, (max-width: 767px) 100vw, 767px\" \/><\/a><\/p>\n<p>1942-1952<\/p>\n<p><a href=\"https:\/\/rigazoo.lv\/wp-content\/uploads\/2023\/10\/3_1.pdf\" target=\"_blank\" rel=\"noopener\"><img loading=\"lazy\" decoding=\"async\" class=\"alignnone wp-image-11030\" src=\"https:\/\/rigazoo.lv\/wp-content\/uploads\/2023\/10\/3_1-300x167.png\" alt=\"\" width=\"765\" height=\"426\" srcset=\"https:\/\/rigazoo.lv\/wp-content\/uploads\/2023\/10\/3_1-300x167.png 300w, https:\/\/rigazoo.lv\/wp-content\/uploads\/2023\/10\/3_1-1024x571.png 1024w, https:\/\/rigazoo.lv\/wp-content\/uploads\/2023\/10\/3_1-768x429.png 768w, https:\/\/rigazoo.lv\/wp-content\/uploads\/2023\/10\/3_1-314x175.png 314w, https:\/\/rigazoo.lv\/wp-content\/uploads\/2023\/10\/3_1.png 1500w\" sizes=\"auto, (max-width: 765px) 100vw, 765px\" \/><\/a><\/p>\n<p>1953-1960<\/p>\n<p><a href=\"https:\/\/rigazoo.lv\/wp-content\/uploads\/2023\/10\/3_2.pdf\" target=\"_blank\" rel=\"noopener\"><img loading=\"lazy\" decoding=\"async\" class=\"alignnone wp-image-11034\" src=\"https:\/\/rigazoo.lv\/wp-content\/uploads\/2023\/10\/3_2-300x169.png\" alt=\"\" width=\"763\" height=\"430\" srcset=\"https:\/\/rigazoo.lv\/wp-content\/uploads\/2023\/10\/3_2-300x169.png 300w, https:\/\/rigazoo.lv\/wp-content\/uploads\/2023\/10\/3_2-1024x576.png 1024w, https:\/\/rigazoo.lv\/wp-content\/uploads\/2023\/10\/3_2-768x432.png 768w, https:\/\/rigazoo.lv\/wp-content\/uploads\/2023\/10\/3_2-311x175.png 311w, https:\/\/rigazoo.lv\/wp-content\/uploads\/2023\/10\/3_2.png 1500w\" sizes=\"auto, (max-width: 763px) 100vw, 763px\" \/><\/a><\/p>\n<p>1961-1970<\/p>\n<p><a href=\"https:\/\/rigazoo.lv\/wp-content\/uploads\/2023\/10\/4_1.pdf\" target=\"_blank\" rel=\"noopener\"><img loading=\"lazy\" decoding=\"async\" class=\"alignnone wp-image-11038\" src=\"https:\/\/rigazoo.lv\/wp-content\/uploads\/2023\/10\/4_1-300x185.png\" alt=\"\" width=\"764\" height=\"471\" srcset=\"https:\/\/rigazoo.lv\/wp-content\/uploads\/2023\/10\/4_1-300x185.png 300w, https:\/\/rigazoo.lv\/wp-content\/uploads\/2023\/10\/4_1-1024x632.png 1024w, https:\/\/rigazoo.lv\/wp-content\/uploads\/2023\/10\/4_1-768x474.png 768w, https:\/\/rigazoo.lv\/wp-content\/uploads\/2023\/10\/4_1-284x175.png 284w, https:\/\/rigazoo.lv\/wp-content\/uploads\/2023\/10\/4_1.png 1400w\" sizes=\"auto, (max-width: 764px) 100vw, 764px\" \/><\/a><\/p>\n<p>1971-1980<\/p>\n<p><a href=\"https:\/\/rigazoo.lv\/wp-content\/uploads\/2023\/10\/4_2.pdf\" target=\"_blank\" rel=\"noopener\"><img loading=\"lazy\" decoding=\"async\" class=\"alignnone wp-image-11069\" src=\"https:\/\/rigazoo.lv\/wp-content\/uploads\/2023\/10\/4_2-300x185.png\" alt=\"\" width=\"764\" height=\"471\" srcset=\"https:\/\/rigazoo.lv\/wp-content\/uploads\/2023\/10\/4_2-300x185.png 300w, https:\/\/rigazoo.lv\/wp-content\/uploads\/2023\/10\/4_2-1024x631.png 1024w, https:\/\/rigazoo.lv\/wp-content\/uploads\/2023\/10\/4_2-768x474.png 768w, https:\/\/rigazoo.lv\/wp-content\/uploads\/2023\/10\/4_2-284x175.png 284w, https:\/\/rigazoo.lv\/wp-content\/uploads\/2023\/10\/4_2.png 1450w\" sizes=\"auto, (max-width: 764px) 100vw, 764px\" \/><\/a><\/p>\n<p>1981-1990<\/p>\n<p><a href=\"https:\/\/rigazoo.lv\/wp-content\/uploads\/2023\/10\/5_1.pdf\" target=\"_blank\" rel=\"noopener\"><img loading=\"lazy\" decoding=\"async\" class=\"alignnone wp-image-11074\" src=\"https:\/\/rigazoo.lv\/wp-content\/uploads\/2023\/10\/5_1-300x119.png\" alt=\"\" width=\"759\" height=\"301\" srcset=\"https:\/\/rigazoo.lv\/wp-content\/uploads\/2023\/10\/5_1-300x119.png 300w, https:\/\/rigazoo.lv\/wp-content\/uploads\/2023\/10\/5_1-1024x407.png 1024w, https:\/\/rigazoo.lv\/wp-content\/uploads\/2023\/10\/5_1-768x306.png 768w, https:\/\/rigazoo.lv\/wp-content\/uploads\/2023\/10\/5_1-440x175.png 440w, https:\/\/rigazoo.lv\/wp-content\/uploads\/2023\/10\/5_1.png 1450w\" sizes=\"auto, (max-width: 759px) 100vw, 759px\" \/><\/a><\/p>\n<p>1991-1999<\/p>\n<p><a href=\"https:\/\/rigazoo.lv\/wp-content\/uploads\/2023\/10\/5_2.pdf\" target=\"_blank\" rel=\"noopener\"><img loading=\"lazy\" decoding=\"async\" class=\"alignnone wp-image-11079\" src=\"https:\/\/rigazoo.lv\/wp-content\/uploads\/2023\/10\/5_2-300x119.png\" alt=\"\" width=\"759\" height=\"301\" srcset=\"https:\/\/rigazoo.lv\/wp-content\/uploads\/2023\/10\/5_2-300x119.png 300w, https:\/\/rigazoo.lv\/wp-content\/uploads\/2023\/10\/5_2-1024x407.png 1024w, https:\/\/rigazoo.lv\/wp-content\/uploads\/2023\/10\/5_2-768x305.png 768w, https:\/\/rigazoo.lv\/wp-content\/uploads\/2023\/10\/5_2-1536x611.png 1536w, https:\/\/rigazoo.lv\/wp-content\/uploads\/2023\/10\/5_2-440x175.png 440w, https:\/\/rigazoo.lv\/wp-content\/uploads\/2023\/10\/5_2.png 1800w\" sizes=\"auto, (max-width: 759px) 100vw, 759px\" \/><\/a><\/p>\n<p>2000-2009<\/p>\n<p><a href=\"https:\/\/rigazoo.lv\/wp-content\/uploads\/2023\/10\/6_1.pdf\" target=\"_blank\" rel=\"noopener\"><img loading=\"lazy\" decoding=\"async\" class=\"alignnone wp-image-11093\" src=\"https:\/\/rigazoo.lv\/wp-content\/uploads\/2023\/10\/6_1-300x158.png\" alt=\"\" width=\"756\" height=\"398\" srcset=\"https:\/\/rigazoo.lv\/wp-content\/uploads\/2023\/10\/6_1-300x158.png 300w, https:\/\/rigazoo.lv\/wp-content\/uploads\/2023\/10\/6_1-1024x540.png 1024w, https:\/\/rigazoo.lv\/wp-content\/uploads\/2023\/10\/6_1-768x405.png 768w, https:\/\/rigazoo.lv\/wp-content\/uploads\/2023\/10\/6_1-1536x810.png 1536w, https:\/\/rigazoo.lv\/wp-content\/uploads\/2023\/10\/6_1-332x175.png 332w, https:\/\/rigazoo.lv\/wp-content\/uploads\/2023\/10\/6_1.png 1750w\" sizes=\"auto, (max-width: 756px) 100vw, 756px\" \/><\/a><\/p>\n<p>2010-2017<\/p>\n<p><a href=\"https:\/\/rigazoo.lv\/wp-content\/uploads\/2023\/10\/6_2.pdf\" target=\"_blank\" rel=\"noopener\"><img loading=\"lazy\" decoding=\"async\" class=\"alignnone wp-image-11098\" src=\"https:\/\/rigazoo.lv\/wp-content\/uploads\/2023\/10\/6_2-300x158.png\" alt=\"\" width=\"754\" height=\"397\" srcset=\"https:\/\/rigazoo.lv\/wp-content\/uploads\/2023\/10\/6_2-300x158.png 300w, https:\/\/rigazoo.lv\/wp-content\/uploads\/2023\/10\/6_2-1024x539.png 1024w, https:\/\/rigazoo.lv\/wp-content\/uploads\/2023\/10\/6_2-768x404.png 768w, https:\/\/rigazoo.lv\/wp-content\/uploads\/2023\/10\/6_2-1536x808.png 1536w, https:\/\/rigazoo.lv\/wp-content\/uploads\/2023\/10\/6_2-333x175.png 333w, https:\/\/rigazoo.lv\/wp-content\/uploads\/2023\/10\/6_2.png 1900w\" sizes=\"auto, (max-width: 754px) 100vw, 754px\" \/><\/a><\/p>\n<p>&nbsp;<\/p>\n                <\/div>\n            <\/div>\n        <\/div>\n    <\/div>\n<\/div>\n","protected":false},"excerpt":{"rendered":"<p>14&nbsp;October 1912 is considered the date of the official opening of Riga Zoological Garden, since on that day the certificate of its acceptance was signed in working atmosphere. The Society \u201cZoolo\u0123iskais d\u0101rzs R\u012bg\u0101\u201d (Zoological Garden in Riga) established a very modern zoological garden on donations.&nbsp; In November 1992 Riga Zoological Garden joined the European Association [&hellip;]<\/p>\n","protected":false},"author":1,"featured_media":0,"parent":0,"menu_order":0,"comment_status":"closed","ping_status":"closed","template":"","meta":{"_acf_changed":false,"_editorskit_title_hidden":false,"_editorskit_reading_time":0,"_editorskit_is_block_options_detached":false,"_editorskit_block_options_position":"{}","inline_featured_image":false,"footnotes":""},"class_list":["post-7537","page","type-page","status-publish","hentry"],"acf":[],"yoast_head":"<!-- This site is optimized with the Yoast SEO plugin v27.4 - https:\/\/yoast.com\/product\/yoast-seo-wordpress\/ -->\n<title>History - Zoo<\/title>\n<meta name=\"robots\" content=\"index, follow, max-snippet:-1, max-image-preview:large, max-video-preview:-1\" \/>\n<link rel=\"canonical\" href=\"https:\/\/rigazoo.lv\/en\/history\/\" \/>\n<meta property=\"og:locale\" content=\"en_US\" \/>\n<meta property=\"og:type\" content=\"article\" \/>\n<meta property=\"og:title\" content=\"History - Zoo\" \/>\n<meta property=\"og:description\" content=\"14&nbsp;October 1912 is considered the date of the official opening of Riga Zoological Garden, since on that day the certificate of its acceptance was signed in working atmosphere. The Society \u201cZoolo\u0123iskais d\u0101rzs R\u012bg\u0101\u201d (Zoological Garden in Riga) established a very modern zoological garden on donations.&nbsp; In November 1992 Riga Zoological Garden joined the European Association [&hellip;]\" \/>\n<meta property=\"og:url\" content=\"https:\/\/rigazoo.lv\/en\/history\/\" \/>\n<meta property=\"og:site_name\" content=\"Zoo\" \/>\n<meta property=\"article:modified_time\" content=\"2023-12-08T15:01:19+00:00\" \/>\n<meta name=\"twitter:card\" content=\"summary_large_image\" \/>\n<meta name=\"twitter:label1\" content=\"Est. reading time\" \/>\n\t<meta name=\"twitter:data1\" content=\"2 minutes\" \/>\n<script type=\"application\/ld+json\" class=\"yoast-schema-graph\">{\"@context\":\"https:\\\/\\\/schema.org\",\"@graph\":[{\"@type\":\"WebPage\",\"@id\":\"https:\\\/\\\/rigazoo.lv\\\/en\\\/history\\\/\",\"url\":\"https:\\\/\\\/rigazoo.lv\\\/en\\\/history\\\/\",\"name\":\"History - Zoo\",\"isPartOf\":{\"@id\":\"https:\\\/\\\/rigazoo.lv\\\/en\\\/#website\"},\"datePublished\":\"2023-05-19T10:22:44+00:00\",\"dateModified\":\"2023-12-08T15:01:19+00:00\",\"breadcrumb\":{\"@id\":\"https:\\\/\\\/rigazoo.lv\\\/en\\\/history\\\/#breadcrumb\"},\"inLanguage\":\"en-US\",\"potentialAction\":[{\"@type\":\"ReadAction\",\"target\":[\"https:\\\/\\\/rigazoo.lv\\\/en\\\/history\\\/\"]}]},{\"@type\":\"BreadcrumbList\",\"@id\":\"https:\\\/\\\/rigazoo.lv\\\/en\\\/history\\\/#breadcrumb\",\"itemListElement\":[{\"@type\":\"ListItem\",\"position\":1,\"name\":\"S\u0101kums\",\"item\":\"https:\\\/\\\/rigazoo.lv\\\/en\\\/\"},{\"@type\":\"ListItem\",\"position\":2,\"name\":\"History\"}]},{\"@type\":\"WebSite\",\"@id\":\"https:\\\/\\\/rigazoo.lv\\\/en\\\/#website\",\"url\":\"https:\\\/\\\/rigazoo.lv\\\/en\\\/\",\"name\":\"Zoo\",\"description\":\"\",\"potentialAction\":[{\"@type\":\"SearchAction\",\"target\":{\"@type\":\"EntryPoint\",\"urlTemplate\":\"https:\\\/\\\/rigazoo.lv\\\/en\\\/?s={search_term_string}\"},\"query-input\":{\"@type\":\"PropertyValueSpecification\",\"valueRequired\":true,\"valueName\":\"search_term_string\"}}],\"inLanguage\":\"en-US\"}]}<\/script>\n<!-- \/ Yoast SEO plugin. -->","yoast_head_json":{"title":"History - Zoo","robots":{"index":"index","follow":"follow","max-snippet":"max-snippet:-1","max-image-preview":"max-image-preview:large","max-video-preview":"max-video-preview:-1"},"canonical":"https:\/\/rigazoo.lv\/en\/history\/","og_locale":"en_US","og_type":"article","og_title":"History - Zoo","og_description":"14&nbsp;October 1912 is considered the date of the official opening of Riga Zoological Garden, since on that day the certificate of its acceptance was signed in working atmosphere. The Society \u201cZoolo\u0123iskais d\u0101rzs R\u012bg\u0101\u201d (Zoological Garden in Riga) established a very modern zoological garden on donations.&nbsp; In November 1992 Riga Zoological Garden joined the European Association [&hellip;]","og_url":"https:\/\/rigazoo.lv\/en\/history\/","og_site_name":"Zoo","article_modified_time":"2023-12-08T15:01:19+00:00","twitter_card":"summary_large_image","twitter_misc":{"Est. reading time":"2 minutes"},"schema":{"@context":"https:\/\/schema.org","@graph":[{"@type":"WebPage","@id":"https:\/\/rigazoo.lv\/en\/history\/","url":"https:\/\/rigazoo.lv\/en\/history\/","name":"History - Zoo","isPartOf":{"@id":"https:\/\/rigazoo.lv\/en\/#website"},"datePublished":"2023-05-19T10:22:44+00:00","dateModified":"2023-12-08T15:01:19+00:00","breadcrumb":{"@id":"https:\/\/rigazoo.lv\/en\/history\/#breadcrumb"},"inLanguage":"en-US","potentialAction":[{"@type":"ReadAction","target":["https:\/\/rigazoo.lv\/en\/history\/"]}]},{"@type":"BreadcrumbList","@id":"https:\/\/rigazoo.lv\/en\/history\/#breadcrumb","itemListElement":[{"@type":"ListItem","position":1,"name":"S\u0101kums","item":"https:\/\/rigazoo.lv\/en\/"},{"@type":"ListItem","position":2,"name":"History"}]},{"@type":"WebSite","@id":"https:\/\/rigazoo.lv\/en\/#website","url":"https:\/\/rigazoo.lv\/en\/","name":"Zoo","description":"","potentialAction":[{"@type":"SearchAction","target":{"@type":"EntryPoint","urlTemplate":"https:\/\/rigazoo.lv\/en\/?s={search_term_string}"},"query-input":{"@type":"PropertyValueSpecification","valueRequired":true,"valueName":"search_term_string"}}],"inLanguage":"en-US"}]}},"jetpack_sharing_enabled":true,"_links":{"self":[{"href":"https:\/\/rigazoo.lv\/en\/wp-json\/wp\/v2\/pages\/7537","targetHints":{"allow":["GET"]}}],"collection":[{"href":"https:\/\/rigazoo.lv\/en\/wp-json\/wp\/v2\/pages"}],"about":[{"href":"https:\/\/rigazoo.lv\/en\/wp-json\/wp\/v2\/types\/page"}],"author":[{"embeddable":true,"href":"https:\/\/rigazoo.lv\/en\/wp-json\/wp\/v2\/users\/1"}],"replies":[{"embeddable":true,"href":"https:\/\/rigazoo.lv\/en\/wp-json\/wp\/v2\/comments?post=7537"}],"version-history":[{"count":2,"href":"https:\/\/rigazoo.lv\/en\/wp-json\/wp\/v2\/pages\/7537\/revisions"}],"predecessor-version":[{"id":12288,"href":"https:\/\/rigazoo.lv\/en\/wp-json\/wp\/v2\/pages\/7537\/revisions\/12288"}],"wp:attachment":[{"href":"https:\/\/rigazoo.lv\/en\/wp-json\/wp\/v2\/media?parent=7537"}],"curies":[{"name":"wp","href":"https:\/\/api.w.org\/{rel}","templated":true}]}}