{"id":7483,"date":"2023-05-12T13:06:55","date_gmt":"2023-05-12T11:06:55","guid":{"rendered":"https:\/\/rigazoo.lv\/admission-2\/"},"modified":"2026-03-17T18:56:18","modified_gmt":"2026-03-17T16:56:18","slug":"admission","status":"publish","type":"page","link":"https:\/\/rigazoo.lv\/en\/admission\/","title":{"rendered":"Admission"},"content":{"rendered":"\n<h2 class=\"wp-block-heading\"><strong>Winter season<\/strong> (13.10.2025.\u201330.04.2026.)<\/h2>\n\n\n\n<figure class=\"wp-block-table\"><table><tbody><tr><td><strong>STANDART PRICE<\/strong><\/td><td><strong>Workdays<\/strong><\/td><td><strong>Weekends<\/strong><\/td><\/tr><tr><td>Adult<\/td><td>12 EUR<\/td><td>14 EUR<\/td><\/tr><tr><td>Child (4-17 y.o.)<\/td><td>5 EUR<\/td><td>6 EUR<\/td><\/tr><tr><td>Student<\/td><td>8 EUR<\/td><td>9 EUR<\/td><\/tr><tr><td>Senior (with a pensioner\u2019s card)<\/td><td>8 EUR<\/td><td>9 EUR<\/td><\/tr><tr><td><strong>FAMILY<\/strong><\/td><td><\/td><td>\ufeff<\/td><\/tr><tr><td>2 adults + up to 3 children<br>Additional ticket for 1 child<\/td><td>25 EUR<br>3 EUR<\/td><td>30 EUR<br>3 EUR<\/td><\/tr><tr><td>Family with Family Card &#8220;Goda \u0123imene&#8221;, &#8220;\u0160eimos kortel\u0117&#8221; or &#8220;Perekaart&#8221;<br>2 adults + all the children of the family, valid ID must be presented<\/td><td>20 EUR<\/td><td>20 EUR<\/td><\/tr><tr><td><strong>SPECIAL CONDITIONS<\/strong><\/td><td><\/td><td>\ufeff<\/td><\/tr><tr><td>Afternoon ticket (from 1 PM)<\/td><td>7 EUR<\/td><td>7 EUR<\/td><\/tr><tr><td>Group (10+ visitors; applied to standart price only)<\/td><td>-10%<\/td><td>-10%<\/td><\/tr><tr><td>Birthday discount (for you +2 others; applied to standart price only)<\/td><td>-20%<\/td><td>-20%<\/td><\/tr><tr><td>1 instructor per 10 children<\/td><td>0 EUR<\/td><td>0 EUR<\/td><\/tr><tr><td>Adult with a disability<\/td><td>5 EUR<\/td><td>5 EUR<\/td><\/tr><tr><td>Companion of a child with a disability, person with group I disability or person in wheelchair<\/td><td>5 EUR<\/td><td>5 EUR<\/td><\/tr><tr><td>Child (up to 3 y.o.)<\/td><td>0 EUR<\/td><td>0 EUR<\/td><\/tr><tr><td>Child with a disability (4-17 y.o.)<\/td><td>0 EUR<\/td><td>0 EUR<\/td><\/tr><tr><td>Wednesdays: Senior Days (free admission for seniors with a pensioner\u2019s card)<\/td><td>0 EUR<\/td><td>0 EUR<\/td><\/tr><\/tbody><\/table><\/figure>\n\n\n\n<figure class=\"wp-block-table caption-align-left\"><table><tbody><tr><td><strong>GUIDE<\/strong><\/td><td><\/td><\/tr><tr><td>Guided tour (for a group up to 20 people)<br><em>Please book your guided tour in advance:<\/em> <em>22003212, zooskola@rigazoo.lv<\/em><\/td><td>60, 80, 120 EUR<\/td><\/tr><tr><td><strong>PARKING<\/strong><\/td><td><\/td><\/tr><tr><td>Parking for zoo visitors<\/td><td>10 EUR<\/td><\/tr><tr><td>Parking for family with Family Card &#8220;Goda \u0123imene&#8221;, &#8220;\u0160eimos kortel\u0117&#8221; or &#8220;Perekaart&#8221;<\/td><td>0 EUR<\/td><\/tr><tr><td>Parking for visitor with a disability (by presenting parking card for people with disabilities)<\/td><td>0 EUR<\/td><\/tr><tr><td><strong>ANNUAL PASS<\/strong><\/td><td><\/td><\/tr><tr><td>Annual adult pass \u2013 personalised<\/td><td>59 EUR<\/td><\/tr><tr><td>Annual pass for student or senior \u2013 personalised<\/td><td>49 EUR<\/td><\/tr><tr><td>Annual child pass (4-17 y.o.) \u2013 personalised<\/td><td>39 EUR<\/td><\/tr><tr><td>Family (2 adults + up to 3 children (4-17 y.o.)) \u2013 personalised<\/td><td>99 EUR<\/td><\/tr><\/tbody><\/table><\/figure>\n\n\n\n<p><a href=\"https:\/\/rigazoo.lv\/en\/admission-season\/\">Summer season ticket pricing<\/a> (from May 1st)<\/p>\n","protected":false},"excerpt":{"rendered":"<p>Winter season (13.10.2025.\u201330.04.2026.) STANDART PRICE Workdays Weekends Adult 12 EUR 14 EUR Child (4-17 y.o.) 5 EUR 6 EUR Student 8 EUR 9 EUR Senior (with a pensioner\u2019s card) 8 EUR 9 EUR FAMILY \ufeff 2 adults + up to 3 childrenAdditional ticket for 1 child 25 EUR3 EUR 30 EUR3 EUR Family with Family [&hellip;]<\/p>\n","protected":false},"author":1,"featured_media":0,"parent":0,"menu_order":0,"comment_status":"closed","ping_status":"closed","template":"","meta":{"_acf_changed":false,"_editorskit_title_hidden":false,"_editorskit_reading_time":0,"_editorskit_is_block_options_detached":false,"_editorskit_block_options_position":"{}","inline_featured_image":false,"footnotes":""},"class_list":["post-7483","page","type-page","status-publish","hentry"],"acf":[],"yoast_head":"<!-- This site is optimized with the Yoast SEO plugin v27.4 - https:\/\/yoast.com\/product\/yoast-seo-wordpress\/ -->\n<title>Admission - Zoo<\/title>\n<meta name=\"robots\" content=\"index, follow, max-snippet:-1, max-image-preview:large, max-video-preview:-1\" \/>\n<link rel=\"canonical\" href=\"https:\/\/rigazoo.lv\/en\/admission\/\" \/>\n<meta property=\"og:locale\" content=\"en_US\" \/>\n<meta property=\"og:type\" content=\"article\" \/>\n<meta property=\"og:title\" content=\"Admission - Zoo\" \/>\n<meta property=\"og:description\" content=\"Winter season (13.10.2025.\u201330.04.2026.) STANDART PRICE Workdays Weekends Adult 12 EUR 14 EUR Child (4-17 y.o.) 5 EUR 6 EUR Student 8 EUR 9 EUR Senior (with a pensioner\u2019s card) 8 EUR 9 EUR FAMILY \ufeff 2 adults + up to 3 childrenAdditional ticket for 1 child 25 EUR3 EUR 30 EUR3 EUR Family with Family [&hellip;]\" \/>\n<meta property=\"og:url\" content=\"https:\/\/rigazoo.lv\/en\/admission\/\" \/>\n<meta property=\"og:site_name\" content=\"Zoo\" \/>\n<meta property=\"article:modified_time\" content=\"2026-03-17T16:56:18+00:00\" \/>\n<meta name=\"twitter:card\" content=\"summary_large_image\" \/>\n<meta name=\"twitter:label1\" content=\"Est. reading time\" \/>\n\t<meta name=\"twitter:data1\" content=\"2 minutes\" \/>\n<script type=\"application\/ld+json\" class=\"yoast-schema-graph\">{\"@context\":\"https:\\\/\\\/schema.org\",\"@graph\":[{\"@type\":\"WebPage\",\"@id\":\"https:\\\/\\\/rigazoo.lv\\\/en\\\/admission\\\/\",\"url\":\"https:\\\/\\\/rigazoo.lv\\\/en\\\/admission\\\/\",\"name\":\"Admission - Zoo\",\"isPartOf\":{\"@id\":\"https:\\\/\\\/rigazoo.lv\\\/en\\\/#website\"},\"datePublished\":\"2023-05-12T11:06:55+00:00\",\"dateModified\":\"2026-03-17T16:56:18+00:00\",\"breadcrumb\":{\"@id\":\"https:\\\/\\\/rigazoo.lv\\\/en\\\/admission\\\/#breadcrumb\"},\"inLanguage\":\"en-US\",\"potentialAction\":[{\"@type\":\"ReadAction\",\"target\":[\"https:\\\/\\\/rigazoo.lv\\\/en\\\/admission\\\/\"]}]},{\"@type\":\"BreadcrumbList\",\"@id\":\"https:\\\/\\\/rigazoo.lv\\\/en\\\/admission\\\/#breadcrumb\",\"itemListElement\":[{\"@type\":\"ListItem\",\"position\":1,\"name\":\"S\u0101kums\",\"item\":\"https:\\\/\\\/rigazoo.lv\\\/en\\\/\"},{\"@type\":\"ListItem\",\"position\":2,\"name\":\"Admission\"}]},{\"@type\":\"WebSite\",\"@id\":\"https:\\\/\\\/rigazoo.lv\\\/en\\\/#website\",\"url\":\"https:\\\/\\\/rigazoo.lv\\\/en\\\/\",\"name\":\"Zoo\",\"description\":\"\",\"potentialAction\":[{\"@type\":\"SearchAction\",\"target\":{\"@type\":\"EntryPoint\",\"urlTemplate\":\"https:\\\/\\\/rigazoo.lv\\\/en\\\/?s={search_term_string}\"},\"query-input\":{\"@type\":\"PropertyValueSpecification\",\"valueRequired\":true,\"valueName\":\"search_term_string\"}}],\"inLanguage\":\"en-US\"}]}<\/script>\n<!-- \/ Yoast SEO plugin. -->","yoast_head_json":{"title":"Admission - Zoo","robots":{"index":"index","follow":"follow","max-snippet":"max-snippet:-1","max-image-preview":"max-image-preview:large","max-video-preview":"max-video-preview:-1"},"canonical":"https:\/\/rigazoo.lv\/en\/admission\/","og_locale":"en_US","og_type":"article","og_title":"Admission - Zoo","og_description":"Winter season (13.10.2025.\u201330.04.2026.) STANDART PRICE Workdays Weekends Adult 12 EUR 14 EUR Child (4-17 y.o.) 5 EUR 6 EUR Student 8 EUR 9 EUR Senior (with a pensioner\u2019s card) 8 EUR 9 EUR FAMILY \ufeff 2 adults + up to 3 childrenAdditional ticket for 1 child 25 EUR3 EUR 30 EUR3 EUR Family with Family [&hellip;]","og_url":"https:\/\/rigazoo.lv\/en\/admission\/","og_site_name":"Zoo","article_modified_time":"2026-03-17T16:56:18+00:00","twitter_card":"summary_large_image","twitter_misc":{"Est. reading time":"2 minutes"},"schema":{"@context":"https:\/\/schema.org","@graph":[{"@type":"WebPage","@id":"https:\/\/rigazoo.lv\/en\/admission\/","url":"https:\/\/rigazoo.lv\/en\/admission\/","name":"Admission - Zoo","isPartOf":{"@id":"https:\/\/rigazoo.lv\/en\/#website"},"datePublished":"2023-05-12T11:06:55+00:00","dateModified":"2026-03-17T16:56:18+00:00","breadcrumb":{"@id":"https:\/\/rigazoo.lv\/en\/admission\/#breadcrumb"},"inLanguage":"en-US","potentialAction":[{"@type":"ReadAction","target":["https:\/\/rigazoo.lv\/en\/admission\/"]}]},{"@type":"BreadcrumbList","@id":"https:\/\/rigazoo.lv\/en\/admission\/#breadcrumb","itemListElement":[{"@type":"ListItem","position":1,"name":"S\u0101kums","item":"https:\/\/rigazoo.lv\/en\/"},{"@type":"ListItem","position":2,"name":"Admission"}]},{"@type":"WebSite","@id":"https:\/\/rigazoo.lv\/en\/#website","url":"https:\/\/rigazoo.lv\/en\/","name":"Zoo","description":"","potentialAction":[{"@type":"SearchAction","target":{"@type":"EntryPoint","urlTemplate":"https:\/\/rigazoo.lv\/en\/?s={search_term_string}"},"query-input":{"@type":"PropertyValueSpecification","valueRequired":true,"valueName":"search_term_string"}}],"inLanguage":"en-US"}]}},"jetpack_sharing_enabled":true,"_links":{"self":[{"href":"https:\/\/rigazoo.lv\/en\/wp-json\/wp\/v2\/pages\/7483","targetHints":{"allow":["GET"]}}],"collection":[{"href":"https:\/\/rigazoo.lv\/en\/wp-json\/wp\/v2\/pages"}],"about":[{"href":"https:\/\/rigazoo.lv\/en\/wp-json\/wp\/v2\/types\/page"}],"author":[{"embeddable":true,"href":"https:\/\/rigazoo.lv\/en\/wp-json\/wp\/v2\/users\/1"}],"replies":[{"embeddable":true,"href":"https:\/\/rigazoo.lv\/en\/wp-json\/wp\/v2\/comments?post=7483"}],"version-history":[{"count":34,"href":"https:\/\/rigazoo.lv\/en\/wp-json\/wp\/v2\/pages\/7483\/revisions"}],"predecessor-version":[{"id":17051,"href":"https:\/\/rigazoo.lv\/en\/wp-json\/wp\/v2\/pages\/7483\/revisions\/17051"}],"wp:attachment":[{"href":"https:\/\/rigazoo.lv\/en\/wp-json\/wp\/v2\/media?parent=7483"}],"curies":[{"name":"wp","href":"https:\/\/api.w.org\/{rel}","templated":true}]}}