{"id":7462,"date":"2023-03-06T08:20:16","date_gmt":"2023-03-06T06:20:16","guid":{"rendered":"https:\/\/rigazoo.lv\/sakums\/"},"modified":"2026-03-31T19:14:12","modified_gmt":"2026-03-31T17:14:12","slug":"home","status":"publish","type":"page","link":"https:\/\/rigazoo.lv\/en\/","title":{"rendered":"Home"},"content":{"rendered":"\n\n    <div class=\"zoo-banner-slider\" style=\"height: 500px; overflow: hidden; opacity: 0;\">\n        <div class=\"inner\">\n\n            <div class=\"slider\">\n\n                \n                    <div class=\"slider-item\">\n                        <div class=\"item\">\n                                                        <div class=\"born-container is-default\">\n                                <div class=\"inner\">\n                                    <div class=\"title\">\n                                        <div class=\"heading\">\n                                                                                    <\/div>\n\n                                                                            <\/div>\n                                <\/div>\n                            <\/div>\n                                                            <div class=\"image is-desktop\" style=\"background-image: url('https:\/\/rigazoo.lv\/wp-content\/uploads\/2025\/04\/Afrikas-lauva-baneris-desktop-1920x801.jpg');\"><\/div>\n                                                                <div class=\"image is-mobile\" style=\"background-image: url('https:\/\/rigazoo.lv\/wp-content\/uploads\/2025\/04\/Afrikas-lauva-baneris-mob-600x756.jpg');\"><\/div>\n                                                        <\/div>\n                    <\/div>\n\n                    \n                    <div class=\"slider-item\">\n                        <div class=\"item\">\n                                                        <div class=\"born-container is-default\">\n                                <div class=\"inner\">\n                                    <div class=\"title\">\n                                        <div class=\"heading\">\n                                                                                    <\/div>\n\n                                                                            <\/div>\n                                <\/div>\n                            <\/div>\n                                                            <div class=\"image is-desktop\" style=\"background-image: url('https:\/\/rigazoo.lv\/wp-content\/uploads\/2025\/04\/Indijas-dzeloncuka-baneris-desktop-1920x800.jpg');\"><\/div>\n                                                                <div class=\"image is-mobile\" style=\"background-image: url('https:\/\/rigazoo.lv\/wp-content\/uploads\/2025\/04\/Surikats-baneris-mob-600x756.jpg');\"><\/div>\n                                                        <\/div>\n                    <\/div>\n\n                    \n                    <div class=\"slider-item\">\n                        <div class=\"item\">\n                                                        <div class=\"born-container is-default\">\n                                <div class=\"inner\">\n                                    <div class=\"title\">\n                                        <div class=\"heading\">\n                                                                                    <\/div>\n\n                                                                            <\/div>\n                                <\/div>\n                            <\/div>\n                                                            <div class=\"image is-desktop\" style=\"background-image: url('https:\/\/rigazoo.lv\/wp-content\/uploads\/2025\/04\/Geldi-kalimiko-baneris-desktop-1920x801.jpg');\"><\/div>\n                                                                <div class=\"image is-mobile\" style=\"background-image: url('https:\/\/rigazoo.lv\/wp-content\/uploads\/2025\/04\/Huzarpertikis-baneris-mob-600x755.jpg');\"><\/div>\n                                                        <\/div>\n                    <\/div>\n\n                    \n            <\/div>\n\n        <\/div>\n    <\/div>\n\n    \n\n\n<div class=\"zoo-about-grid\">\n    <div class=\"born-container is-default\">\n        <div class=\"inner\">\n\n            <div class=\"items-grid\">\n\n                <div class=\"item\">\n                    <div class=\"heading\">\n                        <h2>Opening times on April 1st<\/h2>\n                    <\/div>\n                                            <div class=\"hours\">\n                            <table>\n                                                                    <tr>\n                                        <td>10:00<\/td>\n                                        <td>&#8211;<\/td>\n                                        <td>20:00<\/td>\n                                        <td>Entrance and ticket office<\/td>\n                                    <\/tr>\n                                                                        <tr>\n                                        <td>10:00<\/td>\n                                        <td>&#8211;<\/td>\n                                        <td>21:00<\/td>\n                                        <td>Zoo opening hours<\/td>\n                                    <\/tr>\n                                                                        <tr>\n                                        <td>10:00<\/td>\n                                        <td>&#8211;<\/td>\n                                        <td>20:30<\/td>\n                                        <td>Indoors Exhibits<\/td>\n                                    <\/tr>\n                                                                        <tr>\n                                        <td>11:00<\/td>\n                                        <td>&#8211;<\/td>\n                                        <td>20:30<\/td>\n                                        <td>Tropical house<\/td>\n                                    <\/tr>\n                                                                <\/table>\n                        <\/div>\n                                        <\/div>\n\n                <div class=\"item\">\n                    <div class=\"heading\">\n                        <h2>Zoo map<\/h2>\n                    <\/div>\n                                        <a href=\"https:\/\/rigazoo.lv\/en\/zoo-map\/\" class=\"map\" title=\"Zoo map\">\n                        <!-- <img loading=\"lazy\" decoding=\"async\" src=\"assets\/img\/icon-map-1.svg\" width=\"260\" height=\"99\" alt=\"R\u012bgas Nacion\u0101l\u0101 zoolo\u0123isk\u0101 d\u0101rza karte\"> -->\n                        <svg id=\"Layer_2\" data-name=\"Layer 2\" xmlns=\"http:\/\/www.w3.org\/2000\/svg\" width=\"260\" height=\"99\" viewBox=\"0 0 357.5 136.57\">\n                            <defs>\n                                <style>\n                                    .cls-1-map {\n                                        stroke-dasharray: 0 0 11 11;\n                                    }\n                                    .cls-1-map,\n                                    .cls-2-map {\n                                        fill: none;\n                                        stroke: #000;\n                                        stroke-linecap: round;\n                                        stroke-linejoin: round;\n                                        stroke-width: 2px;\n                                    }\n                                <\/style>\n                            <\/defs>\n                            <g id=\"Layer_1-2\" data-name=\"Layer 1\">\n                                <g>\n                                    <path class=\"cls-2-map\" d=\"m300.89,60.23c-.64.79-1.84.79-2.48,0-5.62-6.91-19.95-25.7-19.95-38.04s9.49-21.2,21.2-21.2,21.2,9.49,21.2,21.2c0,12.34-14.33,31.13-19.95,38.04Z\"><\/path>\n                                    <circle class=\"cls-2-map\" cx=\"299.65\" cy=\"22.85\" r=\"12.74\"><\/circle>\n                                <\/g>\n                                <g>\n                                    <path class=\"cls-2-map\" d=\"m47.16,121.26c-.58.75-1.72.75-2.3,0-7.89-10.19-30.8-45.37-30.8-64.52,0-17.65,14.31-31.95,31.95-31.95s31.95,14.31,31.95,31.95c0,19.15-22.91,54.33-30.8,64.52Z\"><\/path>\n                                    <circle class=\"cls-2-map\" cx=\"46.01\" cy=\"57.73\" r=\"19.21\"><\/circle>\n                                <\/g>\n                                <path class=\"cls-1-map\" d=\"m356.5,75.83h-191.86c-8.25,0-14.94,6.69-14.94,14.94h0c0,8.25,6.69,14.94,14.94,14.94h3.94s1.41,0,1.41,0c8.25,0,14.94,6.69,14.94,14.94h0c0,8.25-6.69,14.94-14.94,14.94H1\"><\/path>\n                            <\/g>\n                        <\/svg>\n                    <\/a>\n                <\/div>\n\n                \n                <div class=\"item\">\n                    <div class=\"heading\">\n                        <h2>How to get here?<\/h2>\n                    <\/div>\n\n                                            <div class=\"directions\">\n                                                            <a href=\"https:\/\/rigazoo.lv\/en\/getting-here\/\" >\n                                    <img loading=\"lazy\" decoding=\"async\" class=\"svg-convert\" src=\"https:\/\/rigazoo.lv\/wp-content\/uploads\/2023\/11\/icon-by-car-1.svg\" width=\"55\" height=\"55\" alt=\"\">\n                                <\/a>\n                                                                <a href=\"https:\/\/rigazoo.lv\/en\/getting-here\/\" >\n                                    <img loading=\"lazy\" decoding=\"async\" class=\"svg-convert\" src=\"https:\/\/rigazoo.lv\/wp-content\/uploads\/2023\/11\/icon-by-foot-1.svg\" width=\"55\" height=\"55\" alt=\"\">\n                                <\/a>\n                                                                <a href=\"https:\/\/rigazoo.lv\/en\/getting-here\/\" >\n                                    <img loading=\"lazy\" decoding=\"async\" class=\"svg-convert\" src=\"https:\/\/rigazoo.lv\/wp-content\/uploads\/2023\/11\/icon-by-bike-1.svg\" width=\"55\" height=\"55\" alt=\"\">\n                                <\/a>\n                                                                <a href=\"https:\/\/rigazoo.lv\/en\/getting-here\/\" >\n                                    <img loading=\"lazy\" decoding=\"async\" class=\"svg-convert\" src=\"https:\/\/rigazoo.lv\/wp-content\/uploads\/2023\/11\/icon-by-publictransport-1.svg\" width=\"55\" height=\"55\" alt=\"\">\n                                <\/a>\n                                                        <\/div>\n                                                <div class=\"desc\">\n                            <p>Me\u017ea prospekts 1, LV-1014, R\u012bga, Latvija<\/p>\n                        <\/div>\n                                        <\/div>\n\n            <\/div>\n\n        <\/div>\n    <\/div>\n<\/div>\n\n\n<div class=\"zoo-galleries is-slider\">\n    <div class=\"born-container is-default\">\n        <div class=\"inner\">\n\n            <h2>Galleries<\/h2>\n\n                            <div class=\"slider\" style=\"opacity: 0; height: 0; overflow: hidden;\">\n\n                    \n                        <div class=\"slider-item\">\n                            <div class=\"item\">\n                                <a href=\"https:\/\/rigazoo.lv\/en\/animals\/northern-lynx\/\">\n                                    <span class=\"overlay\">View<\/span>\n\n                                                                            <img decoding=\"async\" src=\"https:\/\/rigazoo.lv\/wp-content\/uploads\/2023\/05\/ziemelu-lusis-9-300x300.jpg\" srcset=\"https:\/\/rigazoo.lv\/wp-content\/uploads\/2023\/05\/ziemelu-lusis-9-300x300.jpg 1x, https:\/\/rigazoo.lv\/wp-content\/uploads\/2023\/05\/ziemelu-lusis-9-600x600.jpg 2x\" alt=\"Northern Lynx\">\n                                                                        <\/a>\n                            <\/div>\n                        <\/div>\n\n                        \n                        <div class=\"slider-item\">\n                            <div class=\"item\">\n                                <a href=\"https:\/\/rigazoo.lv\/en\/animals\/capybara\/\">\n                                    <span class=\"overlay\">View<\/span>\n\n                                                                            <img decoding=\"async\" src=\"https:\/\/rigazoo.lv\/wp-content\/uploads\/2023\/05\/kapibara-300x300.jpeg\" srcset=\"https:\/\/rigazoo.lv\/wp-content\/uploads\/2023\/05\/kapibara-300x300.jpeg 1x, https:\/\/rigazoo.lv\/wp-content\/uploads\/2023\/05\/kapibara-600x600.jpeg 2x\" alt=\"Capybara\">\n                                                                        <\/a>\n                            <\/div>\n                        <\/div>\n\n                        \n                        <div class=\"slider-item\">\n                            <div class=\"item\">\n                                <a href=\"https:\/\/rigazoo.lv\/en\/animals\/mishmi-takin\/\">\n                                    <span class=\"overlay\">View<\/span>\n\n                                                                            <img decoding=\"async\" src=\"https:\/\/rigazoo.lv\/wp-content\/uploads\/2023\/05\/mismi-takins-4-300x300.jpg\" srcset=\"https:\/\/rigazoo.lv\/wp-content\/uploads\/2023\/05\/mismi-takins-4-300x300.jpg 1x, https:\/\/rigazoo.lv\/wp-content\/uploads\/2023\/05\/mismi-takins-4-600x600.jpg 2x\" alt=\"Mishmi Takin\">\n                                                                        <\/a>\n                            <\/div>\n                        <\/div>\n\n                        \n                <\/div>\n                \n        <\/div>\n    <\/div>\n<\/div>","protected":false},"excerpt":{"rendered":"","protected":false},"author":1,"featured_media":0,"parent":0,"menu_order":0,"comment_status":"closed","ping_status":"closed","template":"","meta":{"_acf_changed":false,"_editorskit_title_hidden":false,"_editorskit_reading_time":0,"_editorskit_is_block_options_detached":false,"_editorskit_block_options_position":"{}","inline_featured_image":false,"footnotes":""},"class_list":["post-7462","page","type-page","status-publish","hentry"],"acf":[],"yoast_head":"<!-- This site is optimized with the Yoast SEO plugin v27.4 - https:\/\/yoast.com\/product\/yoast-seo-wordpress\/ -->\n<title>Home - Zoo<\/title>\n<meta name=\"robots\" content=\"index, follow, max-snippet:-1, max-image-preview:large, max-video-preview:-1\" \/>\n<link rel=\"canonical\" href=\"https:\/\/rigazoo.lv\/en\/\" \/>\n<meta property=\"og:locale\" content=\"en_US\" \/>\n<meta property=\"og:type\" content=\"article\" \/>\n<meta property=\"og:title\" content=\"Home - Zoo\" \/>\n<meta property=\"og:url\" content=\"https:\/\/rigazoo.lv\/en\/\" \/>\n<meta property=\"og:site_name\" content=\"Zoo\" \/>\n<meta property=\"article:modified_time\" content=\"2026-03-31T17:14:12+00:00\" \/>\n<meta name=\"twitter:card\" content=\"summary_large_image\" \/>\n<script type=\"application\/ld+json\" class=\"yoast-schema-graph\">{\"@context\":\"https:\\\/\\\/schema.org\",\"@graph\":[{\"@type\":\"WebPage\",\"@id\":\"https:\\\/\\\/rigazoo.lv\\\/en\\\/\",\"url\":\"https:\\\/\\\/rigazoo.lv\\\/en\\\/\",\"name\":\"Home - Zoo\",\"isPartOf\":{\"@id\":\"https:\\\/\\\/rigazoo.lv\\\/en\\\/#website\"},\"datePublished\":\"2023-03-06T06:20:16+00:00\",\"dateModified\":\"2026-03-31T17:14:12+00:00\",\"breadcrumb\":{\"@id\":\"https:\\\/\\\/rigazoo.lv\\\/en\\\/#breadcrumb\"},\"inLanguage\":\"en-US\",\"potentialAction\":[{\"@type\":\"ReadAction\",\"target\":[\"https:\\\/\\\/rigazoo.lv\\\/en\\\/\"]}]},{\"@type\":\"BreadcrumbList\",\"@id\":\"https:\\\/\\\/rigazoo.lv\\\/en\\\/#breadcrumb\",\"itemListElement\":[{\"@type\":\"ListItem\",\"position\":1,\"name\":\"S\u0101kums\",\"item\":\"https:\\\/\\\/rigazoo.lv\\\/en\\\/\"},{\"@type\":\"ListItem\",\"position\":2,\"name\":\"Home\"}]},{\"@type\":\"WebSite\",\"@id\":\"https:\\\/\\\/rigazoo.lv\\\/en\\\/#website\",\"url\":\"https:\\\/\\\/rigazoo.lv\\\/en\\\/\",\"name\":\"Zoo\",\"description\":\"\",\"potentialAction\":[{\"@type\":\"SearchAction\",\"target\":{\"@type\":\"EntryPoint\",\"urlTemplate\":\"https:\\\/\\\/rigazoo.lv\\\/en\\\/?s={search_term_string}\"},\"query-input\":{\"@type\":\"PropertyValueSpecification\",\"valueRequired\":true,\"valueName\":\"search_term_string\"}}],\"inLanguage\":\"en-US\"}]}<\/script>\n<!-- \/ Yoast SEO plugin. -->","yoast_head_json":{"title":"Home - Zoo","robots":{"index":"index","follow":"follow","max-snippet":"max-snippet:-1","max-image-preview":"max-image-preview:large","max-video-preview":"max-video-preview:-1"},"canonical":"https:\/\/rigazoo.lv\/en\/","og_locale":"en_US","og_type":"article","og_title":"Home - Zoo","og_url":"https:\/\/rigazoo.lv\/en\/","og_site_name":"Zoo","article_modified_time":"2026-03-31T17:14:12+00:00","twitter_card":"summary_large_image","schema":{"@context":"https:\/\/schema.org","@graph":[{"@type":"WebPage","@id":"https:\/\/rigazoo.lv\/en\/","url":"https:\/\/rigazoo.lv\/en\/","name":"Home - Zoo","isPartOf":{"@id":"https:\/\/rigazoo.lv\/en\/#website"},"datePublished":"2023-03-06T06:20:16+00:00","dateModified":"2026-03-31T17:14:12+00:00","breadcrumb":{"@id":"https:\/\/rigazoo.lv\/en\/#breadcrumb"},"inLanguage":"en-US","potentialAction":[{"@type":"ReadAction","target":["https:\/\/rigazoo.lv\/en\/"]}]},{"@type":"BreadcrumbList","@id":"https:\/\/rigazoo.lv\/en\/#breadcrumb","itemListElement":[{"@type":"ListItem","position":1,"name":"S\u0101kums","item":"https:\/\/rigazoo.lv\/en\/"},{"@type":"ListItem","position":2,"name":"Home"}]},{"@type":"WebSite","@id":"https:\/\/rigazoo.lv\/en\/#website","url":"https:\/\/rigazoo.lv\/en\/","name":"Zoo","description":"","potentialAction":[{"@type":"SearchAction","target":{"@type":"EntryPoint","urlTemplate":"https:\/\/rigazoo.lv\/en\/?s={search_term_string}"},"query-input":{"@type":"PropertyValueSpecification","valueRequired":true,"valueName":"search_term_string"}}],"inLanguage":"en-US"}]}},"jetpack_sharing_enabled":true,"_links":{"self":[{"href":"https:\/\/rigazoo.lv\/en\/wp-json\/wp\/v2\/pages\/7462","targetHints":{"allow":["GET"]}}],"collection":[{"href":"https:\/\/rigazoo.lv\/en\/wp-json\/wp\/v2\/pages"}],"about":[{"href":"https:\/\/rigazoo.lv\/en\/wp-json\/wp\/v2\/types\/page"}],"author":[{"embeddable":true,"href":"https:\/\/rigazoo.lv\/en\/wp-json\/wp\/v2\/users\/1"}],"replies":[{"embeddable":true,"href":"https:\/\/rigazoo.lv\/en\/wp-json\/wp\/v2\/comments?post=7462"}],"version-history":[{"count":74,"href":"https:\/\/rigazoo.lv\/en\/wp-json\/wp\/v2\/pages\/7462\/revisions"}],"predecessor-version":[{"id":17156,"href":"https:\/\/rigazoo.lv\/en\/wp-json\/wp\/v2\/pages\/7462\/revisions\/17156"}],"wp:attachment":[{"href":"https:\/\/rigazoo.lv\/en\/wp-json\/wp\/v2\/media?parent=7462"}],"curies":[{"name":"wp","href":"https:\/\/api.w.org\/{rel}","templated":true}]}}