{"id":15774,"date":"2025-07-24T09:56:00","date_gmt":"2025-07-24T07:56:00","guid":{"rendered":"https:\/\/rigazoo.lv\/?page_id=15774"},"modified":"2026-04-07T12:28:31","modified_gmt":"2026-04-07T10:28:31","slug":"sloth-webcam","status":"publish","type":"page","link":"https:\/\/rigazoo.lv\/en\/sloth-webcam\/","title":{"rendered":"Sloth webcam"},"content":{"rendered":"\n<p><strong>Observe Linne&#8217;s two-toed sloths, Goeldi&#8217;s monkeys and Southern three-banded armadillos living in the Environmental education centre &#8220;Zinarium&#8221;. As sloths can often be inactive during the time visitors are in the zoo, use this opportunity to see them any time of the day and try to notice movement in the mornings and evenings or even at night!<\/strong><br><br>Webcams provided by &#8220;Sherlog Latvia&#8221;\u2014godparents of sloth Lucas.<\/p>\n\n\n\n<figure class=\"wp-block-embed is-type-video is-provider-youtube wp-block-embed-youtube wp-embed-aspect-4-3 wp-has-aspect-ratio\"><div class=\"wp-block-embed__wrapper\">\n<iframe loading=\"lazy\" title=\"R\u012bga ZOO sli\u0146\u0137i\" width=\"500\" height=\"375\" src=\"https:\/\/www.youtube.com\/embed\/8DutUbIzlPs?feature=oembed\" frameborder=\"0\" allow=\"accelerometer; autoplay; clipboard-write; encrypted-media; gyroscope; picture-in-picture; web-share\" referrerpolicy=\"strict-origin-when-cross-origin\" allowfullscreen><\/iframe>\n<\/div><\/figure>\n\n\n\n<p><em>If the live video is not available in this page, you can also check the Live tab in R\u012bga ZOO&#8217;s Youtube profile.<\/em><\/p>\n\n\n\n\n<div class=\"born-container is-default\">\n    <div class=\"inner\">\n        <a href=\"https:\/\/www.youtube.com\/@RigaZOO\/streams\" target=\"_blank\" class=\"zoo-button-2\">\n            R\u012bga ZOO&#8217;s Youtube        <\/a>\n    <\/div>\n<\/div>\n\n\n<p><\/p>\n","protected":false},"excerpt":{"rendered":"<p>Observe Linne&#8217;s two-toed sloths, Goeldi&#8217;s monkeys and Southern three-banded armadillos living in the Environmental education centre &#8220;Zinarium&#8221;. As sloths can often be inactive during the time visitors are in the zoo, use this opportunity to see them any time of the day and try to notice movement in the mornings and evenings or even at [&hellip;]<\/p>\n","protected":false},"author":6,"featured_media":0,"parent":0,"menu_order":0,"comment_status":"closed","ping_status":"closed","template":"","meta":{"_acf_changed":false,"_editorskit_title_hidden":false,"_editorskit_reading_time":0,"_editorskit_is_block_options_detached":false,"_editorskit_block_options_position":"{}","inline_featured_image":false,"footnotes":""},"class_list":["post-15774","page","type-page","status-publish","hentry"],"acf":[],"yoast_head":"<!-- This site is optimized with the Yoast SEO plugin v27.5 - https:\/\/yoast.com\/product\/yoast-seo-wordpress\/ -->\n<title>Sloth webcam - Zoo<\/title>\n<meta name=\"robots\" content=\"index, follow, max-snippet:-1, max-image-preview:large, max-video-preview:-1\" \/>\n<link rel=\"canonical\" href=\"https:\/\/rigazoo.lv\/en\/sloth-webcam\/\" \/>\n<meta property=\"og:locale\" content=\"en_US\" \/>\n<meta property=\"og:type\" content=\"article\" \/>\n<meta property=\"og:title\" content=\"Sloth webcam - Zoo\" \/>\n<meta property=\"og:description\" content=\"Observe Linne&#8217;s two-toed sloths, Goeldi&#8217;s monkeys and Southern three-banded armadillos living in the Environmental education centre &#8220;Zinarium&#8221;. As sloths can often be inactive during the time visitors are in the zoo, use this opportunity to see them any time of the day and try to notice movement in the mornings and evenings or even at [&hellip;]\" \/>\n<meta property=\"og:url\" content=\"https:\/\/rigazoo.lv\/en\/sloth-webcam\/\" \/>\n<meta property=\"og:site_name\" content=\"Zoo\" \/>\n<meta property=\"article:modified_time\" content=\"2026-04-07T10:28:31+00:00\" \/>\n<meta name=\"twitter:card\" content=\"summary_large_image\" \/>\n<meta name=\"twitter:label1\" content=\"Est. reading time\" \/>\n\t<meta name=\"twitter:data1\" content=\"1 minute\" \/>\n<script type=\"application\/ld+json\" class=\"yoast-schema-graph\">{\"@context\":\"https:\\\/\\\/schema.org\",\"@graph\":[{\"@type\":\"WebPage\",\"@id\":\"https:\\\/\\\/rigazoo.lv\\\/en\\\/sloth-webcam\\\/\",\"url\":\"https:\\\/\\\/rigazoo.lv\\\/en\\\/sloth-webcam\\\/\",\"name\":\"Sloth webcam - Zoo\",\"isPartOf\":{\"@id\":\"https:\\\/\\\/rigazoo.lv\\\/en\\\/#website\"},\"datePublished\":\"2025-07-24T07:56:00+00:00\",\"dateModified\":\"2026-04-07T10:28:31+00:00\",\"breadcrumb\":{\"@id\":\"https:\\\/\\\/rigazoo.lv\\\/en\\\/sloth-webcam\\\/#breadcrumb\"},\"inLanguage\":\"en-US\",\"potentialAction\":[{\"@type\":\"ReadAction\",\"target\":[\"https:\\\/\\\/rigazoo.lv\\\/en\\\/sloth-webcam\\\/\"]}]},{\"@type\":\"BreadcrumbList\",\"@id\":\"https:\\\/\\\/rigazoo.lv\\\/en\\\/sloth-webcam\\\/#breadcrumb\",\"itemListElement\":[{\"@type\":\"ListItem\",\"position\":1,\"name\":\"S\u0101kums\",\"item\":\"https:\\\/\\\/rigazoo.lv\\\/en\\\/\"},{\"@type\":\"ListItem\",\"position\":2,\"name\":\"Sloth webcam\"}]},{\"@type\":\"WebSite\",\"@id\":\"https:\\\/\\\/rigazoo.lv\\\/en\\\/#website\",\"url\":\"https:\\\/\\\/rigazoo.lv\\\/en\\\/\",\"name\":\"Zoo\",\"description\":\"\",\"potentialAction\":[{\"@type\":\"SearchAction\",\"target\":{\"@type\":\"EntryPoint\",\"urlTemplate\":\"https:\\\/\\\/rigazoo.lv\\\/en\\\/?s={search_term_string}\"},\"query-input\":{\"@type\":\"PropertyValueSpecification\",\"valueRequired\":true,\"valueName\":\"search_term_string\"}}],\"inLanguage\":\"en-US\"}]}<\/script>\n<!-- \/ Yoast SEO plugin. -->","yoast_head_json":{"title":"Sloth webcam - Zoo","robots":{"index":"index","follow":"follow","max-snippet":"max-snippet:-1","max-image-preview":"max-image-preview:large","max-video-preview":"max-video-preview:-1"},"canonical":"https:\/\/rigazoo.lv\/en\/sloth-webcam\/","og_locale":"en_US","og_type":"article","og_title":"Sloth webcam - Zoo","og_description":"Observe Linne&#8217;s two-toed sloths, Goeldi&#8217;s monkeys and Southern three-banded armadillos living in the Environmental education centre &#8220;Zinarium&#8221;. As sloths can often be inactive during the time visitors are in the zoo, use this opportunity to see them any time of the day and try to notice movement in the mornings and evenings or even at [&hellip;]","og_url":"https:\/\/rigazoo.lv\/en\/sloth-webcam\/","og_site_name":"Zoo","article_modified_time":"2026-04-07T10:28:31+00:00","twitter_card":"summary_large_image","twitter_misc":{"Est. reading time":"1 minute"},"schema":{"@context":"https:\/\/schema.org","@graph":[{"@type":"WebPage","@id":"https:\/\/rigazoo.lv\/en\/sloth-webcam\/","url":"https:\/\/rigazoo.lv\/en\/sloth-webcam\/","name":"Sloth webcam - Zoo","isPartOf":{"@id":"https:\/\/rigazoo.lv\/en\/#website"},"datePublished":"2025-07-24T07:56:00+00:00","dateModified":"2026-04-07T10:28:31+00:00","breadcrumb":{"@id":"https:\/\/rigazoo.lv\/en\/sloth-webcam\/#breadcrumb"},"inLanguage":"en-US","potentialAction":[{"@type":"ReadAction","target":["https:\/\/rigazoo.lv\/en\/sloth-webcam\/"]}]},{"@type":"BreadcrumbList","@id":"https:\/\/rigazoo.lv\/en\/sloth-webcam\/#breadcrumb","itemListElement":[{"@type":"ListItem","position":1,"name":"S\u0101kums","item":"https:\/\/rigazoo.lv\/en\/"},{"@type":"ListItem","position":2,"name":"Sloth webcam"}]},{"@type":"WebSite","@id":"https:\/\/rigazoo.lv\/en\/#website","url":"https:\/\/rigazoo.lv\/en\/","name":"Zoo","description":"","potentialAction":[{"@type":"SearchAction","target":{"@type":"EntryPoint","urlTemplate":"https:\/\/rigazoo.lv\/en\/?s={search_term_string}"},"query-input":{"@type":"PropertyValueSpecification","valueRequired":true,"valueName":"search_term_string"}}],"inLanguage":"en-US"}]}},"jetpack_sharing_enabled":true,"_links":{"self":[{"href":"https:\/\/rigazoo.lv\/en\/wp-json\/wp\/v2\/pages\/15774","targetHints":{"allow":["GET"]}}],"collection":[{"href":"https:\/\/rigazoo.lv\/en\/wp-json\/wp\/v2\/pages"}],"about":[{"href":"https:\/\/rigazoo.lv\/en\/wp-json\/wp\/v2\/types\/page"}],"author":[{"embeddable":true,"href":"https:\/\/rigazoo.lv\/en\/wp-json\/wp\/v2\/users\/6"}],"replies":[{"embeddable":true,"href":"https:\/\/rigazoo.lv\/en\/wp-json\/wp\/v2\/comments?post=15774"}],"version-history":[{"count":31,"href":"https:\/\/rigazoo.lv\/en\/wp-json\/wp\/v2\/pages\/15774\/revisions"}],"predecessor-version":[{"id":17174,"href":"https:\/\/rigazoo.lv\/en\/wp-json\/wp\/v2\/pages\/15774\/revisions\/17174"}],"wp:attachment":[{"href":"https:\/\/rigazoo.lv\/en\/wp-json\/wp\/v2\/media?parent=15774"}],"curies":[{"name":"wp","href":"https:\/\/api.w.org\/{rel}","templated":true}]}}