{"id":13257,"date":"2024-04-11T09:33:55","date_gmt":"2024-04-11T07:33:55","guid":{"rendered":"https:\/\/rigazoo.lv\/?page_id=13257"},"modified":"2024-04-11T09:38:07","modified_gmt":"2024-04-11T07:38:07","slug":"grupas-bilete-ziemas-sezona","status":"publish","type":"page","link":"https:\/\/rigazoo.lv\/en\/grupas-bilete-ziemas-sezona\/","title":{"rendered":"Group tickets (10+ pers.) &#8211; winter season"},"content":{"rendered":"\n<script src=\"https:\/\/store.bilesuserviss.lv\/public\/widgetApi\/v2\/sdk.min.js?id=20942\"><\/script><div  data-widget-id=20942 data-widgetautoload=true data-lang=\"eng\"><\/div>\n","protected":false},"excerpt":{"rendered":"","protected":false},"author":7,"featured_media":0,"parent":0,"menu_order":0,"comment_status":"closed","ping_status":"closed","template":"","meta":{"_acf_changed":false,"_editorskit_title_hidden":false,"_editorskit_reading_time":0,"_editorskit_is_block_options_detached":false,"_editorskit_block_options_position":"{}","inline_featured_image":false,"footnotes":""},"class_list":["post-13257","page","type-page","status-publish","hentry"],"acf":[],"yoast_head":"<!-- This site is optimized with the Yoast SEO plugin v27.4 - https:\/\/yoast.com\/product\/yoast-seo-wordpress\/ -->\n<title>Group tickets (10+ pers.) - winter season - Zoo<\/title>\n<meta name=\"description\" content=\"R\u012bga Zoolo\u0123isk\u0101 dr\u0101za ieejas bi\u013cetes tie\u0161saist\u0113\" \/>\n<meta name=\"robots\" content=\"index, follow, max-snippet:-1, max-image-preview:large, max-video-preview:-1\" \/>\n<link rel=\"canonical\" href=\"https:\/\/rigazoo.lv\/en\/grupas-bilete-ziemas-sezona\/\" \/>\n<meta property=\"og:locale\" content=\"en_US\" \/>\n<meta property=\"og:type\" content=\"article\" \/>\n<meta property=\"og:title\" content=\"Group tickets (10+ pers.) - winter season - Zoo\" \/>\n<meta property=\"og:description\" content=\"R\u012bga Zoolo\u0123isk\u0101 dr\u0101za ieejas bi\u013cetes tie\u0161saist\u0113\" \/>\n<meta property=\"og:url\" content=\"https:\/\/rigazoo.lv\/en\/grupas-bilete-ziemas-sezona\/\" \/>\n<meta property=\"og:site_name\" content=\"Zoo\" \/>\n<meta property=\"article:modified_time\" content=\"2024-04-11T07:38:07+00:00\" \/>\n<meta name=\"twitter:card\" content=\"summary_large_image\" \/>\n<script type=\"application\/ld+json\" class=\"yoast-schema-graph\">{\"@context\":\"https:\\\/\\\/schema.org\",\"@graph\":[{\"@type\":\"WebPage\",\"@id\":\"https:\\\/\\\/rigazoo.lv\\\/en\\\/grupas-bilete-ziemas-sezona\\\/\",\"url\":\"https:\\\/\\\/rigazoo.lv\\\/en\\\/grupas-bilete-ziemas-sezona\\\/\",\"name\":\"Group tickets (10+ pers.) - winter season - Zoo\",\"isPartOf\":{\"@id\":\"https:\\\/\\\/rigazoo.lv\\\/en\\\/#website\"},\"datePublished\":\"2024-04-11T07:33:55+00:00\",\"dateModified\":\"2024-04-11T07:38:07+00:00\",\"description\":\"R\u012bga Zoolo\u0123isk\u0101 dr\u0101za ieejas bi\u013cetes tie\u0161saist\u0113\",\"breadcrumb\":{\"@id\":\"https:\\\/\\\/rigazoo.lv\\\/en\\\/grupas-bilete-ziemas-sezona\\\/#breadcrumb\"},\"inLanguage\":\"en-US\",\"potentialAction\":[{\"@type\":\"ReadAction\",\"target\":[\"https:\\\/\\\/rigazoo.lv\\\/en\\\/grupas-bilete-ziemas-sezona\\\/\"]}]},{\"@type\":\"BreadcrumbList\",\"@id\":\"https:\\\/\\\/rigazoo.lv\\\/en\\\/grupas-bilete-ziemas-sezona\\\/#breadcrumb\",\"itemListElement\":[{\"@type\":\"ListItem\",\"position\":1,\"name\":\"S\u0101kums\",\"item\":\"https:\\\/\\\/rigazoo.lv\\\/en\\\/\"},{\"@type\":\"ListItem\",\"position\":2,\"name\":\"Group tickets (10+ pers.) &#8211; winter season\"}]},{\"@type\":\"WebSite\",\"@id\":\"https:\\\/\\\/rigazoo.lv\\\/en\\\/#website\",\"url\":\"https:\\\/\\\/rigazoo.lv\\\/en\\\/\",\"name\":\"Zoo\",\"description\":\"\",\"potentialAction\":[{\"@type\":\"SearchAction\",\"target\":{\"@type\":\"EntryPoint\",\"urlTemplate\":\"https:\\\/\\\/rigazoo.lv\\\/en\\\/?s={search_term_string}\"},\"query-input\":{\"@type\":\"PropertyValueSpecification\",\"valueRequired\":true,\"valueName\":\"search_term_string\"}}],\"inLanguage\":\"en-US\"}]}<\/script>\n<!-- \/ Yoast SEO plugin. -->","yoast_head_json":{"title":"Group tickets (10+ pers.) - winter season - Zoo","description":"R\u012bga Zoolo\u0123isk\u0101 dr\u0101za ieejas bi\u013cetes tie\u0161saist\u0113","robots":{"index":"index","follow":"follow","max-snippet":"max-snippet:-1","max-image-preview":"max-image-preview:large","max-video-preview":"max-video-preview:-1"},"canonical":"https:\/\/rigazoo.lv\/en\/grupas-bilete-ziemas-sezona\/","og_locale":"en_US","og_type":"article","og_title":"Group tickets (10+ pers.) - winter season - Zoo","og_description":"R\u012bga Zoolo\u0123isk\u0101 dr\u0101za ieejas bi\u013cetes tie\u0161saist\u0113","og_url":"https:\/\/rigazoo.lv\/en\/grupas-bilete-ziemas-sezona\/","og_site_name":"Zoo","article_modified_time":"2024-04-11T07:38:07+00:00","twitter_card":"summary_large_image","schema":{"@context":"https:\/\/schema.org","@graph":[{"@type":"WebPage","@id":"https:\/\/rigazoo.lv\/en\/grupas-bilete-ziemas-sezona\/","url":"https:\/\/rigazoo.lv\/en\/grupas-bilete-ziemas-sezona\/","name":"Group tickets (10+ pers.) - winter season - Zoo","isPartOf":{"@id":"https:\/\/rigazoo.lv\/en\/#website"},"datePublished":"2024-04-11T07:33:55+00:00","dateModified":"2024-04-11T07:38:07+00:00","description":"R\u012bga Zoolo\u0123isk\u0101 dr\u0101za ieejas bi\u013cetes tie\u0161saist\u0113","breadcrumb":{"@id":"https:\/\/rigazoo.lv\/en\/grupas-bilete-ziemas-sezona\/#breadcrumb"},"inLanguage":"en-US","potentialAction":[{"@type":"ReadAction","target":["https:\/\/rigazoo.lv\/en\/grupas-bilete-ziemas-sezona\/"]}]},{"@type":"BreadcrumbList","@id":"https:\/\/rigazoo.lv\/en\/grupas-bilete-ziemas-sezona\/#breadcrumb","itemListElement":[{"@type":"ListItem","position":1,"name":"S\u0101kums","item":"https:\/\/rigazoo.lv\/en\/"},{"@type":"ListItem","position":2,"name":"Group tickets (10+ pers.) &#8211; winter season"}]},{"@type":"WebSite","@id":"https:\/\/rigazoo.lv\/en\/#website","url":"https:\/\/rigazoo.lv\/en\/","name":"Zoo","description":"","potentialAction":[{"@type":"SearchAction","target":{"@type":"EntryPoint","urlTemplate":"https:\/\/rigazoo.lv\/en\/?s={search_term_string}"},"query-input":{"@type":"PropertyValueSpecification","valueRequired":true,"valueName":"search_term_string"}}],"inLanguage":"en-US"}]}},"jetpack_sharing_enabled":true,"_links":{"self":[{"href":"https:\/\/rigazoo.lv\/en\/wp-json\/wp\/v2\/pages\/13257","targetHints":{"allow":["GET"]}}],"collection":[{"href":"https:\/\/rigazoo.lv\/en\/wp-json\/wp\/v2\/pages"}],"about":[{"href":"https:\/\/rigazoo.lv\/en\/wp-json\/wp\/v2\/types\/page"}],"author":[{"embeddable":true,"href":"https:\/\/rigazoo.lv\/en\/wp-json\/wp\/v2\/users\/7"}],"replies":[{"embeddable":true,"href":"https:\/\/rigazoo.lv\/en\/wp-json\/wp\/v2\/comments?post=13257"}],"version-history":[{"count":3,"href":"https:\/\/rigazoo.lv\/en\/wp-json\/wp\/v2\/pages\/13257\/revisions"}],"predecessor-version":[{"id":13263,"href":"https:\/\/rigazoo.lv\/en\/wp-json\/wp\/v2\/pages\/13257\/revisions\/13263"}],"wp:attachment":[{"href":"https:\/\/rigazoo.lv\/en\/wp-json\/wp\/v2\/media?parent=13257"}],"curies":[{"name":"wp","href":"https:\/\/api.w.org\/{rel}","templated":true}]}}